{"id":1108,"date":"2025-10-01T09:52:29","date_gmt":"2025-10-01T08:52:29","guid":{"rendered":"https:\/\/ancamonica.com\/blog\/"},"modified":"2026-02-08T19:06:37","modified_gmt":"2026-02-08T18:06:37","slug":"blog","status":"publish","type":"page","link":"https:\/\/ancamonica.com\/ro\/blog\/","title":{"rendered":"Blog"},"content":{"rendered":"<p>[et_pb_section fb_built=&#8221;1&#8243; admin_label=&#8221;Header &#038; Blog&#8221; _builder_version=&#8221;4.27.4&#8243; _module_preset=&#8221;default&#8221; background_image=&#8221;https:\/\/ancamonica.com\/wp-content\/uploads\/2025\/09\/armonia-by-Anca-Monica-Family-Constellations-with-objects-Genograms-Bruxelles-Brussels12.png&#8221; background_position=&#8221;top_center&#8221; collapsed=&#8221;on&#8221; global_colors_info=&#8221;{}&#8221;][et_pb_row _builder_version=&#8221;4.25.1&#8243; _module_preset=&#8221;default&#8221; global_colors_info=&#8221;{}&#8221;][et_pb_column type=&#8221;4_4&#8243; _builder_version=&#8221;4.25.1&#8243; _module_preset=&#8221;default&#8221; global_colors_info=&#8221;{}&#8221;][et_pb_heading title=&#8221;Blog&#8221; _builder_version=&#8221;4.27.4&#8243; _module_preset=&#8221;_initial&#8221; title_font=&#8221;\u2013et_global_heading_font||||||||&#8221; title_font_size=&#8221;52px&#8221; title_line_height=&#8221;1.1em&#8221; custom_margin=&#8221;||||false|false&#8221; title_font_size_tablet=&#8221;40px&#8221; title_font_size_phone=&#8221;24px&#8221; title_font_size_last_edited=&#8221;on|desktop&#8221; locked=&#8221;off&#8221; global_colors_info=&#8221;{}&#8221;][\/et_pb_heading][et_pb_blog fullwidth=&#8221;off&#8221; posts_number=&#8221;9&#8243; meta_date=&#8221;j M Y&#8221; show_more=&#8221;on&#8221; show_author=&#8221;off&#8221; show_categories=&#8221;off&#8221; _builder_version=&#8221;4.27.5&#8243; _module_preset=&#8221;_initial&#8221; header_level=&#8221;h6&#8243; header_font=&#8221;\u2013et_global_heading_font|500|||||||&#8221; header_text_color=&#8221;#bc9c53&#8243; header_font_size=&#8221;22px&#8221; header_line_height=&#8221;1.4em&#8221; body_font=&#8221;\u2013et_global_body_font||||||||&#8221; body_font_size=&#8221;16px&#8221; body_line_height=&#8221;1.8em&#8221; meta_font=&#8221;\u2013et_global_body_font|600|||||||&#8221; meta_text_color=&#8221;#4B3241&#8243; meta_font_size=&#8221;16px&#8221; meta_line_height=&#8221;1.8em&#8221; read_more_font=&#8221;\u2013et_global_body_font|700||on|||||&#8221; read_more_text_color=&#8221;#8E3E40&#8243; read_more_letter_spacing=&#8221;0.04em&#8221; pagination_font=&#8221;Inter|700||on|||||&#8221; pagination_text_color=&#8221;#b14d38&#8243; pagination_font_size=&#8221;14px&#8221; pagination_letter_spacing=&#8221;0.04em&#8221; pagination_line_height=&#8221;1.8em&#8221; hover_enabled=&#8221;0&#8243; header_font_size_tablet=&#8221;20px&#8221; header_font_size_phone=&#8221;22px&#8221; header_font_size_last_edited=&#8221;on|phone&#8221; body_font_size_tablet=&#8221;15px&#8221; body_font_size_phone=&#8221;14px&#8221; body_font_size_last_edited=&#8221;off|phone&#8221; custom_css_read_more=&#8221;margin-top: 10px;||display: block;&#8221; border_width_all=&#8221;2px&#8221; border_color_all=&#8221;#EEE3E3&#8243; global_colors_info=&#8221;{}&#8221; sticky_enabled=&#8221;0&#8243; meta_text_color_last_edited=&#8221;on|phone&#8221; meta_font_size_last_edited=&#8221;on|desktop&#8221; meta_font_size_phone=&#8221;15px&#8221; meta_text_color_tablet=&#8221;#4B3241&#8243; meta_text_color_phone=&#8221;#4B3241&#8243; meta_font_size_tablet=&#8221;16px&#8221;][\/et_pb_blog][\/et_pb_column][\/et_pb_row][\/et_pb_section]<\/p>\n<span class=\"et_bloom_bottom_trigger\"><\/span>","protected":false},"excerpt":{"rendered":"","protected":false},"author":1,"featured_media":1109,"parent":0,"menu_order":0,"comment_status":"closed","ping_status":"closed","template":"","meta":{"_et_pb_use_builder":"on","_et_pb_old_content":"","_et_gb_content_width":"","footnotes":""},"class_list":["post-1108","page","type-page","status-publish","has-post-thumbnail","hentry"],"yoast_head":"<!-- This site is optimized with the Yoast SEO plugin v27.4 - https:\/\/yoast.com\/product\/yoast-seo-wordpress\/ -->\n<title>Armonia | Wellness holistic \u0219i terapie de Anca Monica \u00een Bruxelles<\/title>\n<meta name=\"description\" content=\"Bun venit la Armonia, poarta ta c\u0103tre wellness holistic \u00een Bruxelles. Exploreaz\u0103 terapia constela\u021biilor familiale, Theta Healing, astrologia chinez\u0103 Bazi \u0219i vindecare personalizat\u0103 cu Anca Monica. Rezerv\u0103-\u021bi ast\u0103zi sesiunea transformatoare.\" \/>\n<meta name=\"robots\" content=\"index, follow, max-snippet:-1, max-image-preview:large, max-video-preview:-1\" \/>\n<link rel=\"canonical\" href=\"https:\/\/ancamonica.com\/ro\/blog\/\" \/>\n<meta property=\"og:locale\" content=\"ro_RO\" \/>\n<meta property=\"og:type\" content=\"article\" \/>\n<meta property=\"og:title\" content=\"Armonia | Wellness holistic \u0219i terapie de Anca Monica \u00een Bruxelles\" \/>\n<meta property=\"og:description\" content=\"Bun venit la Armonia, poarta ta c\u0103tre wellness holistic \u00een Bruxelles. Exploreaz\u0103 terapia constela\u021biilor familiale, Theta Healing, astrologia chinez\u0103 Bazi \u0219i vindecare personalizat\u0103 cu Anca Monica. Rezerv\u0103-\u021bi ast\u0103zi sesiunea transformatoare.\" \/>\n<meta property=\"og:url\" content=\"https:\/\/ancamonica.com\/ro\/blog\/\" \/>\n<meta property=\"og:site_name\" content=\"Armonia\" \/>\n<meta property=\"article:publisher\" content=\"https:\/\/www.facebook.com\/groups\/armoniabyancamonica\" \/>\n<meta property=\"article:modified_time\" content=\"2026-02-08T18:06:37+00:00\" \/>\n<meta property=\"og:image\" content=\"https:\/\/ancamonica.com\/wp-content\/uploads\/2025\/11\/ARMONIA-by-Anca-MonicaBlog-Insights-on-Holistic-Healing-Family-Constellation-Astrology.png\" \/>\n\t<meta property=\"og:image:width\" content=\"1000\" \/>\n\t<meta property=\"og:image:height\" content=\"1000\" \/>\n\t<meta property=\"og:image:type\" content=\"image\/png\" \/>\n<meta name=\"twitter:card\" content=\"summary_large_image\" \/>\n<meta name=\"twitter:label1\" content=\"Timp estimat pentru citire\" \/>\n\t<meta name=\"twitter:data1\" content=\"2 minute\" \/>\n<script type=\"application\/ld+json\" class=\"yoast-schema-graph\">{\"@context\":\"https:\\\/\\\/schema.org\",\"@graph\":[{\"@type\":\"WebPage\",\"@id\":\"https:\\\/\\\/ancamonica.com\\\/ro\\\/blog\\\/\",\"url\":\"https:\\\/\\\/ancamonica.com\\\/ro\\\/blog\\\/\",\"name\":\"Armonia | Wellness holistic \u0219i terapie de Anca Monica \u00een Bruxelles\",\"isPartOf\":{\"@id\":\"https:\\\/\\\/ancamonica.com\\\/ro\\\/#website\"},\"primaryImageOfPage\":{\"@id\":\"https:\\\/\\\/ancamonica.com\\\/ro\\\/blog\\\/#primaryimage\"},\"image\":{\"@id\":\"https:\\\/\\\/ancamonica.com\\\/ro\\\/blog\\\/#primaryimage\"},\"thumbnailUrl\":\"https:\\\/\\\/ancamonica.com\\\/wp-content\\\/uploads\\\/2025\\\/11\\\/ARMONIA-by-Anca-MonicaBlog-Insights-on-Holistic-Healing-Family-Constellation-Astrology.png\",\"datePublished\":\"2025-10-01T08:52:29+00:00\",\"dateModified\":\"2026-02-08T18:06:37+00:00\",\"description\":\"Bun venit la Armonia, poarta ta c\u0103tre wellness holistic \u00een Bruxelles. Exploreaz\u0103 terapia constela\u021biilor familiale, Theta Healing, astrologia chinez\u0103 Bazi \u0219i vindecare personalizat\u0103 cu Anca Monica. Rezerv\u0103-\u021bi ast\u0103zi sesiunea transformatoare.\",\"breadcrumb\":{\"@id\":\"https:\\\/\\\/ancamonica.com\\\/ro\\\/blog\\\/#breadcrumb\"},\"inLanguage\":\"ro-RO\",\"potentialAction\":[{\"@type\":\"ReadAction\",\"target\":[\"https:\\\/\\\/ancamonica.com\\\/ro\\\/blog\\\/\"]}]},{\"@type\":\"ImageObject\",\"inLanguage\":\"ro-RO\",\"@id\":\"https:\\\/\\\/ancamonica.com\\\/ro\\\/blog\\\/#primaryimage\",\"url\":\"https:\\\/\\\/ancamonica.com\\\/wp-content\\\/uploads\\\/2025\\\/11\\\/ARMONIA-by-Anca-MonicaBlog-Insights-on-Holistic-Healing-Family-Constellation-Astrology.png\",\"contentUrl\":\"https:\\\/\\\/ancamonica.com\\\/wp-content\\\/uploads\\\/2025\\\/11\\\/ARMONIA-by-Anca-MonicaBlog-Insights-on-Holistic-Healing-Family-Constellation-Astrology.png\",\"width\":1000,\"height\":1000},{\"@type\":\"BreadcrumbList\",\"@id\":\"https:\\\/\\\/ancamonica.com\\\/ro\\\/blog\\\/#breadcrumb\",\"itemListElement\":[{\"@type\":\"ListItem\",\"position\":1,\"name\":\"Acas\u0103\",\"item\":\"https:\\\/\\\/ancamonica.com\\\/ro\\\/\"},{\"@type\":\"ListItem\",\"position\":2,\"name\":\"Blog\"}]},{\"@type\":\"WebSite\",\"@id\":\"https:\\\/\\\/ancamonica.com\\\/ro\\\/#website\",\"url\":\"https:\\\/\\\/ancamonica.com\\\/ro\\\/\",\"name\":\"Armonia\",\"description\":\"Healing today, thriving tomorrow\",\"publisher\":{\"@id\":\"https:\\\/\\\/ancamonica.com\\\/ro\\\/#organization\"},\"potentialAction\":[{\"@type\":\"SearchAction\",\"target\":{\"@type\":\"EntryPoint\",\"urlTemplate\":\"https:\\\/\\\/ancamonica.com\\\/ro\\\/?s={search_term_string}\"},\"query-input\":{\"@type\":\"PropertyValueSpecification\",\"valueRequired\":true,\"valueName\":\"search_term_string\"}}],\"inLanguage\":\"ro-RO\"},{\"@type\":\"Organization\",\"@id\":\"https:\\\/\\\/ancamonica.com\\\/ro\\\/#organization\",\"name\":\"armonia\",\"url\":\"https:\\\/\\\/ancamonica.com\\\/ro\\\/\",\"logo\":{\"@type\":\"ImageObject\",\"inLanguage\":\"ro-RO\",\"@id\":\"https:\\\/\\\/ancamonica.com\\\/ro\\\/#\\\/schema\\\/logo\\\/image\\\/\",\"url\":\"https:\\\/\\\/ancamonica.com\\\/wp-content\\\/uploads\\\/2025\\\/10\\\/Armonia-Logo-red-by-Anca-Monica-1.png\",\"contentUrl\":\"https:\\\/\\\/ancamonica.com\\\/wp-content\\\/uploads\\\/2025\\\/10\\\/Armonia-Logo-red-by-Anca-Monica-1.png\",\"width\":280,\"height\":60,\"caption\":\"armonia\"},\"image\":{\"@id\":\"https:\\\/\\\/ancamonica.com\\\/ro\\\/#\\\/schema\\\/logo\\\/image\\\/\"},\"sameAs\":[\"https:\\\/\\\/www.facebook.com\\\/groups\\\/armoniabyancamonica\",\"https:\\\/\\\/www.instagram.com\\\/anca_monica_\\\/\"]}]}<\/script>\n<!-- \/ Yoast SEO plugin. -->","yoast_head_json":{"title":"Armonia | Wellness holistic \u0219i terapie de Anca Monica \u00een Bruxelles","description":"Bun venit la Armonia, poarta ta c\u0103tre wellness holistic \u00een Bruxelles. Exploreaz\u0103 terapia constela\u021biilor familiale, Theta Healing, astrologia chinez\u0103 Bazi \u0219i vindecare personalizat\u0103 cu Anca Monica. Rezerv\u0103-\u021bi ast\u0103zi sesiunea transformatoare.","robots":{"index":"index","follow":"follow","max-snippet":"max-snippet:-1","max-image-preview":"max-image-preview:large","max-video-preview":"max-video-preview:-1"},"canonical":"https:\/\/ancamonica.com\/ro\/blog\/","og_locale":"ro_RO","og_type":"article","og_title":"Armonia | Wellness holistic \u0219i terapie de Anca Monica \u00een Bruxelles","og_description":"Bun venit la Armonia, poarta ta c\u0103tre wellness holistic \u00een Bruxelles. Exploreaz\u0103 terapia constela\u021biilor familiale, Theta Healing, astrologia chinez\u0103 Bazi \u0219i vindecare personalizat\u0103 cu Anca Monica. Rezerv\u0103-\u021bi ast\u0103zi sesiunea transformatoare.","og_url":"https:\/\/ancamonica.com\/ro\/blog\/","og_site_name":"Armonia","article_publisher":"https:\/\/www.facebook.com\/groups\/armoniabyancamonica","article_modified_time":"2026-02-08T18:06:37+00:00","og_image":[{"width":1000,"height":1000,"url":"https:\/\/ancamonica.com\/wp-content\/uploads\/2025\/11\/ARMONIA-by-Anca-MonicaBlog-Insights-on-Holistic-Healing-Family-Constellation-Astrology.png","type":"image\/png"}],"twitter_card":"summary_large_image","twitter_misc":{"Timp estimat pentru citire":"2 minute"},"schema":{"@context":"https:\/\/schema.org","@graph":[{"@type":"WebPage","@id":"https:\/\/ancamonica.com\/ro\/blog\/","url":"https:\/\/ancamonica.com\/ro\/blog\/","name":"Armonia | Wellness holistic \u0219i terapie de Anca Monica \u00een Bruxelles","isPartOf":{"@id":"https:\/\/ancamonica.com\/ro\/#website"},"primaryImageOfPage":{"@id":"https:\/\/ancamonica.com\/ro\/blog\/#primaryimage"},"image":{"@id":"https:\/\/ancamonica.com\/ro\/blog\/#primaryimage"},"thumbnailUrl":"https:\/\/ancamonica.com\/wp-content\/uploads\/2025\/11\/ARMONIA-by-Anca-MonicaBlog-Insights-on-Holistic-Healing-Family-Constellation-Astrology.png","datePublished":"2025-10-01T08:52:29+00:00","dateModified":"2026-02-08T18:06:37+00:00","description":"Bun venit la Armonia, poarta ta c\u0103tre wellness holistic \u00een Bruxelles. Exploreaz\u0103 terapia constela\u021biilor familiale, Theta Healing, astrologia chinez\u0103 Bazi \u0219i vindecare personalizat\u0103 cu Anca Monica. Rezerv\u0103-\u021bi ast\u0103zi sesiunea transformatoare.","breadcrumb":{"@id":"https:\/\/ancamonica.com\/ro\/blog\/#breadcrumb"},"inLanguage":"ro-RO","potentialAction":[{"@type":"ReadAction","target":["https:\/\/ancamonica.com\/ro\/blog\/"]}]},{"@type":"ImageObject","inLanguage":"ro-RO","@id":"https:\/\/ancamonica.com\/ro\/blog\/#primaryimage","url":"https:\/\/ancamonica.com\/wp-content\/uploads\/2025\/11\/ARMONIA-by-Anca-MonicaBlog-Insights-on-Holistic-Healing-Family-Constellation-Astrology.png","contentUrl":"https:\/\/ancamonica.com\/wp-content\/uploads\/2025\/11\/ARMONIA-by-Anca-MonicaBlog-Insights-on-Holistic-Healing-Family-Constellation-Astrology.png","width":1000,"height":1000},{"@type":"BreadcrumbList","@id":"https:\/\/ancamonica.com\/ro\/blog\/#breadcrumb","itemListElement":[{"@type":"ListItem","position":1,"name":"Acas\u0103","item":"https:\/\/ancamonica.com\/ro\/"},{"@type":"ListItem","position":2,"name":"Blog"}]},{"@type":"WebSite","@id":"https:\/\/ancamonica.com\/ro\/#website","url":"https:\/\/ancamonica.com\/ro\/","name":"Armonia","description":"Healing today, thriving tomorrow","publisher":{"@id":"https:\/\/ancamonica.com\/ro\/#organization"},"potentialAction":[{"@type":"SearchAction","target":{"@type":"EntryPoint","urlTemplate":"https:\/\/ancamonica.com\/ro\/?s={search_term_string}"},"query-input":{"@type":"PropertyValueSpecification","valueRequired":true,"valueName":"search_term_string"}}],"inLanguage":"ro-RO"},{"@type":"Organization","@id":"https:\/\/ancamonica.com\/ro\/#organization","name":"armonia","url":"https:\/\/ancamonica.com\/ro\/","logo":{"@type":"ImageObject","inLanguage":"ro-RO","@id":"https:\/\/ancamonica.com\/ro\/#\/schema\/logo\/image\/","url":"https:\/\/ancamonica.com\/wp-content\/uploads\/2025\/10\/Armonia-Logo-red-by-Anca-Monica-1.png","contentUrl":"https:\/\/ancamonica.com\/wp-content\/uploads\/2025\/10\/Armonia-Logo-red-by-Anca-Monica-1.png","width":280,"height":60,"caption":"armonia"},"image":{"@id":"https:\/\/ancamonica.com\/ro\/#\/schema\/logo\/image\/"},"sameAs":["https:\/\/www.facebook.com\/groups\/armoniabyancamonica","https:\/\/www.instagram.com\/anca_monica_\/"]}]}},"_links":{"self":[{"href":"https:\/\/ancamonica.com\/ro\/wp-json\/wp\/v2\/pages\/1108","targetHints":{"allow":["GET"]}}],"collection":[{"href":"https:\/\/ancamonica.com\/ro\/wp-json\/wp\/v2\/pages"}],"about":[{"href":"https:\/\/ancamonica.com\/ro\/wp-json\/wp\/v2\/types\/page"}],"author":[{"embeddable":true,"href":"https:\/\/ancamonica.com\/ro\/wp-json\/wp\/v2\/users\/1"}],"replies":[{"embeddable":true,"href":"https:\/\/ancamonica.com\/ro\/wp-json\/wp\/v2\/comments?post=1108"}],"version-history":[{"count":3,"href":"https:\/\/ancamonica.com\/ro\/wp-json\/wp\/v2\/pages\/1108\/revisions"}],"predecessor-version":[{"id":2615,"href":"https:\/\/ancamonica.com\/ro\/wp-json\/wp\/v2\/pages\/1108\/revisions\/2615"}],"wp:featuredmedia":[{"embeddable":true,"href":"https:\/\/ancamonica.com\/ro\/wp-json\/wp\/v2\/media\/1109"}],"wp:attachment":[{"href":"https:\/\/ancamonica.com\/ro\/wp-json\/wp\/v2\/media?parent=1108"}],"curies":[{"name":"wp","href":"https:\/\/api.w.org\/{rel}","templated":true}]}}