{"id":1127,"date":"2025-10-29T09:05:58","date_gmt":"2025-10-29T08:05:58","guid":{"rendered":"https:\/\/ancamonica.com\/rezervare\/"},"modified":"2026-01-10T20:52:00","modified_gmt":"2026-01-10T19:52:00","slug":"rezervare","status":"publish","type":"page","link":"https:\/\/ancamonica.com\/ro\/rezervare\/","title":{"rendered":"Rezervare"},"content":{"rendered":"\n[et_pb_section fb_built=&#8221;1&#8243; _builder_version=&#8221;4.27.4&#8243; _module_preset=&#8221;default&#8221; global_colors_info=&#8221;{}&#8221;][et_pb_row _builder_version=&#8221;4.27.4&#8243; _module_preset=&#8221;default&#8221; global_colors_info=&#8221;{}&#8221;][et_pb_column type=&#8221;4_4&#8243; _builder_version=&#8221;4.27.4&#8243; _module_preset=&#8221;default&#8221; global_colors_info=&#8221;{}&#8221;][et_pb_contact_form use_spam_service=&#8221;on&#8221; recaptcha_list=&#8221;armoniahello@gmailcom|armoniahello@gmailcom-0&#8243; email=&#8221;armoniahello@gmail.com&#8221; title=&#8221;Rezerv\u0103-\u021bi sesiunea&#8221; custom_message=&#8221;Subiect: Cerere nou\u0103 de rezervare de la %%Name%% %%Last_Name%%||et_pb_line_break_holder||||et_pb_line_break_holder||Mesaj:||et_pb_line_break_holder||A\u021bi primit o nou\u0103 solicitare de rezervare prin intermediul site-ului dvs. web.||et_pb_line_break_holder||||et_pb_line_break_holder||Nume: %%Name%% ||et_pb_line_break_holder||Prenume: %%Last_Name%% ||et_pb_line_break_holder||E-mail: %%Email%% ||et_pb_line_break_holder||Num\u0103r de telefon: %%Phone_Number%% ||et_pb_line_break_holder||Serviciul selectat: %%Service%% ||et_pb_line_break_holder||Ora preferat\u0103: %%Time_suggestion%%||et_pb_line_break_holder||||et_pb_line_break_holder||V\u0103 rug\u0103m s\u0103 contacta\u021bi clientul pentru confirmare.&#8221; success_message=&#8221;V\u0103 mul\u021bumim c\u0103 a\u021bi rezervat o sesiune cu ARMONIA de Anca Monica. Solicitarea dumneavoastr\u0103 a fost primit\u0103.&#8221; submit_button_text=&#8221;Trimite&#8221; _builder_version=&#8221;4.27.4&#8243; _module_preset=&#8221;default&#8221; _unique_id=&#8221;93446b75-4239-4aa6-9c8f-93a2dad072ac&#8221; form_field_background_color=&#8221;rgba(228,229,229,0.4)&#8221; form_field_text_color=&#8221;#4B3241&#8243; title_font=&#8221;\u2013et_global_heading_font|500|||||||&#8221; title_font_size=&#8221;30px&#8221; title_line_height=&#8221;1.7em&#8221; captcha_font=&#8221;\u2013et_global_body_font||||||||&#8221; captcha_text_color=&#8221;#4B3241&#8243; captcha_font_size=&#8221;16px&#8221; form_field_font=&#8221;\u2013et_global_body_font||||||||&#8221; form_field_font_size=&#8221;16px&#8221; custom_button=&#8221;on&#8221; button_text_color=&#8221;#FFFFFF&#8221; button_bg_color=&#8221;#CDA85B&#8221; button_border_width=&#8221;0px&#8221; button_border_color=&#8221;#CDA85B&#8221; button_border_radius=&#8221;0px&#8221; button_letter_spacing=&#8221;3px&#8221; button_font=&#8221;\u2013et_global_body_font|600||on|||||&#8221; text_orientation=&#8221;left&#8221; hover_enabled=&#8221;0&#8243; button_bg_color_tablet=&#8221;#CDA85B&#8221; button_bg_color_phone=&#8221;#CDA85B&#8221; button_bg_color_last_edited=&#8221;on|desktop&#8221; global_colors_info=&#8221;{}&#8221; button_bg_color__hover_enabled=&#8221;on|hover&#8221; button_bg_color__hover=&#8221;#CDA85B&#8221; button_bg_enable_color__hover=&#8221;on&#8221; sticky_enabled=&#8221;0&#8243;][et_pb_contact_field field_id=&#8221;Name&#8221; field_title=&#8221;Nume&#8221; _builder_version=&#8221;4.27.4&#8243; global_colors_info=&#8221;{}&#8221; button_text_size__hover_enabled=&#8221;off&#8221; button_one_text_size__hover_enabled=&#8221;off&#8221; button_two_text_size__hover_enabled=&#8221;off&#8221; button_text_color__hover_enabled=&#8221;off&#8221; button_one_text_color__hover_enabled=&#8221;off&#8221; button_two_text_color__hover_enabled=&#8221;off&#8221; button_border_width__hover_enabled=&#8221;off&#8221; button_one_border_width__hover_enabled=&#8221;off&#8221; button_two_border_width__hover_enabled=&#8221;off&#8221; button_border_color__hover_enabled=&#8221;off&#8221; button_one_border_color__hover_enabled=&#8221;off&#8221; button_two_border_color__hover_enabled=&#8221;off&#8221; button_border_radius__hover_enabled=&#8221;off&#8221; button_one_border_radius__hover_enabled=&#8221;off&#8221; button_two_border_radius__hover_enabled=&#8221;off&#8221; button_letter_spacing__hover_enabled=&#8221;off&#8221; button_one_letter_spacing__hover_enabled=&#8221;off&#8221; button_two_letter_spacing__hover_enabled=&#8221;off&#8221; button_bg_color__hover_enabled=&#8221;off&#8221; button_one_bg_color__hover_enabled=&#8221;off&#8221; button_two_bg_color__hover_enabled=&#8221;off&#8221;][\/et_pb_contact_field][et_pb_contact_field field_id=&#8221;Last_Name&#8221; field_title=&#8221;Prenume&#8221; _builder_version=&#8221;4.27.4&#8243; global_colors_info=&#8221;{}&#8221; button_text_size__hover_enabled=&#8221;off&#8221; button_one_text_size__hover_enabled=&#8221;off&#8221; button_two_text_size__hover_enabled=&#8221;off&#8221; button_text_color__hover_enabled=&#8221;off&#8221; button_one_text_color__hover_enabled=&#8221;off&#8221; button_two_text_color__hover_enabled=&#8221;off&#8221; button_border_width__hover_enabled=&#8221;off&#8221; button_one_border_width__hover_enabled=&#8221;off&#8221; button_two_border_width__hover_enabled=&#8221;off&#8221; button_border_color__hover_enabled=&#8221;off&#8221; button_one_border_color__hover_enabled=&#8221;off&#8221; button_two_border_color__hover_enabled=&#8221;off&#8221; button_border_radius__hover_enabled=&#8221;off&#8221; button_one_border_radius__hover_enabled=&#8221;off&#8221; button_two_border_radius__hover_enabled=&#8221;off&#8221; button_letter_spacing__hover_enabled=&#8221;off&#8221; button_one_letter_spacing__hover_enabled=&#8221;off&#8221; button_two_letter_spacing__hover_enabled=&#8221;off&#8221; button_bg_color__hover_enabled=&#8221;off&#8221; button_one_bg_color__hover_enabled=&#8221;off&#8221; button_two_bg_color__hover_enabled=&#8221;off&#8221;][\/et_pb_contact_field][et_pb_contact_field field_id=&#8221;Email&#8221; field_title=&#8221;Adres\u0103 de e-mail&#8221; field_type=&#8221;email&#8221; _builder_version=&#8221;4.27.4&#8243; hover_enabled=&#8221;0&#8243; global_colors_info=&#8221;{}&#8221; button_text_size__hover_enabled=&#8221;off&#8221; button_one_text_size__hover_enabled=&#8221;off&#8221; button_two_text_size__hover_enabled=&#8221;off&#8221; button_text_color__hover_enabled=&#8221;off&#8221; button_one_text_color__hover_enabled=&#8221;off&#8221; button_two_text_color__hover_enabled=&#8221;off&#8221; button_border_width__hover_enabled=&#8221;off&#8221; button_one_border_width__hover_enabled=&#8221;off&#8221; button_two_border_width__hover_enabled=&#8221;off&#8221; button_border_color__hover_enabled=&#8221;off&#8221; button_one_border_color__hover_enabled=&#8221;off&#8221; button_two_border_color__hover_enabled=&#8221;off&#8221; button_border_radius__hover_enabled=&#8221;off&#8221; button_one_border_radius__hover_enabled=&#8221;off&#8221; button_two_border_radius__hover_enabled=&#8221;off&#8221; button_letter_spacing__hover_enabled=&#8221;off&#8221; button_one_letter_spacing__hover_enabled=&#8221;off&#8221; button_two_letter_spacing__hover_enabled=&#8221;off&#8221; button_bg_color__hover_enabled=&#8221;off&#8221; button_one_bg_color__hover_enabled=&#8221;off&#8221; button_two_bg_color__hover_enabled=&#8221;off&#8221; sticky_enabled=&#8221;0&#8243;][\/et_pb_contact_field][et_pb_contact_field field_id=&#8221;Phone_Number&#8221; field_title=&#8221;Num\u0103r de telefon&#8221; _builder_version=&#8221;4.27.4&#8243; hover_enabled=&#8221;0&#8243; global_colors_info=&#8221;{}&#8221; button_text_size__hover_enabled=&#8221;off&#8221; button_one_text_size__hover_enabled=&#8221;off&#8221; button_two_text_size__hover_enabled=&#8221;off&#8221; button_text_color__hover_enabled=&#8221;off&#8221; button_one_text_color__hover_enabled=&#8221;off&#8221; button_two_text_color__hover_enabled=&#8221;off&#8221; button_border_width__hover_enabled=&#8221;off&#8221; button_one_border_width__hover_enabled=&#8221;off&#8221; button_two_border_width__hover_enabled=&#8221;off&#8221; button_border_color__hover_enabled=&#8221;off&#8221; button_one_border_color__hover_enabled=&#8221;off&#8221; button_two_border_color__hover_enabled=&#8221;off&#8221; button_border_radius__hover_enabled=&#8221;off&#8221; button_one_border_radius__hover_enabled=&#8221;off&#8221; button_two_border_radius__hover_enabled=&#8221;off&#8221; button_letter_spacing__hover_enabled=&#8221;off&#8221; button_one_letter_spacing__hover_enabled=&#8221;off&#8221; button_two_letter_spacing__hover_enabled=&#8221;off&#8221; button_bg_color__hover_enabled=&#8221;off&#8221; button_one_bg_color__hover_enabled=&#8221;off&#8221; button_two_bg_color__hover_enabled=&#8221;off&#8221; allowed_symbols=&#8221;numbers&#8221; sticky_enabled=&#8221;0&#8243;][\/et_pb_contact_field][et_pb_contact_field field_id=&#8221;Service&#8221; field_title=&#8221;V\u0103 rug\u0103m s\u0103 selecta\u021bi serviciul&#8221; field_type=&#8221;select&#8221; select_options=&#8221;%91{%22value%22:%22Sesiune de Constela\u021bii Familiale%22,%22checked%22:0,%22dragID%22:-1},{%22value%22:%22Sesiune de Genogram\u0103%22,%22checked%22:0,%22dragID%22:0},{%22value%22:%22Sesiune Theta Healing%22,%22checked%22:0,%22dragID%22:1},{%22value%22:%22Consultare Feng Shui%22,%22checked%22:0,%22dragID%22:2},{%22value%22:%22Lectur\u0103 Bazi%22,%22checked%22:0,%22dragID%22:3}%93&#8243; fullwidth_field=&#8221;on&#8221; _builder_version=&#8221;4.27.4&#8243; _module_preset=&#8221;default&#8221; hover_enabled=&#8221;0&#8243; global_colors_info=&#8221;{}&#8221; sticky_enabled=&#8221;0&#8243;][\/et_pb_contact_field][et_pb_contact_field field_id=&#8221;Time_suggestion&#8221; field_title=&#8221;Pentru a ne ajuta s\u0103 g\u0103sim cel mai bun moment pentru dumneavoastr\u0103, v\u0103 rug\u0103m s\u0103 sugera\u021bi 3 date \u0219i ore preferate pentru sesiunea dumneavoastr\u0103.&#8221; field_type=&#8221;text&#8221; fullwidth_field=&#8221;on&#8221; _builder_version=&#8221;4.27.4&#8243; global_colors_info=&#8221;{}&#8221; button_text_size__hover_enabled=&#8221;off&#8221; button_one_text_size__hover_enabled=&#8221;off&#8221; button_two_text_size__hover_enabled=&#8221;off&#8221; button_text_color__hover_enabled=&#8221;off&#8221; button_one_text_color__hover_enabled=&#8221;off&#8221; button_two_text_color__hover_enabled=&#8221;off&#8221; button_border_width__hover_enabled=&#8221;off&#8221; button_one_border_width__hover_enabled=&#8221;off&#8221; button_two_border_width__hover_enabled=&#8221;off&#8221; button_border_color__hover_enabled=&#8221;off&#8221; button_one_border_color__hover_enabled=&#8221;off&#8221; button_two_border_color__hover_enabled=&#8221;off&#8221; button_border_radius__hover_enabled=&#8221;off&#8221; button_one_border_radius__hover_enabled=&#8221;off&#8221; button_two_border_radius__hover_enabled=&#8221;off&#8221; button_letter_spacing__hover_enabled=&#8221;off&#8221; button_one_letter_spacing__hover_enabled=&#8221;off&#8221; button_two_letter_spacing__hover_enabled=&#8221;off&#8221; button_bg_color__hover_enabled=&#8221;off&#8221; button_one_bg_color__hover_enabled=&#8221;off&#8221; button_two_bg_color__hover_enabled=&#8221;off&#8221;][\/et_pb_contact_field][\/et_pb_contact_form][\/et_pb_column][\/et_pb_row][\/et_pb_section]\n<span class=\"et_bloom_bottom_trigger\"><\/span>","protected":false},"excerpt":{"rendered":"","protected":false},"author":1,"featured_media":1128,"parent":0,"menu_order":0,"comment_status":"closed","ping_status":"closed","template":"","meta":{"_et_pb_use_builder":"on","_et_pb_old_content":"","_et_gb_content_width":"","footnotes":""},"class_list":["post-1127","page","type-page","status-publish","has-post-thumbnail","hentry"],"yoast_head":"<!-- This site is optimized with the Yoast SEO plugin v27.5 - https:\/\/yoast.com\/product\/yoast-seo-wordpress\/ -->\n<title>Rezerv\u0103-\u021bi sesiunea | Armonia terapie holistic\u0103 \u0219i consulta\u021bii Bruxelles<\/title>\n<meta name=\"description\" content=\"Programeaz\u0103-\u021bi sesiunea personalizat\u0103 de terapie holistic\u0103 la Armonia cu Anca Monica. Rezervare online convenabil\u0103 pentru Constela\u021bii Familiale, Theta Healing, Astrologie chinez\u0103 Bazi \u0219i consulta\u021bii de wellness \u00een Bruxelles.\" \/>\n<meta name=\"robots\" content=\"index, follow, max-snippet:-1, max-image-preview:large, max-video-preview:-1\" \/>\n<link rel=\"canonical\" href=\"https:\/\/ancamonica.com\/ro\/rezervare\/\" \/>\n<meta property=\"og:locale\" content=\"ro_RO\" \/>\n<meta property=\"og:type\" content=\"article\" \/>\n<meta property=\"og:title\" content=\"Rezerv\u0103-\u021bi sesiunea | Armonia terapie holistic\u0103 \u0219i consulta\u021bii Bruxelles\" \/>\n<meta property=\"og:description\" content=\"Programeaz\u0103-\u021bi sesiunea personalizat\u0103 de terapie holistic\u0103 la Armonia cu Anca Monica. Rezervare online convenabil\u0103 pentru Constela\u021bii Familiale, Theta Healing, Astrologie chinez\u0103 Bazi \u0219i consulta\u021bii de wellness \u00een Bruxelles.\" \/>\n<meta property=\"og:url\" content=\"https:\/\/ancamonica.com\/ro\/rezervare\/\" \/>\n<meta property=\"og:site_name\" content=\"Armonia\" \/>\n<meta property=\"article:publisher\" content=\"https:\/\/www.facebook.com\/groups\/armoniabyancamonica\" \/>\n<meta property=\"article:modified_time\" content=\"2026-01-10T19:52:00+00:00\" \/>\n<meta property=\"og:image\" content=\"https:\/\/ancamonica.com\/wp-content\/uploads\/2025\/11\/Book-Your-Session-Armonia-Holistic-Therapy-Consultations-Brussels.png\" \/>\n\t<meta property=\"og:image:width\" content=\"1000\" \/>\n\t<meta property=\"og:image:height\" content=\"1000\" \/>\n\t<meta property=\"og:image:type\" content=\"image\/png\" \/>\n<meta name=\"twitter:card\" content=\"summary_large_image\" \/>\n<meta name=\"twitter:label1\" content=\"Timp estimat pentru citire\" \/>\n\t<meta name=\"twitter:data1\" content=\"6 minute\" \/>\n<script type=\"application\/ld+json\" class=\"yoast-schema-graph\">{\"@context\":\"https:\\\/\\\/schema.org\",\"@graph\":[{\"@type\":\"WebPage\",\"@id\":\"https:\\\/\\\/ancamonica.com\\\/ro\\\/rezervare\\\/\",\"url\":\"https:\\\/\\\/ancamonica.com\\\/ro\\\/rezervare\\\/\",\"name\":\"Rezerv\u0103-\u021bi sesiunea | Armonia terapie holistic\u0103 \u0219i consulta\u021bii Bruxelles\",\"isPartOf\":{\"@id\":\"https:\\\/\\\/ancamonica.com\\\/ro\\\/#website\"},\"primaryImageOfPage\":{\"@id\":\"https:\\\/\\\/ancamonica.com\\\/ro\\\/rezervare\\\/#primaryimage\"},\"image\":{\"@id\":\"https:\\\/\\\/ancamonica.com\\\/ro\\\/rezervare\\\/#primaryimage\"},\"thumbnailUrl\":\"https:\\\/\\\/ancamonica.com\\\/wp-content\\\/uploads\\\/2025\\\/11\\\/Book-Your-Session-Armonia-Holistic-Therapy-Consultations-Brussels.png\",\"datePublished\":\"2025-10-29T08:05:58+00:00\",\"dateModified\":\"2026-01-10T19:52:00+00:00\",\"description\":\"Programeaz\u0103-\u021bi sesiunea personalizat\u0103 de terapie holistic\u0103 la Armonia cu Anca Monica. Rezervare online convenabil\u0103 pentru Constela\u021bii Familiale, Theta Healing, Astrologie chinez\u0103 Bazi \u0219i consulta\u021bii de wellness \u00een Bruxelles.\",\"breadcrumb\":{\"@id\":\"https:\\\/\\\/ancamonica.com\\\/ro\\\/rezervare\\\/#breadcrumb\"},\"inLanguage\":\"ro-RO\",\"potentialAction\":[{\"@type\":\"ReadAction\",\"target\":[\"https:\\\/\\\/ancamonica.com\\\/ro\\\/rezervare\\\/\"]}]},{\"@type\":\"ImageObject\",\"inLanguage\":\"ro-RO\",\"@id\":\"https:\\\/\\\/ancamonica.com\\\/ro\\\/rezervare\\\/#primaryimage\",\"url\":\"https:\\\/\\\/ancamonica.com\\\/wp-content\\\/uploads\\\/2025\\\/11\\\/Book-Your-Session-Armonia-Holistic-Therapy-Consultations-Brussels.png\",\"contentUrl\":\"https:\\\/\\\/ancamonica.com\\\/wp-content\\\/uploads\\\/2025\\\/11\\\/Book-Your-Session-Armonia-Holistic-Therapy-Consultations-Brussels.png\",\"width\":1000,\"height\":1000},{\"@type\":\"BreadcrumbList\",\"@id\":\"https:\\\/\\\/ancamonica.com\\\/ro\\\/rezervare\\\/#breadcrumb\",\"itemListElement\":[{\"@type\":\"ListItem\",\"position\":1,\"name\":\"Acas\u0103\",\"item\":\"https:\\\/\\\/ancamonica.com\\\/ro\\\/\"},{\"@type\":\"ListItem\",\"position\":2,\"name\":\"Rezervare\"}]},{\"@type\":\"WebSite\",\"@id\":\"https:\\\/\\\/ancamonica.com\\\/ro\\\/#website\",\"url\":\"https:\\\/\\\/ancamonica.com\\\/ro\\\/\",\"name\":\"Armonia\",\"description\":\"Healing today, thriving tomorrow\",\"publisher\":{\"@id\":\"https:\\\/\\\/ancamonica.com\\\/ro\\\/#organization\"},\"potentialAction\":[{\"@type\":\"SearchAction\",\"target\":{\"@type\":\"EntryPoint\",\"urlTemplate\":\"https:\\\/\\\/ancamonica.com\\\/ro\\\/?s={search_term_string}\"},\"query-input\":{\"@type\":\"PropertyValueSpecification\",\"valueRequired\":true,\"valueName\":\"search_term_string\"}}],\"inLanguage\":\"ro-RO\"},{\"@type\":\"Organization\",\"@id\":\"https:\\\/\\\/ancamonica.com\\\/ro\\\/#organization\",\"name\":\"armonia\",\"url\":\"https:\\\/\\\/ancamonica.com\\\/ro\\\/\",\"logo\":{\"@type\":\"ImageObject\",\"inLanguage\":\"ro-RO\",\"@id\":\"https:\\\/\\\/ancamonica.com\\\/ro\\\/#\\\/schema\\\/logo\\\/image\\\/\",\"url\":\"https:\\\/\\\/ancamonica.com\\\/wp-content\\\/uploads\\\/2025\\\/10\\\/Armonia-Logo-red-by-Anca-Monica-1.png\",\"contentUrl\":\"https:\\\/\\\/ancamonica.com\\\/wp-content\\\/uploads\\\/2025\\\/10\\\/Armonia-Logo-red-by-Anca-Monica-1.png\",\"width\":280,\"height\":60,\"caption\":\"armonia\"},\"image\":{\"@id\":\"https:\\\/\\\/ancamonica.com\\\/ro\\\/#\\\/schema\\\/logo\\\/image\\\/\"},\"sameAs\":[\"https:\\\/\\\/www.facebook.com\\\/groups\\\/armoniabyancamonica\",\"https:\\\/\\\/www.instagram.com\\\/anca_monica_\\\/\"]}]}<\/script>\n<!-- \/ Yoast SEO plugin. -->","yoast_head_json":{"title":"Rezerv\u0103-\u021bi sesiunea | Armonia terapie holistic\u0103 \u0219i consulta\u021bii Bruxelles","description":"Programeaz\u0103-\u021bi sesiunea personalizat\u0103 de terapie holistic\u0103 la Armonia cu Anca Monica. Rezervare online convenabil\u0103 pentru Constela\u021bii Familiale, Theta Healing, Astrologie chinez\u0103 Bazi \u0219i consulta\u021bii de wellness \u00een Bruxelles.","robots":{"index":"index","follow":"follow","max-snippet":"max-snippet:-1","max-image-preview":"max-image-preview:large","max-video-preview":"max-video-preview:-1"},"canonical":"https:\/\/ancamonica.com\/ro\/rezervare\/","og_locale":"ro_RO","og_type":"article","og_title":"Rezerv\u0103-\u021bi sesiunea | Armonia terapie holistic\u0103 \u0219i consulta\u021bii Bruxelles","og_description":"Programeaz\u0103-\u021bi sesiunea personalizat\u0103 de terapie holistic\u0103 la Armonia cu Anca Monica. Rezervare online convenabil\u0103 pentru Constela\u021bii Familiale, Theta Healing, Astrologie chinez\u0103 Bazi \u0219i consulta\u021bii de wellness \u00een Bruxelles.","og_url":"https:\/\/ancamonica.com\/ro\/rezervare\/","og_site_name":"Armonia","article_publisher":"https:\/\/www.facebook.com\/groups\/armoniabyancamonica","article_modified_time":"2026-01-10T19:52:00+00:00","og_image":[{"width":1000,"height":1000,"url":"https:\/\/ancamonica.com\/wp-content\/uploads\/2025\/11\/Book-Your-Session-Armonia-Holistic-Therapy-Consultations-Brussels.png","type":"image\/png"}],"twitter_card":"summary_large_image","twitter_misc":{"Timp estimat pentru citire":"6 minute"},"schema":{"@context":"https:\/\/schema.org","@graph":[{"@type":"WebPage","@id":"https:\/\/ancamonica.com\/ro\/rezervare\/","url":"https:\/\/ancamonica.com\/ro\/rezervare\/","name":"Rezerv\u0103-\u021bi sesiunea | Armonia terapie holistic\u0103 \u0219i consulta\u021bii Bruxelles","isPartOf":{"@id":"https:\/\/ancamonica.com\/ro\/#website"},"primaryImageOfPage":{"@id":"https:\/\/ancamonica.com\/ro\/rezervare\/#primaryimage"},"image":{"@id":"https:\/\/ancamonica.com\/ro\/rezervare\/#primaryimage"},"thumbnailUrl":"https:\/\/ancamonica.com\/wp-content\/uploads\/2025\/11\/Book-Your-Session-Armonia-Holistic-Therapy-Consultations-Brussels.png","datePublished":"2025-10-29T08:05:58+00:00","dateModified":"2026-01-10T19:52:00+00:00","description":"Programeaz\u0103-\u021bi sesiunea personalizat\u0103 de terapie holistic\u0103 la Armonia cu Anca Monica. Rezervare online convenabil\u0103 pentru Constela\u021bii Familiale, Theta Healing, Astrologie chinez\u0103 Bazi \u0219i consulta\u021bii de wellness \u00een Bruxelles.","breadcrumb":{"@id":"https:\/\/ancamonica.com\/ro\/rezervare\/#breadcrumb"},"inLanguage":"ro-RO","potentialAction":[{"@type":"ReadAction","target":["https:\/\/ancamonica.com\/ro\/rezervare\/"]}]},{"@type":"ImageObject","inLanguage":"ro-RO","@id":"https:\/\/ancamonica.com\/ro\/rezervare\/#primaryimage","url":"https:\/\/ancamonica.com\/wp-content\/uploads\/2025\/11\/Book-Your-Session-Armonia-Holistic-Therapy-Consultations-Brussels.png","contentUrl":"https:\/\/ancamonica.com\/wp-content\/uploads\/2025\/11\/Book-Your-Session-Armonia-Holistic-Therapy-Consultations-Brussels.png","width":1000,"height":1000},{"@type":"BreadcrumbList","@id":"https:\/\/ancamonica.com\/ro\/rezervare\/#breadcrumb","itemListElement":[{"@type":"ListItem","position":1,"name":"Acas\u0103","item":"https:\/\/ancamonica.com\/ro\/"},{"@type":"ListItem","position":2,"name":"Rezervare"}]},{"@type":"WebSite","@id":"https:\/\/ancamonica.com\/ro\/#website","url":"https:\/\/ancamonica.com\/ro\/","name":"Armonia","description":"Healing today, thriving tomorrow","publisher":{"@id":"https:\/\/ancamonica.com\/ro\/#organization"},"potentialAction":[{"@type":"SearchAction","target":{"@type":"EntryPoint","urlTemplate":"https:\/\/ancamonica.com\/ro\/?s={search_term_string}"},"query-input":{"@type":"PropertyValueSpecification","valueRequired":true,"valueName":"search_term_string"}}],"inLanguage":"ro-RO"},{"@type":"Organization","@id":"https:\/\/ancamonica.com\/ro\/#organization","name":"armonia","url":"https:\/\/ancamonica.com\/ro\/","logo":{"@type":"ImageObject","inLanguage":"ro-RO","@id":"https:\/\/ancamonica.com\/ro\/#\/schema\/logo\/image\/","url":"https:\/\/ancamonica.com\/wp-content\/uploads\/2025\/10\/Armonia-Logo-red-by-Anca-Monica-1.png","contentUrl":"https:\/\/ancamonica.com\/wp-content\/uploads\/2025\/10\/Armonia-Logo-red-by-Anca-Monica-1.png","width":280,"height":60,"caption":"armonia"},"image":{"@id":"https:\/\/ancamonica.com\/ro\/#\/schema\/logo\/image\/"},"sameAs":["https:\/\/www.facebook.com\/groups\/armoniabyancamonica","https:\/\/www.instagram.com\/anca_monica_\/"]}]}},"_links":{"self":[{"href":"https:\/\/ancamonica.com\/ro\/wp-json\/wp\/v2\/pages\/1127","targetHints":{"allow":["GET"]}}],"collection":[{"href":"https:\/\/ancamonica.com\/ro\/wp-json\/wp\/v2\/pages"}],"about":[{"href":"https:\/\/ancamonica.com\/ro\/wp-json\/wp\/v2\/types\/page"}],"author":[{"embeddable":true,"href":"https:\/\/ancamonica.com\/ro\/wp-json\/wp\/v2\/users\/1"}],"replies":[{"embeddable":true,"href":"https:\/\/ancamonica.com\/ro\/wp-json\/wp\/v2\/comments?post=1127"}],"version-history":[{"count":2,"href":"https:\/\/ancamonica.com\/ro\/wp-json\/wp\/v2\/pages\/1127\/revisions"}],"predecessor-version":[{"id":1130,"href":"https:\/\/ancamonica.com\/ro\/wp-json\/wp\/v2\/pages\/1127\/revisions\/1130"}],"wp:featuredmedia":[{"embeddable":true,"href":"https:\/\/ancamonica.com\/ro\/wp-json\/wp\/v2\/media\/1128"}],"wp:attachment":[{"href":"https:\/\/ancamonica.com\/ro\/wp-json\/wp\/v2\/media?parent=1127"}],"curies":[{"name":"wp","href":"https:\/\/api.w.org\/{rel}","templated":true}]}}