{"id":1136,"date":"2025-10-30T17:12:01","date_gmt":"2025-10-30T16:12:01","guid":{"rendered":"https:\/\/ancamonica.com\/rezervare-jocul-calea-viselor-mele\/"},"modified":"2026-04-13T21:42:41","modified_gmt":"2026-04-13T20:42:41","slug":"rezervare","status":"publish","type":"page","link":"https:\/\/ancamonica.com\/ro\/calea-dorintei\/rezervare\/","title":{"rendered":"Rezervare Joc Calea Dorin\u021bei"},"content":{"rendered":"<p>[et_pb_section fb_built=&#8221;1&#8243; _builder_version=&#8221;4.27.4&#8243; _module_preset=&#8221;default&#8221; use_background_color_gradient=&#8221;on&#8221; background_color_gradient_direction=&#8221;249deg&#8221; background_color_gradient_stops=&#8221;rgba(238,227,227,0.76) 0%|rgba(255,255,255,0.6) 99%&#8221; background_color_gradient_overlays_image=&#8221;on&#8221; background_image=&#8221;https:\/\/ancamonica.com\/wp-content\/uploads\/2025\/10\/Background-armonia-1.png&#8221; global_colors_info=&#8221;{}&#8221;][et_pb_row _builder_version=&#8221;4.27.4&#8243; _module_preset=&#8221;default&#8221; global_colors_info=&#8221;{}&#8221;][et_pb_column type=&#8221;4_4&#8243; _builder_version=&#8221;4.27.4&#8243; _module_preset=&#8221;default&#8221; global_colors_info=&#8221;{}&#8221;][et_pb_contact_form use_spam_service=&#8221;on&#8221; recaptcha_list=&#8221;armoniahello@gmailcom|armoniahello@gmailcom-0&#8243; email=&#8221;armoniahello@gmail.com&#8221; title=&#8221;Al\u0103tur\u0103-te unui Joc Transformator \u2013 Calea Dorin\u021bei &#8221; custom_message=&#8221;Subiect: Cerere nou\u0103 de rezervare de la %%Name%% %%Last_Name%%||et_pb_line_break_holder||||et_pb_line_break_holder||Mesaj:||et_pb_line_break_holder||A\u021bi primit o nou\u0103 solicitare de rezervare prin intermediul site-ului dvs. web.||et_pb_line_break_holder||||et_pb_line_break_holder||Nume: %%Name%% ||et_pb_line_break_holder||Prenume: %%Last_Name%% ||et_pb_line_break_holder||Email: %%Email%% ||et_pb_line_break_holder||Num\u0103r de telefon: %%Phone_Number%% ||et_pb_line_break_holder||Sesiune de joc: %%Game_session%% ||et_pb_line_break_holder||||et_pb_line_break_holder||||et_pb_line_break_holder||V\u0103 rug\u0103m s\u0103 contacta\u021bi clientul pentru confirmare.&#8221; use_redirect=&#8221;on&#8221; redirect_url=&#8221;https:\/\/ancamonica.com\/ro\/multumim\/ &#8221; success_message=&#8221;\u00cen 24 de ore, vei primi un e-mail cu detaliile evenimentului. Te rug\u0103m s\u0103 verifici inbox-ul. Mul\u021bumim.  &#8221; submit_button_text=&#8221;Rezerv\u0103&#8221; _builder_version=&#8221;4.27.6&#8243; _module_preset=&#8221;default&#8221; _unique_id=&#8221;93446b75-4239-4aa6-9c8f-93a2dad072ac&#8221; form_field_background_color=&#8221;#FFFFFF&#8221; form_field_text_color=&#8221;#4B3241&#8243; title_font=&#8221;\u2013et_global_heading_font|500|||||||&#8221; title_font_size=&#8221;30px&#8221; title_line_height=&#8221;1.7em&#8221; captcha_font=&#8221;\u2013et_global_body_font||||||||&#8221; captcha_text_color=&#8221;#4B3241&#8243; captcha_font_size=&#8221;16px&#8221; form_field_font=&#8221;\u2013et_global_body_font||||||||&#8221; form_field_font_size=&#8221;16px&#8221; custom_button=&#8221;on&#8221; button_text_color=&#8221;#FFFFFF&#8221; button_bg_color=&#8221;#CDA85B&#8221; button_border_width=&#8221;0px&#8221; button_border_color=&#8221;#CDA85B&#8221; button_border_radius=&#8221;0px&#8221; button_letter_spacing=&#8221;3px&#8221; button_font=&#8221;\u2013et_global_body_font|600||on|||||&#8221; text_orientation=&#8221;left&#8221; hover_enabled=&#8221;0&#8243; button_bg_color_tablet=&#8221;#CDA85B&#8221; button_bg_color_phone=&#8221;#CDA85B&#8221; button_bg_color_last_edited=&#8221;on|desktop&#8221; global_colors_info=&#8221;{}&#8221; button_bg_color__hover_enabled=&#8221;on|hover&#8221; button_bg_color__hover=&#8221;#CDA85B&#8221; button_bg_enable_color__hover=&#8221;on&#8221; sticky_enabled=&#8221;0&#8243;][et_pb_contact_field field_id=&#8221;Name&#8221; field_title=&#8221;Nume&#8221; _builder_version=&#8221;4.27.4&#8243; global_colors_info=&#8221;{}&#8221; button_text_size__hover_enabled=&#8221;off&#8221; button_one_text_size__hover_enabled=&#8221;off&#8221; button_two_text_size__hover_enabled=&#8221;off&#8221; button_text_color__hover_enabled=&#8221;off&#8221; button_one_text_color__hover_enabled=&#8221;off&#8221; button_two_text_color__hover_enabled=&#8221;off&#8221; button_border_width__hover_enabled=&#8221;off&#8221; button_one_border_width__hover_enabled=&#8221;off&#8221; button_two_border_width__hover_enabled=&#8221;off&#8221; button_border_color__hover_enabled=&#8221;off&#8221; button_one_border_color__hover_enabled=&#8221;off&#8221; button_two_border_color__hover_enabled=&#8221;off&#8221; button_border_radius__hover_enabled=&#8221;off&#8221; button_one_border_radius__hover_enabled=&#8221;off&#8221; button_two_border_radius__hover_enabled=&#8221;off&#8221; button_letter_spacing__hover_enabled=&#8221;off&#8221; button_one_letter_spacing__hover_enabled=&#8221;off&#8221; button_two_letter_spacing__hover_enabled=&#8221;off&#8221; button_bg_color__hover_enabled=&#8221;off&#8221; button_one_bg_color__hover_enabled=&#8221;off&#8221; button_two_bg_color__hover_enabled=&#8221;off&#8221;][\/et_pb_contact_field][et_pb_contact_field field_id=&#8221;Last_Name&#8221; field_title=&#8221;Prenume&#8221; _builder_version=&#8221;4.27.4&#8243; global_colors_info=&#8221;{}&#8221; button_text_size__hover_enabled=&#8221;off&#8221; button_one_text_size__hover_enabled=&#8221;off&#8221; button_two_text_size__hover_enabled=&#8221;off&#8221; button_text_color__hover_enabled=&#8221;off&#8221; button_one_text_color__hover_enabled=&#8221;off&#8221; button_two_text_color__hover_enabled=&#8221;off&#8221; button_border_width__hover_enabled=&#8221;off&#8221; button_one_border_width__hover_enabled=&#8221;off&#8221; button_two_border_width__hover_enabled=&#8221;off&#8221; button_border_color__hover_enabled=&#8221;off&#8221; button_one_border_color__hover_enabled=&#8221;off&#8221; button_two_border_color__hover_enabled=&#8221;off&#8221; button_border_radius__hover_enabled=&#8221;off&#8221; button_one_border_radius__hover_enabled=&#8221;off&#8221; button_two_border_radius__hover_enabled=&#8221;off&#8221; button_letter_spacing__hover_enabled=&#8221;off&#8221; button_one_letter_spacing__hover_enabled=&#8221;off&#8221; button_two_letter_spacing__hover_enabled=&#8221;off&#8221; button_bg_color__hover_enabled=&#8221;off&#8221; button_one_bg_color__hover_enabled=&#8221;off&#8221; button_two_bg_color__hover_enabled=&#8221;off&#8221;][\/et_pb_contact_field][et_pb_contact_field field_id=&#8221;Email&#8221; field_title=&#8221;Adres\u0103 de e-mail&#8221; field_type=&#8221;email&#8221; _builder_version=&#8221;4.27.4&#8243; global_colors_info=&#8221;{}&#8221; button_text_size__hover_enabled=&#8221;off&#8221; button_one_text_size__hover_enabled=&#8221;off&#8221; button_two_text_size__hover_enabled=&#8221;off&#8221; button_text_color__hover_enabled=&#8221;off&#8221; button_one_text_color__hover_enabled=&#8221;off&#8221; button_two_text_color__hover_enabled=&#8221;off&#8221; button_border_width__hover_enabled=&#8221;off&#8221; button_one_border_width__hover_enabled=&#8221;off&#8221; button_two_border_width__hover_enabled=&#8221;off&#8221; button_border_color__hover_enabled=&#8221;off&#8221; button_one_border_color__hover_enabled=&#8221;off&#8221; button_two_border_color__hover_enabled=&#8221;off&#8221; button_border_radius__hover_enabled=&#8221;off&#8221; button_one_border_radius__hover_enabled=&#8221;off&#8221; button_two_border_radius__hover_enabled=&#8221;off&#8221; button_letter_spacing__hover_enabled=&#8221;off&#8221; button_one_letter_spacing__hover_enabled=&#8221;off&#8221; button_two_letter_spacing__hover_enabled=&#8221;off&#8221; button_bg_color__hover_enabled=&#8221;off&#8221; button_one_bg_color__hover_enabled=&#8221;off&#8221; button_two_bg_color__hover_enabled=&#8221;off&#8221;][\/et_pb_contact_field][et_pb_contact_field field_id=&#8221;Phone_Number&#8221; field_title=&#8221;Num\u0103r de telefon&#8221; allowed_symbols=&#8221;numbers&#8221; _builder_version=&#8221;4.27.4&#8243; global_colors_info=&#8221;{}&#8221; button_text_size__hover_enabled=&#8221;off&#8221; button_one_text_size__hover_enabled=&#8221;off&#8221; button_two_text_size__hover_enabled=&#8221;off&#8221; button_text_color__hover_enabled=&#8221;off&#8221; button_one_text_color__hover_enabled=&#8221;off&#8221; button_two_text_color__hover_enabled=&#8221;off&#8221; button_border_width__hover_enabled=&#8221;off&#8221; button_one_border_width__hover_enabled=&#8221;off&#8221; button_two_border_width__hover_enabled=&#8221;off&#8221; button_border_color__hover_enabled=&#8221;off&#8221; button_one_border_color__hover_enabled=&#8221;off&#8221; button_two_border_color__hover_enabled=&#8221;off&#8221; button_border_radius__hover_enabled=&#8221;off&#8221; button_one_border_radius__hover_enabled=&#8221;off&#8221; button_two_border_radius__hover_enabled=&#8221;off&#8221; button_letter_spacing__hover_enabled=&#8221;off&#8221; button_one_letter_spacing__hover_enabled=&#8221;off&#8221; button_two_letter_spacing__hover_enabled=&#8221;off&#8221; button_bg_color__hover_enabled=&#8221;off&#8221; button_one_bg_color__hover_enabled=&#8221;off&#8221; button_two_bg_color__hover_enabled=&#8221;off&#8221;][\/et_pb_contact_field][et_pb_contact_field field_id=&#8221;Game_session&#8221; field_title=&#8221;V\u0103 rug\u0103m s\u0103 selecta\u021bi data sesiunii de joc la care dori\u021bi s\u0103 participa\u021bi.&#8221; field_type=&#8221;checkbox&#8221; checkbox_options=&#8221;%91{%22value%22:%222 aprilie 2026, joi, 10:00 \u2013 13:00 EET, limba rom\u00e2n\u0103, au mai r\u0103mas 6 locuri%22,%22checked%22:0,%22dragID%22:0},{%22value%22:%227 aprilie 2026, mar\u021bi, 18:00 \u2013 21:00 EET, limba rom\u00e2n\u0103, au mai r\u0103mas 6 locuri%22,%22checked%22:0,%22dragID%22:-1},{%22value%22:%229 aprilie 2026, joi, 18:00 \u2013 21:00 EET, limba rom\u00e2n\u0103, au mai r\u0103mas 6 locuri%22,%22checked%22:0,%22dragID%22:3},{%22value%22:%2214 aprilie 2026, mar\u021bi, 10:00 \u2013 13:00 EET, limba rom\u00e2n\u0103, au mai r\u0103mas 6 locuri %22,%22checked%22:0,%22dragID%22:1},{%22value%22:%2226 aprilie 2026, duminic\u0103, 10:00 \u2013 13:00 EET, limba rom\u00e2n\u0103, au mai r\u0103mas 6 locuri %22,%22checked%22:0,%22dragID%22:2}%93&#8243; fullwidth_field=&#8221;on&#8221; _builder_version=&#8221;4.27.6&#8243; _module_preset=&#8221;default&#8221; global_colors_info=&#8221;{}&#8221;][\/et_pb_contact_field][\/et_pb_contact_form][\/et_pb_column][\/et_pb_row][\/et_pb_section]<\/p>\n<span class=\"et_bloom_bottom_trigger\"><\/span>","protected":false},"excerpt":{"rendered":"","protected":false},"author":1,"featured_media":3051,"parent":1191,"menu_order":0,"comment_status":"closed","ping_status":"closed","template":"","meta":{"_et_pb_use_builder":"on","_et_pb_old_content":"","_et_gb_content_width":"","footnotes":""},"class_list":["post-1136","page","type-page","status-publish","has-post-thumbnail","hentry"],"yoast_head":"<!-- This site is optimized with the Yoast SEO plugin v27.3 - https:\/\/yoast.com\/product\/yoast-seo-wordpress\/ -->\n<title>Calea Dorin\u021bei | Calendar jocuri online | Rezerv\u0103<\/title>\n<meta name=\"description\" content=\"Rezerv\u0103-\u021bi locul pentru o sesiune transformatoare a Jocului Calea Dorin\u021bei. Experimenteaz\u0103 un amestec unic de joac\u0103 \u0219i introspec\u021bie care \u00ee\u021bi accelereaz\u0103 cre\u0219terea personal\u0103. Rezerv\u0103 acum pentru a-\u021bi \u00eencepe c\u0103l\u0103toria c\u0103tre \u00eemplinirea viselor \u0219i pace interioar\u0103.\" \/>\n<meta name=\"robots\" content=\"index, follow, max-snippet:-1, max-image-preview:large, max-video-preview:-1\" \/>\n<link rel=\"canonical\" href=\"https:\/\/ancamonica.com\/ro\/calea-dorintei\/rezervare\/\" \/>\n<meta property=\"og:locale\" content=\"ro_RO\" \/>\n<meta property=\"og:type\" content=\"article\" \/>\n<meta property=\"og:title\" content=\"Calea Dorin\u021bei | Calendar jocuri online | Rezerv\u0103\" \/>\n<meta property=\"og:description\" content=\"Rezerv\u0103-\u021bi locul pentru o sesiune transformatoare a Jocului Calea Dorin\u021bei. Experimenteaz\u0103 un amestec unic de joac\u0103 \u0219i introspec\u021bie care \u00ee\u021bi accelereaz\u0103 cre\u0219terea personal\u0103. Rezerv\u0103 acum pentru a-\u021bi \u00eencepe c\u0103l\u0103toria c\u0103tre \u00eemplinirea viselor \u0219i pace interioar\u0103.\" \/>\n<meta property=\"og:url\" content=\"https:\/\/ancamonica.com\/ro\/calea-dorintei\/rezervare\/\" \/>\n<meta property=\"og:site_name\" content=\"Armonia\" \/>\n<meta property=\"article:publisher\" content=\"https:\/\/www.facebook.com\/groups\/armoniabyancamonica\" \/>\n<meta property=\"article:modified_time\" content=\"2026-04-13T20:42:41+00:00\" \/>\n<meta property=\"og:image\" content=\"https:\/\/ancamonica.com\/wp-content\/uploads\/2026\/02\/Descopera-ti-adevaratele-dorinte-Calea-dorintei-cu-anca-monica.png\" \/>\n\t<meta property=\"og:image:width\" content=\"1080\" \/>\n\t<meta property=\"og:image:height\" content=\"1080\" \/>\n\t<meta property=\"og:image:type\" content=\"image\/png\" \/>\n<meta name=\"twitter:card\" content=\"summary_large_image\" \/>\n<meta name=\"twitter:label1\" content=\"Timp estimat pentru citire\" \/>\n\t<meta name=\"twitter:data1\" content=\"2 minute\" \/>\n<script type=\"application\/ld+json\" class=\"yoast-schema-graph\">{\"@context\":\"https:\\\/\\\/schema.org\",\"@graph\":[{\"@type\":\"WebPage\",\"@id\":\"https:\\\/\\\/ancamonica.com\\\/ro\\\/calea-dorintei\\\/rezervare\\\/\",\"url\":\"https:\\\/\\\/ancamonica.com\\\/ro\\\/calea-dorintei\\\/rezervare\\\/\",\"name\":\"Calea Dorin\u021bei | Calendar jocuri online | Rezerv\u0103\",\"isPartOf\":{\"@id\":\"https:\\\/\\\/ancamonica.com\\\/ro\\\/#website\"},\"primaryImageOfPage\":{\"@id\":\"https:\\\/\\\/ancamonica.com\\\/ro\\\/calea-dorintei\\\/rezervare\\\/#primaryimage\"},\"image\":{\"@id\":\"https:\\\/\\\/ancamonica.com\\\/ro\\\/calea-dorintei\\\/rezervare\\\/#primaryimage\"},\"thumbnailUrl\":\"https:\\\/\\\/ancamonica.com\\\/wp-content\\\/uploads\\\/2026\\\/02\\\/Descopera-ti-adevaratele-dorinte-Calea-dorintei-cu-anca-monica.png\",\"datePublished\":\"2025-10-30T16:12:01+00:00\",\"dateModified\":\"2026-04-13T20:42:41+00:00\",\"description\":\"Rezerv\u0103-\u021bi locul pentru o sesiune transformatoare a Jocului Calea Dorin\u021bei. Experimenteaz\u0103 un amestec unic de joac\u0103 \u0219i introspec\u021bie care \u00ee\u021bi accelereaz\u0103 cre\u0219terea personal\u0103. Rezerv\u0103 acum pentru a-\u021bi \u00eencepe c\u0103l\u0103toria c\u0103tre \u00eemplinirea viselor \u0219i pace interioar\u0103.\",\"breadcrumb\":{\"@id\":\"https:\\\/\\\/ancamonica.com\\\/ro\\\/calea-dorintei\\\/rezervare\\\/#breadcrumb\"},\"inLanguage\":\"ro-RO\",\"potentialAction\":[{\"@type\":\"ReadAction\",\"target\":[\"https:\\\/\\\/ancamonica.com\\\/ro\\\/calea-dorintei\\\/rezervare\\\/\"]}]},{\"@type\":\"ImageObject\",\"inLanguage\":\"ro-RO\",\"@id\":\"https:\\\/\\\/ancamonica.com\\\/ro\\\/calea-dorintei\\\/rezervare\\\/#primaryimage\",\"url\":\"https:\\\/\\\/ancamonica.com\\\/wp-content\\\/uploads\\\/2026\\\/02\\\/Descopera-ti-adevaratele-dorinte-Calea-dorintei-cu-anca-monica.png\",\"contentUrl\":\"https:\\\/\\\/ancamonica.com\\\/wp-content\\\/uploads\\\/2026\\\/02\\\/Descopera-ti-adevaratele-dorinte-Calea-dorintei-cu-anca-monica.png\",\"width\":1080,\"height\":1080},{\"@type\":\"BreadcrumbList\",\"@id\":\"https:\\\/\\\/ancamonica.com\\\/ro\\\/calea-dorintei\\\/rezervare\\\/#breadcrumb\",\"itemListElement\":[{\"@type\":\"ListItem\",\"position\":1,\"name\":\"Acas\u0103\",\"item\":\"https:\\\/\\\/ancamonica.com\\\/ro\\\/\"},{\"@type\":\"ListItem\",\"position\":2,\"name\":\"Calea Dorin\u021bei\",\"item\":\"https:\\\/\\\/ancamonica.com\\\/ro\\\/calea-dorintei\\\/\"},{\"@type\":\"ListItem\",\"position\":3,\"name\":\"Rezervare Joc Calea Dorin\u021bei\"}]},{\"@type\":\"WebSite\",\"@id\":\"https:\\\/\\\/ancamonica.com\\\/ro\\\/#website\",\"url\":\"https:\\\/\\\/ancamonica.com\\\/ro\\\/\",\"name\":\"Armonia\",\"description\":\"Healing today, thriving tomorrow\",\"publisher\":{\"@id\":\"https:\\\/\\\/ancamonica.com\\\/ro\\\/#organization\"},\"potentialAction\":[{\"@type\":\"SearchAction\",\"target\":{\"@type\":\"EntryPoint\",\"urlTemplate\":\"https:\\\/\\\/ancamonica.com\\\/ro\\\/?s={search_term_string}\"},\"query-input\":{\"@type\":\"PropertyValueSpecification\",\"valueRequired\":true,\"valueName\":\"search_term_string\"}}],\"inLanguage\":\"ro-RO\"},{\"@type\":\"Organization\",\"@id\":\"https:\\\/\\\/ancamonica.com\\\/ro\\\/#organization\",\"name\":\"armonia\",\"url\":\"https:\\\/\\\/ancamonica.com\\\/ro\\\/\",\"logo\":{\"@type\":\"ImageObject\",\"inLanguage\":\"ro-RO\",\"@id\":\"https:\\\/\\\/ancamonica.com\\\/ro\\\/#\\\/schema\\\/logo\\\/image\\\/\",\"url\":\"https:\\\/\\\/ancamonica.com\\\/wp-content\\\/uploads\\\/2025\\\/10\\\/Armonia-Logo-red-by-Anca-Monica-1.png\",\"contentUrl\":\"https:\\\/\\\/ancamonica.com\\\/wp-content\\\/uploads\\\/2025\\\/10\\\/Armonia-Logo-red-by-Anca-Monica-1.png\",\"width\":280,\"height\":60,\"caption\":\"armonia\"},\"image\":{\"@id\":\"https:\\\/\\\/ancamonica.com\\\/ro\\\/#\\\/schema\\\/logo\\\/image\\\/\"},\"sameAs\":[\"https:\\\/\\\/www.facebook.com\\\/groups\\\/armoniabyancamonica\",\"https:\\\/\\\/www.instagram.com\\\/anca_monica_\\\/\"]}]}<\/script>\n<!-- \/ Yoast SEO plugin. -->","yoast_head_json":{"title":"Calea Dorin\u021bei | Calendar jocuri online | Rezerv\u0103","description":"Rezerv\u0103-\u021bi locul pentru o sesiune transformatoare a Jocului Calea Dorin\u021bei. Experimenteaz\u0103 un amestec unic de joac\u0103 \u0219i introspec\u021bie care \u00ee\u021bi accelereaz\u0103 cre\u0219terea personal\u0103. Rezerv\u0103 acum pentru a-\u021bi \u00eencepe c\u0103l\u0103toria c\u0103tre \u00eemplinirea viselor \u0219i pace interioar\u0103.","robots":{"index":"index","follow":"follow","max-snippet":"max-snippet:-1","max-image-preview":"max-image-preview:large","max-video-preview":"max-video-preview:-1"},"canonical":"https:\/\/ancamonica.com\/ro\/calea-dorintei\/rezervare\/","og_locale":"ro_RO","og_type":"article","og_title":"Calea Dorin\u021bei | Calendar jocuri online | Rezerv\u0103","og_description":"Rezerv\u0103-\u021bi locul pentru o sesiune transformatoare a Jocului Calea Dorin\u021bei. Experimenteaz\u0103 un amestec unic de joac\u0103 \u0219i introspec\u021bie care \u00ee\u021bi accelereaz\u0103 cre\u0219terea personal\u0103. Rezerv\u0103 acum pentru a-\u021bi \u00eencepe c\u0103l\u0103toria c\u0103tre \u00eemplinirea viselor \u0219i pace interioar\u0103.","og_url":"https:\/\/ancamonica.com\/ro\/calea-dorintei\/rezervare\/","og_site_name":"Armonia","article_publisher":"https:\/\/www.facebook.com\/groups\/armoniabyancamonica","article_modified_time":"2026-04-13T20:42:41+00:00","og_image":[{"width":1080,"height":1080,"url":"https:\/\/ancamonica.com\/wp-content\/uploads\/2026\/02\/Descopera-ti-adevaratele-dorinte-Calea-dorintei-cu-anca-monica.png","type":"image\/png"}],"twitter_card":"summary_large_image","twitter_misc":{"Timp estimat pentru citire":"2 minute"},"schema":{"@context":"https:\/\/schema.org","@graph":[{"@type":"WebPage","@id":"https:\/\/ancamonica.com\/ro\/calea-dorintei\/rezervare\/","url":"https:\/\/ancamonica.com\/ro\/calea-dorintei\/rezervare\/","name":"Calea Dorin\u021bei | Calendar jocuri online | Rezerv\u0103","isPartOf":{"@id":"https:\/\/ancamonica.com\/ro\/#website"},"primaryImageOfPage":{"@id":"https:\/\/ancamonica.com\/ro\/calea-dorintei\/rezervare\/#primaryimage"},"image":{"@id":"https:\/\/ancamonica.com\/ro\/calea-dorintei\/rezervare\/#primaryimage"},"thumbnailUrl":"https:\/\/ancamonica.com\/wp-content\/uploads\/2026\/02\/Descopera-ti-adevaratele-dorinte-Calea-dorintei-cu-anca-monica.png","datePublished":"2025-10-30T16:12:01+00:00","dateModified":"2026-04-13T20:42:41+00:00","description":"Rezerv\u0103-\u021bi locul pentru o sesiune transformatoare a Jocului Calea Dorin\u021bei. Experimenteaz\u0103 un amestec unic de joac\u0103 \u0219i introspec\u021bie care \u00ee\u021bi accelereaz\u0103 cre\u0219terea personal\u0103. Rezerv\u0103 acum pentru a-\u021bi \u00eencepe c\u0103l\u0103toria c\u0103tre \u00eemplinirea viselor \u0219i pace interioar\u0103.","breadcrumb":{"@id":"https:\/\/ancamonica.com\/ro\/calea-dorintei\/rezervare\/#breadcrumb"},"inLanguage":"ro-RO","potentialAction":[{"@type":"ReadAction","target":["https:\/\/ancamonica.com\/ro\/calea-dorintei\/rezervare\/"]}]},{"@type":"ImageObject","inLanguage":"ro-RO","@id":"https:\/\/ancamonica.com\/ro\/calea-dorintei\/rezervare\/#primaryimage","url":"https:\/\/ancamonica.com\/wp-content\/uploads\/2026\/02\/Descopera-ti-adevaratele-dorinte-Calea-dorintei-cu-anca-monica.png","contentUrl":"https:\/\/ancamonica.com\/wp-content\/uploads\/2026\/02\/Descopera-ti-adevaratele-dorinte-Calea-dorintei-cu-anca-monica.png","width":1080,"height":1080},{"@type":"BreadcrumbList","@id":"https:\/\/ancamonica.com\/ro\/calea-dorintei\/rezervare\/#breadcrumb","itemListElement":[{"@type":"ListItem","position":1,"name":"Acas\u0103","item":"https:\/\/ancamonica.com\/ro\/"},{"@type":"ListItem","position":2,"name":"Calea Dorin\u021bei","item":"https:\/\/ancamonica.com\/ro\/calea-dorintei\/"},{"@type":"ListItem","position":3,"name":"Rezervare Joc Calea Dorin\u021bei"}]},{"@type":"WebSite","@id":"https:\/\/ancamonica.com\/ro\/#website","url":"https:\/\/ancamonica.com\/ro\/","name":"Armonia","description":"Healing today, thriving tomorrow","publisher":{"@id":"https:\/\/ancamonica.com\/ro\/#organization"},"potentialAction":[{"@type":"SearchAction","target":{"@type":"EntryPoint","urlTemplate":"https:\/\/ancamonica.com\/ro\/?s={search_term_string}"},"query-input":{"@type":"PropertyValueSpecification","valueRequired":true,"valueName":"search_term_string"}}],"inLanguage":"ro-RO"},{"@type":"Organization","@id":"https:\/\/ancamonica.com\/ro\/#organization","name":"armonia","url":"https:\/\/ancamonica.com\/ro\/","logo":{"@type":"ImageObject","inLanguage":"ro-RO","@id":"https:\/\/ancamonica.com\/ro\/#\/schema\/logo\/image\/","url":"https:\/\/ancamonica.com\/wp-content\/uploads\/2025\/10\/Armonia-Logo-red-by-Anca-Monica-1.png","contentUrl":"https:\/\/ancamonica.com\/wp-content\/uploads\/2025\/10\/Armonia-Logo-red-by-Anca-Monica-1.png","width":280,"height":60,"caption":"armonia"},"image":{"@id":"https:\/\/ancamonica.com\/ro\/#\/schema\/logo\/image\/"},"sameAs":["https:\/\/www.facebook.com\/groups\/armoniabyancamonica","https:\/\/www.instagram.com\/anca_monica_\/"]}]}},"_links":{"self":[{"href":"https:\/\/ancamonica.com\/ro\/wp-json\/wp\/v2\/pages\/1136","targetHints":{"allow":["GET"]}}],"collection":[{"href":"https:\/\/ancamonica.com\/ro\/wp-json\/wp\/v2\/pages"}],"about":[{"href":"https:\/\/ancamonica.com\/ro\/wp-json\/wp\/v2\/types\/page"}],"author":[{"embeddable":true,"href":"https:\/\/ancamonica.com\/ro\/wp-json\/wp\/v2\/users\/1"}],"replies":[{"embeddable":true,"href":"https:\/\/ancamonica.com\/ro\/wp-json\/wp\/v2\/comments?post=1136"}],"version-history":[{"count":43,"href":"https:\/\/ancamonica.com\/ro\/wp-json\/wp\/v2\/pages\/1136\/revisions"}],"predecessor-version":[{"id":3703,"href":"https:\/\/ancamonica.com\/ro\/wp-json\/wp\/v2\/pages\/1136\/revisions\/3703"}],"up":[{"embeddable":true,"href":"https:\/\/ancamonica.com\/ro\/wp-json\/wp\/v2\/pages\/1191"}],"wp:featuredmedia":[{"embeddable":true,"href":"https:\/\/ancamonica.com\/ro\/wp-json\/wp\/v2\/media\/3051"}],"wp:attachment":[{"href":"https:\/\/ancamonica.com\/ro\/wp-json\/wp\/v2\/media?parent=1136"}],"curies":[{"name":"wp","href":"https:\/\/api.w.org\/{rel}","templated":true}]}}