{"id":2865,"date":"2026-02-13T20:08:23","date_gmt":"2026-02-13T19:08:23","guid":{"rendered":"https:\/\/ancamonica.com\/genograme\/rezerva\/"},"modified":"2026-02-14T22:17:17","modified_gmt":"2026-02-14T21:17:17","slug":"rezerva","status":"publish","type":"page","link":"https:\/\/ancamonica.com\/ro\/genograme\/rezerva\/","title":{"rendered":"Rezerv\u0103"},"content":{"rendered":"<p>[et_pb_section fb_built=&#8221;1&#8243; _builder_version=&#8221;4.27.5&#8243; _module_preset=&#8221;default&#8221; background_image=&#8221;https:\/\/ancamonica.com\/wp-content\/uploads\/2025\/10\/Genograms-Belgium-Bruxelles-Brussels-2.png&#8221; global_colors_info=&#8221;{}&#8221; custom_padding=&#8221;20px|||||&#8221;][et_pb_row _builder_version=&#8221;4.27.5&#8243; _module_preset=&#8221;default&#8221; width_tablet=&#8221;&#8221; width_phone=&#8221;100%&#8221; width_last_edited=&#8221;on|tablet&#8221; global_colors_info=&#8221;{}&#8221;][et_pb_column type=&#8221;4_4&#8243; _builder_version=&#8221;4.27.5&#8243; _module_preset=&#8221;default&#8221; global_colors_info=&#8221;{}&#8221;][et_pb_text _builder_version=&#8221;4.27.5&#8243; _module_preset=&#8221;default&#8221; header_4_font=&#8221;\u2013et_global_body_font|600||on|||||&#8221; header_4_text_color=&#8221;#CDA85B&#8221; global_colors_info=&#8221;{}&#8221;]<\/p>\n<h1 style=\"text-align: center;\">Exploreaz\u0103-\u021bi r\u0103d\u0103cinile. Descoper\u0103-\u021bi str\u0103mo\u0219ii. Vindec\u0103-\u021bi povestea.  <\/h1>\n<h4 style=\"text-align: center;\">Programeaz\u0103 o sesiune privat\u0103<\/h4>\n<h4 style=\"text-align: center;\"><\/h4>\n<p>[\/et_pb_text][et_pb_code _builder_version=&#8221;4.27.5&#8243; _module_preset=&#8221;default&#8221; hover_enabled=&#8221;0&#8243; global_colors_info=&#8221;{}&#8221; sticky_enabled=&#8221;0&#8243; custom_margin=&#8221;-18px|||||&#8221;]<iframe src=\"https:\/\/scheduler.zoom.us\/armonia-by-anca-monica\/genogram?embedStyle=%7B%22textColor%22%3A%22%234b3241%22%2C%22buttonColor%22%3A%22%23a11619%22%7D&amp;embed=true\" frameborder=\"0\" style=\"width: 1200px; height: 1200px;\"><\/iframe>[\/et_pb_code][\/et_pb_column][\/et_pb_row][\/et_pb_section]<\/p>\n<span class=\"et_bloom_bottom_trigger\"><\/span>","protected":false},"excerpt":{"rendered":"<p>Genograma este harta ta secret\u0103. Dincolo de nume \u0219i date, descoper\u0103 loialit\u0103\u021bile invizibile \u0219i tiparele repetate de genera\u021bii. E timpul s\u0103 aduci lumin\u0103 \u00een umbrele trecutului.  <\/p>\n","protected":false},"author":1,"featured_media":1148,"parent":1147,"menu_order":0,"comment_status":"closed","ping_status":"closed","template":"","meta":{"_et_pb_use_builder":"on","_et_pb_old_content":"","_et_gb_content_width":"","footnotes":""},"class_list":["post-2865","page","type-page","status-publish","has-post-thumbnail","hentry"],"yoast_head":"<!-- This site is optimized with the Yoast SEO plugin v27.3 - https:\/\/yoast.com\/product\/yoast-seo-wordpress\/ -->\n<title>Sesiune personal\u0103 de genogram\u0103 | Descifreaz\u0103-\u021bi arborele genealogic | Anca Monica<\/title>\n<meta name=\"description\" content=\"Descoper\u0103 tiparele ascunse din istoria familiei tale. Programeaz\u0103 o sesiune privat\u0103 de Genogram\u0103 cu Anca Monica ca s\u0103 \u00een\u021belegi influen\u021bele ancestrale \u0219i s\u0103 vindeci trauma transgenera\u021bional\u0103.\" \/>\n<meta name=\"robots\" content=\"index, follow, max-snippet:-1, max-image-preview:large, max-video-preview:-1\" \/>\n<link rel=\"canonical\" href=\"https:\/\/ancamonica.com\/ro\/genograme\/rezerva\/\" \/>\n<meta property=\"og:locale\" content=\"ro_RO\" \/>\n<meta property=\"og:type\" content=\"article\" \/>\n<meta property=\"og:title\" content=\"Sesiune personal\u0103 de genogram\u0103 | Descifreaz\u0103-\u021bi arborele genealogic | Anca Monica\" \/>\n<meta property=\"og:description\" content=\"Descoper\u0103 tiparele ascunse din istoria familiei tale. Programeaz\u0103 o sesiune privat\u0103 de Genogram\u0103 cu Anca Monica ca s\u0103 \u00een\u021belegi influen\u021bele ancestrale \u0219i s\u0103 vindeci trauma transgenera\u021bional\u0103.\" \/>\n<meta property=\"og:url\" content=\"https:\/\/ancamonica.com\/ro\/genograme\/rezerva\/\" \/>\n<meta property=\"og:site_name\" content=\"Armonia\" \/>\n<meta property=\"article:publisher\" content=\"https:\/\/www.facebook.com\/groups\/armoniabyancamonica\" \/>\n<meta property=\"article:modified_time\" content=\"2026-02-14T21:17:17+00:00\" \/>\n<meta property=\"og:image\" content=\"https:\/\/ancamonica.com\/wp-content\/uploads\/2025\/11\/Genogram-Analysis-Explore-Family-Patterns-with-Anca-Monica-at-Armonia-in-Brussels.png\" \/>\n\t<meta property=\"og:image:width\" content=\"1000\" \/>\n\t<meta property=\"og:image:height\" content=\"1000\" \/>\n\t<meta property=\"og:image:type\" content=\"image\/png\" \/>\n<meta name=\"twitter:card\" content=\"summary_large_image\" \/>\n<meta name=\"twitter:label1\" content=\"Timp estimat pentru citire\" \/>\n\t<meta name=\"twitter:data1\" content=\"1 minut\" \/>\n<script type=\"application\/ld+json\" class=\"yoast-schema-graph\">{\"@context\":\"https:\\\/\\\/schema.org\",\"@graph\":[{\"@type\":\"WebPage\",\"@id\":\"https:\\\/\\\/ancamonica.com\\\/ro\\\/genograme\\\/rezerva\\\/\",\"url\":\"https:\\\/\\\/ancamonica.com\\\/ro\\\/genograme\\\/rezerva\\\/\",\"name\":\"Sesiune personal\u0103 de genogram\u0103 | Descifreaz\u0103-\u021bi arborele genealogic | Anca Monica\",\"isPartOf\":{\"@id\":\"https:\\\/\\\/ancamonica.com\\\/ro\\\/#website\"},\"primaryImageOfPage\":{\"@id\":\"https:\\\/\\\/ancamonica.com\\\/ro\\\/genograme\\\/rezerva\\\/#primaryimage\"},\"image\":{\"@id\":\"https:\\\/\\\/ancamonica.com\\\/ro\\\/genograme\\\/rezerva\\\/#primaryimage\"},\"thumbnailUrl\":\"https:\\\/\\\/ancamonica.com\\\/wp-content\\\/uploads\\\/2025\\\/11\\\/Genogram-Analysis-Explore-Family-Patterns-with-Anca-Monica-at-Armonia-in-Brussels.png\",\"datePublished\":\"2026-02-13T19:08:23+00:00\",\"dateModified\":\"2026-02-14T21:17:17+00:00\",\"description\":\"Descoper\u0103 tiparele ascunse din istoria familiei tale. Programeaz\u0103 o sesiune privat\u0103 de Genogram\u0103 cu Anca Monica ca s\u0103 \u00een\u021belegi influen\u021bele ancestrale \u0219i s\u0103 vindeci trauma transgenera\u021bional\u0103.\",\"breadcrumb\":{\"@id\":\"https:\\\/\\\/ancamonica.com\\\/ro\\\/genograme\\\/rezerva\\\/#breadcrumb\"},\"inLanguage\":\"ro-RO\",\"potentialAction\":[{\"@type\":\"ReadAction\",\"target\":[\"https:\\\/\\\/ancamonica.com\\\/ro\\\/genograme\\\/rezerva\\\/\"]}]},{\"@type\":\"ImageObject\",\"inLanguage\":\"ro-RO\",\"@id\":\"https:\\\/\\\/ancamonica.com\\\/ro\\\/genograme\\\/rezerva\\\/#primaryimage\",\"url\":\"https:\\\/\\\/ancamonica.com\\\/wp-content\\\/uploads\\\/2025\\\/11\\\/Genogram-Analysis-Explore-Family-Patterns-with-Anca-Monica-at-Armonia-in-Brussels.png\",\"contentUrl\":\"https:\\\/\\\/ancamonica.com\\\/wp-content\\\/uploads\\\/2025\\\/11\\\/Genogram-Analysis-Explore-Family-Patterns-with-Anca-Monica-at-Armonia-in-Brussels.png\",\"width\":1000,\"height\":1000},{\"@type\":\"BreadcrumbList\",\"@id\":\"https:\\\/\\\/ancamonica.com\\\/ro\\\/genograme\\\/rezerva\\\/#breadcrumb\",\"itemListElement\":[{\"@type\":\"ListItem\",\"position\":1,\"name\":\"Acas\u0103\",\"item\":\"https:\\\/\\\/ancamonica.com\\\/ro\\\/\"},{\"@type\":\"ListItem\",\"position\":2,\"name\":\"Genograme\",\"item\":\"https:\\\/\\\/ancamonica.com\\\/ro\\\/genograme\\\/\"},{\"@type\":\"ListItem\",\"position\":3,\"name\":\"Rezerv\u0103\"}]},{\"@type\":\"WebSite\",\"@id\":\"https:\\\/\\\/ancamonica.com\\\/ro\\\/#website\",\"url\":\"https:\\\/\\\/ancamonica.com\\\/ro\\\/\",\"name\":\"Armonia\",\"description\":\"Healing today, thriving tomorrow\",\"publisher\":{\"@id\":\"https:\\\/\\\/ancamonica.com\\\/ro\\\/#organization\"},\"potentialAction\":[{\"@type\":\"SearchAction\",\"target\":{\"@type\":\"EntryPoint\",\"urlTemplate\":\"https:\\\/\\\/ancamonica.com\\\/ro\\\/?s={search_term_string}\"},\"query-input\":{\"@type\":\"PropertyValueSpecification\",\"valueRequired\":true,\"valueName\":\"search_term_string\"}}],\"inLanguage\":\"ro-RO\"},{\"@type\":\"Organization\",\"@id\":\"https:\\\/\\\/ancamonica.com\\\/ro\\\/#organization\",\"name\":\"armonia\",\"url\":\"https:\\\/\\\/ancamonica.com\\\/ro\\\/\",\"logo\":{\"@type\":\"ImageObject\",\"inLanguage\":\"ro-RO\",\"@id\":\"https:\\\/\\\/ancamonica.com\\\/ro\\\/#\\\/schema\\\/logo\\\/image\\\/\",\"url\":\"https:\\\/\\\/ancamonica.com\\\/wp-content\\\/uploads\\\/2025\\\/10\\\/Armonia-Logo-red-by-Anca-Monica-1.png\",\"contentUrl\":\"https:\\\/\\\/ancamonica.com\\\/wp-content\\\/uploads\\\/2025\\\/10\\\/Armonia-Logo-red-by-Anca-Monica-1.png\",\"width\":280,\"height\":60,\"caption\":\"armonia\"},\"image\":{\"@id\":\"https:\\\/\\\/ancamonica.com\\\/ro\\\/#\\\/schema\\\/logo\\\/image\\\/\"},\"sameAs\":[\"https:\\\/\\\/www.facebook.com\\\/groups\\\/armoniabyancamonica\",\"https:\\\/\\\/www.instagram.com\\\/anca_monica_\\\/\"]}]}<\/script>\n<!-- \/ Yoast SEO plugin. -->","yoast_head_json":{"title":"Sesiune personal\u0103 de genogram\u0103 | Descifreaz\u0103-\u021bi arborele genealogic | Anca Monica","description":"Descoper\u0103 tiparele ascunse din istoria familiei tale. Programeaz\u0103 o sesiune privat\u0103 de Genogram\u0103 cu Anca Monica ca s\u0103 \u00een\u021belegi influen\u021bele ancestrale \u0219i s\u0103 vindeci trauma transgenera\u021bional\u0103.","robots":{"index":"index","follow":"follow","max-snippet":"max-snippet:-1","max-image-preview":"max-image-preview:large","max-video-preview":"max-video-preview:-1"},"canonical":"https:\/\/ancamonica.com\/ro\/genograme\/rezerva\/","og_locale":"ro_RO","og_type":"article","og_title":"Sesiune personal\u0103 de genogram\u0103 | Descifreaz\u0103-\u021bi arborele genealogic | Anca Monica","og_description":"Descoper\u0103 tiparele ascunse din istoria familiei tale. Programeaz\u0103 o sesiune privat\u0103 de Genogram\u0103 cu Anca Monica ca s\u0103 \u00een\u021belegi influen\u021bele ancestrale \u0219i s\u0103 vindeci trauma transgenera\u021bional\u0103.","og_url":"https:\/\/ancamonica.com\/ro\/genograme\/rezerva\/","og_site_name":"Armonia","article_publisher":"https:\/\/www.facebook.com\/groups\/armoniabyancamonica","article_modified_time":"2026-02-14T21:17:17+00:00","og_image":[{"width":1000,"height":1000,"url":"https:\/\/ancamonica.com\/wp-content\/uploads\/2025\/11\/Genogram-Analysis-Explore-Family-Patterns-with-Anca-Monica-at-Armonia-in-Brussels.png","type":"image\/png"}],"twitter_card":"summary_large_image","twitter_misc":{"Timp estimat pentru citire":"1 minut"},"schema":{"@context":"https:\/\/schema.org","@graph":[{"@type":"WebPage","@id":"https:\/\/ancamonica.com\/ro\/genograme\/rezerva\/","url":"https:\/\/ancamonica.com\/ro\/genograme\/rezerva\/","name":"Sesiune personal\u0103 de genogram\u0103 | Descifreaz\u0103-\u021bi arborele genealogic | Anca Monica","isPartOf":{"@id":"https:\/\/ancamonica.com\/ro\/#website"},"primaryImageOfPage":{"@id":"https:\/\/ancamonica.com\/ro\/genograme\/rezerva\/#primaryimage"},"image":{"@id":"https:\/\/ancamonica.com\/ro\/genograme\/rezerva\/#primaryimage"},"thumbnailUrl":"https:\/\/ancamonica.com\/wp-content\/uploads\/2025\/11\/Genogram-Analysis-Explore-Family-Patterns-with-Anca-Monica-at-Armonia-in-Brussels.png","datePublished":"2026-02-13T19:08:23+00:00","dateModified":"2026-02-14T21:17:17+00:00","description":"Descoper\u0103 tiparele ascunse din istoria familiei tale. Programeaz\u0103 o sesiune privat\u0103 de Genogram\u0103 cu Anca Monica ca s\u0103 \u00een\u021belegi influen\u021bele ancestrale \u0219i s\u0103 vindeci trauma transgenera\u021bional\u0103.","breadcrumb":{"@id":"https:\/\/ancamonica.com\/ro\/genograme\/rezerva\/#breadcrumb"},"inLanguage":"ro-RO","potentialAction":[{"@type":"ReadAction","target":["https:\/\/ancamonica.com\/ro\/genograme\/rezerva\/"]}]},{"@type":"ImageObject","inLanguage":"ro-RO","@id":"https:\/\/ancamonica.com\/ro\/genograme\/rezerva\/#primaryimage","url":"https:\/\/ancamonica.com\/wp-content\/uploads\/2025\/11\/Genogram-Analysis-Explore-Family-Patterns-with-Anca-Monica-at-Armonia-in-Brussels.png","contentUrl":"https:\/\/ancamonica.com\/wp-content\/uploads\/2025\/11\/Genogram-Analysis-Explore-Family-Patterns-with-Anca-Monica-at-Armonia-in-Brussels.png","width":1000,"height":1000},{"@type":"BreadcrumbList","@id":"https:\/\/ancamonica.com\/ro\/genograme\/rezerva\/#breadcrumb","itemListElement":[{"@type":"ListItem","position":1,"name":"Acas\u0103","item":"https:\/\/ancamonica.com\/ro\/"},{"@type":"ListItem","position":2,"name":"Genograme","item":"https:\/\/ancamonica.com\/ro\/genograme\/"},{"@type":"ListItem","position":3,"name":"Rezerv\u0103"}]},{"@type":"WebSite","@id":"https:\/\/ancamonica.com\/ro\/#website","url":"https:\/\/ancamonica.com\/ro\/","name":"Armonia","description":"Healing today, thriving tomorrow","publisher":{"@id":"https:\/\/ancamonica.com\/ro\/#organization"},"potentialAction":[{"@type":"SearchAction","target":{"@type":"EntryPoint","urlTemplate":"https:\/\/ancamonica.com\/ro\/?s={search_term_string}"},"query-input":{"@type":"PropertyValueSpecification","valueRequired":true,"valueName":"search_term_string"}}],"inLanguage":"ro-RO"},{"@type":"Organization","@id":"https:\/\/ancamonica.com\/ro\/#organization","name":"armonia","url":"https:\/\/ancamonica.com\/ro\/","logo":{"@type":"ImageObject","inLanguage":"ro-RO","@id":"https:\/\/ancamonica.com\/ro\/#\/schema\/logo\/image\/","url":"https:\/\/ancamonica.com\/wp-content\/uploads\/2025\/10\/Armonia-Logo-red-by-Anca-Monica-1.png","contentUrl":"https:\/\/ancamonica.com\/wp-content\/uploads\/2025\/10\/Armonia-Logo-red-by-Anca-Monica-1.png","width":280,"height":60,"caption":"armonia"},"image":{"@id":"https:\/\/ancamonica.com\/ro\/#\/schema\/logo\/image\/"},"sameAs":["https:\/\/www.facebook.com\/groups\/armoniabyancamonica","https:\/\/www.instagram.com\/anca_monica_\/"]}]}},"_links":{"self":[{"href":"https:\/\/ancamonica.com\/ro\/wp-json\/wp\/v2\/pages\/2865","targetHints":{"allow":["GET"]}}],"collection":[{"href":"https:\/\/ancamonica.com\/ro\/wp-json\/wp\/v2\/pages"}],"about":[{"href":"https:\/\/ancamonica.com\/ro\/wp-json\/wp\/v2\/types\/page"}],"author":[{"embeddable":true,"href":"https:\/\/ancamonica.com\/ro\/wp-json\/wp\/v2\/users\/1"}],"replies":[{"embeddable":true,"href":"https:\/\/ancamonica.com\/ro\/wp-json\/wp\/v2\/comments?post=2865"}],"version-history":[{"count":2,"href":"https:\/\/ancamonica.com\/ro\/wp-json\/wp\/v2\/pages\/2865\/revisions"}],"predecessor-version":[{"id":2867,"href":"https:\/\/ancamonica.com\/ro\/wp-json\/wp\/v2\/pages\/2865\/revisions\/2867"}],"up":[{"embeddable":true,"href":"https:\/\/ancamonica.com\/ro\/wp-json\/wp\/v2\/pages\/1147"}],"wp:featuredmedia":[{"embeddable":true,"href":"https:\/\/ancamonica.com\/ro\/wp-json\/wp\/v2\/media\/1148"}],"wp:attachment":[{"href":"https:\/\/ancamonica.com\/ro\/wp-json\/wp\/v2\/media?parent=2865"}],"curies":[{"name":"wp","href":"https:\/\/api.w.org\/{rel}","templated":true}]}}