{"id":2871,"date":"2026-02-13T19:28:45","date_gmt":"2026-02-13T18:28:45","guid":{"rendered":"https:\/\/ancamonica.com\/theta-healing\/rezerva\/"},"modified":"2026-02-14T22:23:59","modified_gmt":"2026-02-14T21:23:59","slug":"rezerva","status":"publish","type":"page","link":"https:\/\/ancamonica.com\/ro\/theta-healing\/rezerva\/","title":{"rendered":"Rezerv\u0103"},"content":{"rendered":"<p>[et_pb_section fb_built=&#8221;1&#8243; _builder_version=&#8221;4.27.5&#8243; _module_preset=&#8221;default&#8221; background_image=&#8221;https:\/\/ancamonica.com\/wp-content\/uploads\/2025\/10\/Theta-Healing-Practicioner-and-instructor-Belgium-Bruxelles-Brussels-2.png&#8221; global_colors_info=&#8221;{}&#8221;][et_pb_row _builder_version=&#8221;4.27.5&#8243; _module_preset=&#8221;default&#8221; width_tablet=&#8221;&#8221; width_phone=&#8221;100%&#8221; width_last_edited=&#8221;on|tablet&#8221; global_colors_info=&#8221;{}&#8221;][et_pb_column type=&#8221;4_4&#8243; _builder_version=&#8221;4.27.5&#8243; _module_preset=&#8221;default&#8221; global_colors_info=&#8221;{}&#8221;][et_pb_text _builder_version=&#8221;4.27.5&#8243; _module_preset=&#8221;default&#8221; header_4_font=&#8221;\u2013et_global_body_font|600||on|||||&#8221; header_4_text_color=&#8221;#CDA85B&#8221; global_colors_info=&#8221;{}&#8221;]<\/p>\n<h1 style=\"text-align: center;\">E\u0219ti gata s\u0103 eliberezi blocajele?<\/p>\n<\/h1>\n<h4 style=\"text-align: center;\">Programeaz\u0103 o sesiune privat\u0103<\/h4>\n<p>[\/et_pb_text][et_pb_code _builder_version=&#8221;4.27.5&#8243; _module_preset=&#8221;default&#8221; hover_enabled=&#8221;0&#8243; global_colors_info=&#8221;{}&#8221; sticky_enabled=&#8221;0&#8243;]&lt;<iframe src=\"https:\/\/scheduler.zoom.us\/armonia-by-anca-monica\/theta-healing?embedStyle=%7B%22textColor%22%3A%22%234b3241%22%2C%22buttonColor%22%3A%22%23a11619%22%7D&amp;embed=true\" frameborder=\"0\" style=\"width: 1200px; height: 1200px;\"><\/iframe>[\/et_pb_code][\/et_pb_column][\/et_pb_row][\/et_pb_section]<\/p>\n<span class=\"et_bloom_bottom_trigger\"><\/span>","protected":false},"excerpt":{"rendered":"<p>sesiuni-theta-healing-unu-la-unu<\/p>\n","protected":false},"author":1,"featured_media":1161,"parent":1160,"menu_order":0,"comment_status":"closed","ping_status":"closed","template":"","meta":{"_et_pb_use_builder":"on","_et_pb_old_content":"","_et_gb_content_width":"","footnotes":""},"class_list":["post-2871","page","type-page","status-publish","has-post-thumbnail","hentry"],"yoast_head":"<!-- This site is optimized with the Yoast SEO plugin v27.4 - https:\/\/yoast.com\/product\/yoast-seo-wordpress\/ -->\n<title>Theta Healing 1-la-1 cu Anca Monica | Elibereaz\u0103 Blocajele Subcon\u0219tiente<\/title>\n<meta name=\"description\" content=\"E\u0219ti gata pentru schimbare? Rezerv\u0103 o sesiune privat\u0103 de Theta Healing cu Anca Monica. Lucr\u0103m \u00eempreun\u0103 pe obiectivele tale specifice: rela\u021bii, carier\u0103, s\u0103n\u0103tate sau pace interioar\u0103.\" \/>\n<meta name=\"robots\" content=\"index, follow, max-snippet:-1, max-image-preview:large, max-video-preview:-1\" \/>\n<link rel=\"canonical\" href=\"https:\/\/ancamonica.com\/ro\/theta-healing\/rezerva\/\" \/>\n<meta property=\"og:locale\" content=\"ro_RO\" \/>\n<meta property=\"og:type\" content=\"article\" \/>\n<meta property=\"og:title\" content=\"Theta Healing 1-la-1 cu Anca Monica | Elibereaz\u0103 Blocajele Subcon\u0219tiente\" \/>\n<meta property=\"og:description\" content=\"E\u0219ti gata pentru schimbare? Rezerv\u0103 o sesiune privat\u0103 de Theta Healing cu Anca Monica. Lucr\u0103m \u00eempreun\u0103 pe obiectivele tale specifice: rela\u021bii, carier\u0103, s\u0103n\u0103tate sau pace interioar\u0103.\" \/>\n<meta property=\"og:url\" content=\"https:\/\/ancamonica.com\/ro\/theta-healing\/rezerva\/\" \/>\n<meta property=\"og:site_name\" content=\"Armonia\" \/>\n<meta property=\"article:publisher\" content=\"https:\/\/www.facebook.com\/groups\/armoniabyancamonica\" \/>\n<meta property=\"article:modified_time\" content=\"2026-02-14T21:23:59+00:00\" \/>\n<meta property=\"og:image\" content=\"https:\/\/ancamonica.com\/wp-content\/uploads\/2025\/11\/Theta-Healing-Sessions-Spiritual-Healing-Belief-Transformation-at-Armonia.png\" \/>\n\t<meta property=\"og:image:width\" content=\"1000\" \/>\n\t<meta property=\"og:image:height\" content=\"1000\" \/>\n\t<meta property=\"og:image:type\" content=\"image\/png\" \/>\n<meta name=\"twitter:card\" content=\"summary_large_image\" \/>\n<meta name=\"twitter:label1\" content=\"Timp estimat pentru citire\" \/>\n\t<meta name=\"twitter:data1\" content=\"1 minut\" \/>\n<script type=\"application\/ld+json\" class=\"yoast-schema-graph\">{\"@context\":\"https:\\\/\\\/schema.org\",\"@graph\":[{\"@type\":\"WebPage\",\"@id\":\"https:\\\/\\\/ancamonica.com\\\/ro\\\/theta-healing\\\/rezerva\\\/\",\"url\":\"https:\\\/\\\/ancamonica.com\\\/ro\\\/theta-healing\\\/rezerva\\\/\",\"name\":\"Theta Healing 1-la-1 cu Anca Monica | Elibereaz\u0103 Blocajele Subcon\u0219tiente\",\"isPartOf\":{\"@id\":\"https:\\\/\\\/ancamonica.com\\\/ro\\\/#website\"},\"primaryImageOfPage\":{\"@id\":\"https:\\\/\\\/ancamonica.com\\\/ro\\\/theta-healing\\\/rezerva\\\/#primaryimage\"},\"image\":{\"@id\":\"https:\\\/\\\/ancamonica.com\\\/ro\\\/theta-healing\\\/rezerva\\\/#primaryimage\"},\"thumbnailUrl\":\"https:\\\/\\\/ancamonica.com\\\/wp-content\\\/uploads\\\/2025\\\/11\\\/Theta-Healing-Sessions-Spiritual-Healing-Belief-Transformation-at-Armonia.png\",\"datePublished\":\"2026-02-13T18:28:45+00:00\",\"dateModified\":\"2026-02-14T21:23:59+00:00\",\"description\":\"E\u0219ti gata pentru schimbare? Rezerv\u0103 o sesiune privat\u0103 de Theta Healing cu Anca Monica. Lucr\u0103m \u00eempreun\u0103 pe obiectivele tale specifice: rela\u021bii, carier\u0103, s\u0103n\u0103tate sau pace interioar\u0103.\",\"breadcrumb\":{\"@id\":\"https:\\\/\\\/ancamonica.com\\\/ro\\\/theta-healing\\\/rezerva\\\/#breadcrumb\"},\"inLanguage\":\"ro-RO\",\"potentialAction\":[{\"@type\":\"ReadAction\",\"target\":[\"https:\\\/\\\/ancamonica.com\\\/ro\\\/theta-healing\\\/rezerva\\\/\"]}]},{\"@type\":\"ImageObject\",\"inLanguage\":\"ro-RO\",\"@id\":\"https:\\\/\\\/ancamonica.com\\\/ro\\\/theta-healing\\\/rezerva\\\/#primaryimage\",\"url\":\"https:\\\/\\\/ancamonica.com\\\/wp-content\\\/uploads\\\/2025\\\/11\\\/Theta-Healing-Sessions-Spiritual-Healing-Belief-Transformation-at-Armonia.png\",\"contentUrl\":\"https:\\\/\\\/ancamonica.com\\\/wp-content\\\/uploads\\\/2025\\\/11\\\/Theta-Healing-Sessions-Spiritual-Healing-Belief-Transformation-at-Armonia.png\",\"width\":1000,\"height\":1000},{\"@type\":\"BreadcrumbList\",\"@id\":\"https:\\\/\\\/ancamonica.com\\\/ro\\\/theta-healing\\\/rezerva\\\/#breadcrumb\",\"itemListElement\":[{\"@type\":\"ListItem\",\"position\":1,\"name\":\"Acas\u0103\",\"item\":\"https:\\\/\\\/ancamonica.com\\\/ro\\\/\"},{\"@type\":\"ListItem\",\"position\":2,\"name\":\"Theta Healing\",\"item\":\"https:\\\/\\\/ancamonica.com\\\/ro\\\/theta-healing\\\/\"},{\"@type\":\"ListItem\",\"position\":3,\"name\":\"Rezerv\u0103\"}]},{\"@type\":\"WebSite\",\"@id\":\"https:\\\/\\\/ancamonica.com\\\/ro\\\/#website\",\"url\":\"https:\\\/\\\/ancamonica.com\\\/ro\\\/\",\"name\":\"Armonia\",\"description\":\"Healing today, thriving tomorrow\",\"publisher\":{\"@id\":\"https:\\\/\\\/ancamonica.com\\\/ro\\\/#organization\"},\"potentialAction\":[{\"@type\":\"SearchAction\",\"target\":{\"@type\":\"EntryPoint\",\"urlTemplate\":\"https:\\\/\\\/ancamonica.com\\\/ro\\\/?s={search_term_string}\"},\"query-input\":{\"@type\":\"PropertyValueSpecification\",\"valueRequired\":true,\"valueName\":\"search_term_string\"}}],\"inLanguage\":\"ro-RO\"},{\"@type\":\"Organization\",\"@id\":\"https:\\\/\\\/ancamonica.com\\\/ro\\\/#organization\",\"name\":\"armonia\",\"url\":\"https:\\\/\\\/ancamonica.com\\\/ro\\\/\",\"logo\":{\"@type\":\"ImageObject\",\"inLanguage\":\"ro-RO\",\"@id\":\"https:\\\/\\\/ancamonica.com\\\/ro\\\/#\\\/schema\\\/logo\\\/image\\\/\",\"url\":\"https:\\\/\\\/ancamonica.com\\\/wp-content\\\/uploads\\\/2025\\\/10\\\/Armonia-Logo-red-by-Anca-Monica-1.png\",\"contentUrl\":\"https:\\\/\\\/ancamonica.com\\\/wp-content\\\/uploads\\\/2025\\\/10\\\/Armonia-Logo-red-by-Anca-Monica-1.png\",\"width\":280,\"height\":60,\"caption\":\"armonia\"},\"image\":{\"@id\":\"https:\\\/\\\/ancamonica.com\\\/ro\\\/#\\\/schema\\\/logo\\\/image\\\/\"},\"sameAs\":[\"https:\\\/\\\/www.facebook.com\\\/groups\\\/armoniabyancamonica\",\"https:\\\/\\\/www.instagram.com\\\/anca_monica_\\\/\"]}]}<\/script>\n<!-- \/ Yoast SEO plugin. -->","yoast_head_json":{"title":"Theta Healing 1-la-1 cu Anca Monica | Elibereaz\u0103 Blocajele Subcon\u0219tiente","description":"E\u0219ti gata pentru schimbare? Rezerv\u0103 o sesiune privat\u0103 de Theta Healing cu Anca Monica. Lucr\u0103m \u00eempreun\u0103 pe obiectivele tale specifice: rela\u021bii, carier\u0103, s\u0103n\u0103tate sau pace interioar\u0103.","robots":{"index":"index","follow":"follow","max-snippet":"max-snippet:-1","max-image-preview":"max-image-preview:large","max-video-preview":"max-video-preview:-1"},"canonical":"https:\/\/ancamonica.com\/ro\/theta-healing\/rezerva\/","og_locale":"ro_RO","og_type":"article","og_title":"Theta Healing 1-la-1 cu Anca Monica | Elibereaz\u0103 Blocajele Subcon\u0219tiente","og_description":"E\u0219ti gata pentru schimbare? Rezerv\u0103 o sesiune privat\u0103 de Theta Healing cu Anca Monica. Lucr\u0103m \u00eempreun\u0103 pe obiectivele tale specifice: rela\u021bii, carier\u0103, s\u0103n\u0103tate sau pace interioar\u0103.","og_url":"https:\/\/ancamonica.com\/ro\/theta-healing\/rezerva\/","og_site_name":"Armonia","article_publisher":"https:\/\/www.facebook.com\/groups\/armoniabyancamonica","article_modified_time":"2026-02-14T21:23:59+00:00","og_image":[{"width":1000,"height":1000,"url":"https:\/\/ancamonica.com\/wp-content\/uploads\/2025\/11\/Theta-Healing-Sessions-Spiritual-Healing-Belief-Transformation-at-Armonia.png","type":"image\/png"}],"twitter_card":"summary_large_image","twitter_misc":{"Timp estimat pentru citire":"1 minut"},"schema":{"@context":"https:\/\/schema.org","@graph":[{"@type":"WebPage","@id":"https:\/\/ancamonica.com\/ro\/theta-healing\/rezerva\/","url":"https:\/\/ancamonica.com\/ro\/theta-healing\/rezerva\/","name":"Theta Healing 1-la-1 cu Anca Monica | Elibereaz\u0103 Blocajele Subcon\u0219tiente","isPartOf":{"@id":"https:\/\/ancamonica.com\/ro\/#website"},"primaryImageOfPage":{"@id":"https:\/\/ancamonica.com\/ro\/theta-healing\/rezerva\/#primaryimage"},"image":{"@id":"https:\/\/ancamonica.com\/ro\/theta-healing\/rezerva\/#primaryimage"},"thumbnailUrl":"https:\/\/ancamonica.com\/wp-content\/uploads\/2025\/11\/Theta-Healing-Sessions-Spiritual-Healing-Belief-Transformation-at-Armonia.png","datePublished":"2026-02-13T18:28:45+00:00","dateModified":"2026-02-14T21:23:59+00:00","description":"E\u0219ti gata pentru schimbare? Rezerv\u0103 o sesiune privat\u0103 de Theta Healing cu Anca Monica. Lucr\u0103m \u00eempreun\u0103 pe obiectivele tale specifice: rela\u021bii, carier\u0103, s\u0103n\u0103tate sau pace interioar\u0103.","breadcrumb":{"@id":"https:\/\/ancamonica.com\/ro\/theta-healing\/rezerva\/#breadcrumb"},"inLanguage":"ro-RO","potentialAction":[{"@type":"ReadAction","target":["https:\/\/ancamonica.com\/ro\/theta-healing\/rezerva\/"]}]},{"@type":"ImageObject","inLanguage":"ro-RO","@id":"https:\/\/ancamonica.com\/ro\/theta-healing\/rezerva\/#primaryimage","url":"https:\/\/ancamonica.com\/wp-content\/uploads\/2025\/11\/Theta-Healing-Sessions-Spiritual-Healing-Belief-Transformation-at-Armonia.png","contentUrl":"https:\/\/ancamonica.com\/wp-content\/uploads\/2025\/11\/Theta-Healing-Sessions-Spiritual-Healing-Belief-Transformation-at-Armonia.png","width":1000,"height":1000},{"@type":"BreadcrumbList","@id":"https:\/\/ancamonica.com\/ro\/theta-healing\/rezerva\/#breadcrumb","itemListElement":[{"@type":"ListItem","position":1,"name":"Acas\u0103","item":"https:\/\/ancamonica.com\/ro\/"},{"@type":"ListItem","position":2,"name":"Theta Healing","item":"https:\/\/ancamonica.com\/ro\/theta-healing\/"},{"@type":"ListItem","position":3,"name":"Rezerv\u0103"}]},{"@type":"WebSite","@id":"https:\/\/ancamonica.com\/ro\/#website","url":"https:\/\/ancamonica.com\/ro\/","name":"Armonia","description":"Healing today, thriving tomorrow","publisher":{"@id":"https:\/\/ancamonica.com\/ro\/#organization"},"potentialAction":[{"@type":"SearchAction","target":{"@type":"EntryPoint","urlTemplate":"https:\/\/ancamonica.com\/ro\/?s={search_term_string}"},"query-input":{"@type":"PropertyValueSpecification","valueRequired":true,"valueName":"search_term_string"}}],"inLanguage":"ro-RO"},{"@type":"Organization","@id":"https:\/\/ancamonica.com\/ro\/#organization","name":"armonia","url":"https:\/\/ancamonica.com\/ro\/","logo":{"@type":"ImageObject","inLanguage":"ro-RO","@id":"https:\/\/ancamonica.com\/ro\/#\/schema\/logo\/image\/","url":"https:\/\/ancamonica.com\/wp-content\/uploads\/2025\/10\/Armonia-Logo-red-by-Anca-Monica-1.png","contentUrl":"https:\/\/ancamonica.com\/wp-content\/uploads\/2025\/10\/Armonia-Logo-red-by-Anca-Monica-1.png","width":280,"height":60,"caption":"armonia"},"image":{"@id":"https:\/\/ancamonica.com\/ro\/#\/schema\/logo\/image\/"},"sameAs":["https:\/\/www.facebook.com\/groups\/armoniabyancamonica","https:\/\/www.instagram.com\/anca_monica_\/"]}]}},"_links":{"self":[{"href":"https:\/\/ancamonica.com\/ro\/wp-json\/wp\/v2\/pages\/2871","targetHints":{"allow":["GET"]}}],"collection":[{"href":"https:\/\/ancamonica.com\/ro\/wp-json\/wp\/v2\/pages"}],"about":[{"href":"https:\/\/ancamonica.com\/ro\/wp-json\/wp\/v2\/types\/page"}],"author":[{"embeddable":true,"href":"https:\/\/ancamonica.com\/ro\/wp-json\/wp\/v2\/users\/1"}],"replies":[{"embeddable":true,"href":"https:\/\/ancamonica.com\/ro\/wp-json\/wp\/v2\/comments?post=2871"}],"version-history":[{"count":2,"href":"https:\/\/ancamonica.com\/ro\/wp-json\/wp\/v2\/pages\/2871\/revisions"}],"predecessor-version":[{"id":2873,"href":"https:\/\/ancamonica.com\/ro\/wp-json\/wp\/v2\/pages\/2871\/revisions\/2873"}],"up":[{"embeddable":true,"href":"https:\/\/ancamonica.com\/ro\/wp-json\/wp\/v2\/pages\/1160"}],"wp:featuredmedia":[{"embeddable":true,"href":"https:\/\/ancamonica.com\/ro\/wp-json\/wp\/v2\/media\/1161"}],"wp:attachment":[{"href":"https:\/\/ancamonica.com\/ro\/wp-json\/wp\/v2\/media?parent=2871"}],"curies":[{"name":"wp","href":"https:\/\/api.w.org\/{rel}","templated":true}]}}