{"id":2979,"date":"2026-02-15T19:18:30","date_gmt":"2026-02-15T18:18:30","guid":{"rendered":"https:\/\/ancamonica.com\/constelatii-familiale\/programare-sesiune-online-individuala\/"},"modified":"2026-02-15T19:45:08","modified_gmt":"2026-02-15T18:45:08","slug":"programare-sesiune-online-individuala","status":"publish","type":"page","link":"https:\/\/ancamonica.com\/ro\/constelatii-familiale\/programare-sesiune-online-individuala\/","title":{"rendered":"Rezerv\u0103 o sesiune individual\u0103 de Constela\u021bii Familiale"},"content":{"rendered":"<p>[et_pb_section fb_built=&#8221;1&#8243; _builder_version=&#8221;4.27.5&#8243; _module_preset=&#8221;default&#8221; use_background_color_gradient=&#8221;on&#8221; background_color_gradient_stops=&#8221;rgba(255,255,255,0.88) 0%|rgba(238,227,227,0.96) 100%&#8221; background_color_gradient_overlays_image=&#8221;on&#8221; background_image=&#8221;https:\/\/ancamonica.com\/wp-content\/uploads\/2026\/01\/Constelatii-familiale-family-constellations-Belgium-belgia-brussels-bruxelles-9.png&#8221; custom_padding=&#8221;20px|||||&#8221; global_colors_info=&#8221;{}&#8221;][et_pb_row _builder_version=&#8221;4.27.5&#8243; _module_preset=&#8221;default&#8221; width_tablet=&#8221;&#8221; width_phone=&#8221;100%&#8221; width_last_edited=&#8221;on|tablet&#8221; global_colors_info=&#8221;{}&#8221;][et_pb_column type=&#8221;4_4&#8243; _builder_version=&#8221;4.27.5&#8243; _module_preset=&#8221;default&#8221; global_colors_info=&#8221;{}&#8221;][et_pb_text _builder_version=&#8221;4.27.5&#8243; _module_preset=&#8221;default&#8221; header_4_font=&#8221;\u2013et_global_body_font|600||on|||||&#8221; header_4_text_color=&#8221;#CDA85B&#8221; global_colors_info=&#8221;{}&#8221;]<\/p>\n<h1 style=\"text-align: center;\">Sesiune individual\u0103 de Constela\u021bii Familiale<\/h1>\n<h4 style=\"text-align: center;\">Rescrie-\u021bi povestea personal\u0103 \u0219i reg\u0103se\u0219te-\u021bi for\u021ba interioar\u0103.<br \/>Investi\u021bia ta 500 RON | Sesiune de 2.5 h<\/h4>\n<h4 style=\"text-align: center;\"><\/h4>\n<p>[\/et_pb_text][et_pb_code _builder_version=&#8221;4.27.5&#8243; _module_preset=&#8221;default&#8221; custom_margin=&#8221;-18px|||||&#8221; global_colors_info=&#8221;{}&#8221;]<iframe src=\"https:\/\/scheduler.zoom.us\/armonia-by-anca-monica\/constelations?embedStyle=%7B%22textColor%22%3A%22%234b3241%22%2C%22buttonColor%22%3A%22%23a11619%22%7D&#038;embed=true\" frameborder=\"0\" style=\"width: 1200px; height: 1200px;\"><\/iframe>[\/et_pb_code][\/et_pb_column][\/et_pb_row][et_pb_row column_structure=&#8221;1_2,1_2&#8243; _builder_version=&#8221;4.27.5&#8243; _module_preset=&#8221;default&#8221; global_colors_info=&#8221;{}&#8221;][et_pb_column type=&#8221;1_2&#8243; _builder_version=&#8221;4.27.5&#8243; _module_preset=&#8221;default&#8221; global_colors_info=&#8221;{}&#8221;][et_pb_text _builder_version=&#8221;4.27.5&#8243; _module_preset=&#8221;default&#8221; global_colors_info=&#8221;{}&#8221;]<\/p>\n<h3 data-path-to-node=\"9\">Transform\u0103-\u021bi via\u021ba prin claritate sistemnic\u0103<\/h3>\n<p data-path-to-node=\"10\">O sesiune individual\u0103 ofer\u0103 un spa\u021biu sigur \u0219i privat pentru a explora dinamici invizibile din sistemul t\u0103u familial. Folosind reprezent\u0103ri simbolice \u0219i cartografierea sistemului, aducem la lumin\u0103 loialit\u0103\u021bile incon\u0219tiente care pot bloca drumul t\u0103u c\u0103tre fericire, s\u0103n\u0103tate sau succes.<\/p>\n<p data-path-to-node=\"10\">\n<h3 data-path-to-node=\"11\">Ce putem explora \u00eempreun\u0103:<\/h3>\n<p data-path-to-node=\"11\"><b data-path-to-node=\"11\" data-index-in-node=\"0\"><\/b><\/p>\n<ul data-path-to-node=\"12\">\n<li>\n<p data-path-to-node=\"12,0,0\">Dinamici rela\u021bionale: \u00centreruperea ciclurilor repetitive \u00een cuplu sau \u00een familie.<\/p>\n<\/li>\n<li>\n<p data-path-to-node=\"12,1,0\">Libertate emo\u021bional\u0103: Vindecarea anxiet\u0103\u021bii, a vinov\u0103\u021biei sau a unei \u201egreut\u0103\u021bi\u201d suflete\u0219ti f\u0103r\u0103 cauz\u0103 aparent\u0103.<\/p>\n<\/li>\n<li>\n<p data-path-to-node=\"12,2,0\">Tranzi\u021bii de via\u021b\u0103: Claritate \u00een carier\u0103 sau \u00een momente de schimb\u0103ri majore.<\/p>\n<\/li>\n<li>\n<p data-path-to-node=\"12,3,0\">Echilibru personal: Rec\u0103p\u0103tarea locului t\u0103u corect \u0219i cuvenit \u00een propria via\u021b\u0103.<\/p>\n<\/li>\n<\/ul>\n<p>[\/et_pb_text][\/et_pb_column][et_pb_column type=&#8221;1_2&#8243; _builder_version=&#8221;4.27.5&#8243; _module_preset=&#8221;default&#8221; global_colors_info=&#8221;{}&#8221;][et_pb_text _builder_version=&#8221;4.27.5&#8243; _module_preset=&#8221;default&#8221; global_colors_info=&#8221;{}&#8221;]<\/p>\n<h3 data-path-to-node=\"14\">Detalii sesiune<\/h3>\n<ul data-path-to-node=\"15\">\n<li>\n<p data-path-to-node=\"15,0,0\"><b data-path-to-node=\"15,0,0\" data-index-in-node=\"0\">Durat\u0103:<\/b> 2.5h<\/p>\n<\/li>\n<li>\n<p data-path-to-node=\"15,0,0\"><b data-path-to-node=\"15,1,0\" data-index-in-node=\"0\" style=\"font-size: 14px;\">Format:<\/b><span style=\"font-size: 14px;\"> Online (Zoom) <\/span><\/p>\n<\/li>\n<li>\n<p data-path-to-node=\"15,2,0\"><b data-path-to-node=\"15,2,0\" data-index-in-node=\"0\">Investi\u021bie:<\/b> 500 Ron<\/p>\n<\/li>\n<li>\n<p data-path-to-node=\"15,3,0\">Limba: Rom\u00e2n\u0103<\/p>\n<\/li>\n<\/ul>\n<h3 data-path-to-node=\"18\">Detalii de plat\u0103<\/h3>\n<p data-path-to-node=\"19\">Te rog s\u0103 re\u021bii c\u0103 sesiunea nu va avea loc f\u0103r\u0103 plata efectuat\u0103 \u00een prealabil cu minim 24 de ore.\u00a0<\/p>\n<p data-path-to-node=\"20,0\"><b data-path-to-node=\"20,0\" data-index-in-node=\"0\">Detalii Transfer Bancar<\/b><\/p>\n<ul data-path-to-node=\"20,1\">\n<li>\n<p data-path-to-node=\"20,1,0,0\">Beneficiar: Anca Monica Tcaciuc<\/p>\n<\/li>\n<li>\n<p data-path-to-node=\"20,1,1,0\">IBAN: BE72 6504 5544 3016<\/p>\n<\/li>\n<li>\n<p data-path-to-node=\"20,1,2,0\">BIC \/ Cod SWIFT: REVOBEB2<\/p>\n<\/li>\n<li>\n<p data-path-to-node=\"20,1,3,0\">BIC corespondent: CHASDEFX<\/p>\n<\/li>\n<li>\n<p data-path-to-node=\"20,1,4,0\">Referin\u021b\u0103: [Numele T\u0103u] \u2013 Sesiune Individual\u0103<b data-path-to-node=\"20,1,4,0\" data-index-in-node=\"0\"><br \/><\/b><\/p>\n<\/li>\n<\/ul>\n<p>[\/et_pb_text][\/et_pb_column][\/et_pb_row][\/et_pb_section]<\/p>\n<span class=\"et_bloom_bottom_trigger\"><\/span>","protected":false},"excerpt":{"rendered":"<p>Programeaz\u0103 o sesiune individual\u0103 de 90 de minute cu Anca Monica. Elibereaz\u0103-te de tiparele str\u0103mo\u0219e\u0219ti. Investi\u021bie: 500 RON.  <\/p>\n","protected":false},"author":1,"featured_media":2980,"parent":1172,"menu_order":0,"comment_status":"closed","ping_status":"closed","template":"","meta":{"_et_pb_use_builder":"on","_et_pb_old_content":"","_et_gb_content_width":"","footnotes":""},"class_list":["post-2979","page","type-page","status-publish","has-post-thumbnail","hentry"],"yoast_head":"<!-- This site is optimized with the Yoast SEO plugin v27.4 - https:\/\/yoast.com\/product\/yoast-seo-wordpress\/ -->\n<title>Rezerv\u0103 sesiune individual\u0103 de Constela\u021bii Familiale<\/title>\n<meta name=\"description\" content=\"Programeaz\u0103 o sesiune individual\u0103 de 2.5h cu Anca Monica. Elibereaz\u0103-te de tiparele str\u0103mo\u0219e\u0219ti. Investi\u021bie: 500 RON.\" \/>\n<meta name=\"robots\" content=\"index, follow, max-snippet:-1, max-image-preview:large, max-video-preview:-1\" \/>\n<link rel=\"canonical\" href=\"https:\/\/ancamonica.com\/ro\/constelatii-familiale\/programare-sesiune-online-individuala\/\" \/>\n<meta property=\"og:locale\" content=\"ro_RO\" \/>\n<meta property=\"og:type\" content=\"article\" \/>\n<meta property=\"og:title\" content=\"Rezerv\u0103 sesiune individual\u0103 de Constela\u021bii Familiale\" \/>\n<meta property=\"og:description\" content=\"Programeaz\u0103 o sesiune individual\u0103 de 2.5h cu Anca Monica. Elibereaz\u0103-te de tiparele str\u0103mo\u0219e\u0219ti. Investi\u021bie: 500 RON.\" \/>\n<meta property=\"og:url\" content=\"https:\/\/ancamonica.com\/ro\/constelatii-familiale\/programare-sesiune-online-individuala\/\" \/>\n<meta property=\"og:site_name\" content=\"Armonia\" \/>\n<meta property=\"article:publisher\" content=\"https:\/\/www.facebook.com\/groups\/armoniabyancamonica\" \/>\n<meta property=\"article:modified_time\" content=\"2026-02-15T18:45:08+00:00\" \/>\n<meta property=\"og:image\" content=\"https:\/\/ancamonica.com\/wp-content\/uploads\/2026\/02\/Constelatii-familiale-Sesiune-individuala-Cu-ANCA-MONICA.png\" \/>\n\t<meta property=\"og:image:width\" content=\"1080\" \/>\n\t<meta property=\"og:image:height\" content=\"1080\" \/>\n\t<meta property=\"og:image:type\" content=\"image\/png\" \/>\n<meta name=\"twitter:card\" content=\"summary_large_image\" \/>\n<meta name=\"twitter:label1\" content=\"Timp estimat pentru citire\" \/>\n\t<meta name=\"twitter:data1\" content=\"2 minute\" \/>\n<script type=\"application\/ld+json\" class=\"yoast-schema-graph\">{\"@context\":\"https:\\\/\\\/schema.org\",\"@graph\":[{\"@type\":\"WebPage\",\"@id\":\"https:\\\/\\\/ancamonica.com\\\/ro\\\/constelatii-familiale\\\/programare-sesiune-online-individuala\\\/\",\"url\":\"https:\\\/\\\/ancamonica.com\\\/ro\\\/constelatii-familiale\\\/programare-sesiune-online-individuala\\\/\",\"name\":\"Rezerv\u0103 sesiune individual\u0103 de Constela\u021bii Familiale\",\"isPartOf\":{\"@id\":\"https:\\\/\\\/ancamonica.com\\\/ro\\\/#website\"},\"primaryImageOfPage\":{\"@id\":\"https:\\\/\\\/ancamonica.com\\\/ro\\\/constelatii-familiale\\\/programare-sesiune-online-individuala\\\/#primaryimage\"},\"image\":{\"@id\":\"https:\\\/\\\/ancamonica.com\\\/ro\\\/constelatii-familiale\\\/programare-sesiune-online-individuala\\\/#primaryimage\"},\"thumbnailUrl\":\"https:\\\/\\\/ancamonica.com\\\/wp-content\\\/uploads\\\/2026\\\/02\\\/Constelatii-familiale-Sesiune-individuala-Cu-ANCA-MONICA.png\",\"datePublished\":\"2026-02-15T18:18:30+00:00\",\"dateModified\":\"2026-02-15T18:45:08+00:00\",\"description\":\"Programeaz\u0103 o sesiune individual\u0103 de 2.5h cu Anca Monica. Elibereaz\u0103-te de tiparele str\u0103mo\u0219e\u0219ti. Investi\u021bie: 500 RON.\",\"breadcrumb\":{\"@id\":\"https:\\\/\\\/ancamonica.com\\\/ro\\\/constelatii-familiale\\\/programare-sesiune-online-individuala\\\/#breadcrumb\"},\"inLanguage\":\"ro-RO\",\"potentialAction\":[{\"@type\":\"ReadAction\",\"target\":[\"https:\\\/\\\/ancamonica.com\\\/ro\\\/constelatii-familiale\\\/programare-sesiune-online-individuala\\\/\"]}]},{\"@type\":\"ImageObject\",\"inLanguage\":\"ro-RO\",\"@id\":\"https:\\\/\\\/ancamonica.com\\\/ro\\\/constelatii-familiale\\\/programare-sesiune-online-individuala\\\/#primaryimage\",\"url\":\"https:\\\/\\\/ancamonica.com\\\/wp-content\\\/uploads\\\/2026\\\/02\\\/Constelatii-familiale-Sesiune-individuala-Cu-ANCA-MONICA.png\",\"contentUrl\":\"https:\\\/\\\/ancamonica.com\\\/wp-content\\\/uploads\\\/2026\\\/02\\\/Constelatii-familiale-Sesiune-individuala-Cu-ANCA-MONICA.png\",\"width\":1080,\"height\":1080},{\"@type\":\"BreadcrumbList\",\"@id\":\"https:\\\/\\\/ancamonica.com\\\/ro\\\/constelatii-familiale\\\/programare-sesiune-online-individuala\\\/#breadcrumb\",\"itemListElement\":[{\"@type\":\"ListItem\",\"position\":1,\"name\":\"Acas\u0103\",\"item\":\"https:\\\/\\\/ancamonica.com\\\/ro\\\/\"},{\"@type\":\"ListItem\",\"position\":2,\"name\":\"Constela\u021bii Familiale\",\"item\":\"https:\\\/\\\/ancamonica.com\\\/ro\\\/constelatii-familiale\\\/\"},{\"@type\":\"ListItem\",\"position\":3,\"name\":\"Rezerv\u0103 o sesiune individual\u0103 de Constela\u021bii Familiale\"}]},{\"@type\":\"WebSite\",\"@id\":\"https:\\\/\\\/ancamonica.com\\\/ro\\\/#website\",\"url\":\"https:\\\/\\\/ancamonica.com\\\/ro\\\/\",\"name\":\"Armonia\",\"description\":\"Healing today, thriving tomorrow\",\"publisher\":{\"@id\":\"https:\\\/\\\/ancamonica.com\\\/ro\\\/#organization\"},\"potentialAction\":[{\"@type\":\"SearchAction\",\"target\":{\"@type\":\"EntryPoint\",\"urlTemplate\":\"https:\\\/\\\/ancamonica.com\\\/ro\\\/?s={search_term_string}\"},\"query-input\":{\"@type\":\"PropertyValueSpecification\",\"valueRequired\":true,\"valueName\":\"search_term_string\"}}],\"inLanguage\":\"ro-RO\"},{\"@type\":\"Organization\",\"@id\":\"https:\\\/\\\/ancamonica.com\\\/ro\\\/#organization\",\"name\":\"armonia\",\"url\":\"https:\\\/\\\/ancamonica.com\\\/ro\\\/\",\"logo\":{\"@type\":\"ImageObject\",\"inLanguage\":\"ro-RO\",\"@id\":\"https:\\\/\\\/ancamonica.com\\\/ro\\\/#\\\/schema\\\/logo\\\/image\\\/\",\"url\":\"https:\\\/\\\/ancamonica.com\\\/wp-content\\\/uploads\\\/2025\\\/10\\\/Armonia-Logo-red-by-Anca-Monica-1.png\",\"contentUrl\":\"https:\\\/\\\/ancamonica.com\\\/wp-content\\\/uploads\\\/2025\\\/10\\\/Armonia-Logo-red-by-Anca-Monica-1.png\",\"width\":280,\"height\":60,\"caption\":\"armonia\"},\"image\":{\"@id\":\"https:\\\/\\\/ancamonica.com\\\/ro\\\/#\\\/schema\\\/logo\\\/image\\\/\"},\"sameAs\":[\"https:\\\/\\\/www.facebook.com\\\/groups\\\/armoniabyancamonica\",\"https:\\\/\\\/www.instagram.com\\\/anca_monica_\\\/\"]}]}<\/script>\n<!-- \/ Yoast SEO plugin. -->","yoast_head_json":{"title":"Rezerv\u0103 sesiune individual\u0103 de Constela\u021bii Familiale","description":"Programeaz\u0103 o sesiune individual\u0103 de 2.5h cu Anca Monica. Elibereaz\u0103-te de tiparele str\u0103mo\u0219e\u0219ti. Investi\u021bie: 500 RON.","robots":{"index":"index","follow":"follow","max-snippet":"max-snippet:-1","max-image-preview":"max-image-preview:large","max-video-preview":"max-video-preview:-1"},"canonical":"https:\/\/ancamonica.com\/ro\/constelatii-familiale\/programare-sesiune-online-individuala\/","og_locale":"ro_RO","og_type":"article","og_title":"Rezerv\u0103 sesiune individual\u0103 de Constela\u021bii Familiale","og_description":"Programeaz\u0103 o sesiune individual\u0103 de 2.5h cu Anca Monica. Elibereaz\u0103-te de tiparele str\u0103mo\u0219e\u0219ti. Investi\u021bie: 500 RON.","og_url":"https:\/\/ancamonica.com\/ro\/constelatii-familiale\/programare-sesiune-online-individuala\/","og_site_name":"Armonia","article_publisher":"https:\/\/www.facebook.com\/groups\/armoniabyancamonica","article_modified_time":"2026-02-15T18:45:08+00:00","og_image":[{"width":1080,"height":1080,"url":"https:\/\/ancamonica.com\/wp-content\/uploads\/2026\/02\/Constelatii-familiale-Sesiune-individuala-Cu-ANCA-MONICA.png","type":"image\/png"}],"twitter_card":"summary_large_image","twitter_misc":{"Timp estimat pentru citire":"2 minute"},"schema":{"@context":"https:\/\/schema.org","@graph":[{"@type":"WebPage","@id":"https:\/\/ancamonica.com\/ro\/constelatii-familiale\/programare-sesiune-online-individuala\/","url":"https:\/\/ancamonica.com\/ro\/constelatii-familiale\/programare-sesiune-online-individuala\/","name":"Rezerv\u0103 sesiune individual\u0103 de Constela\u021bii Familiale","isPartOf":{"@id":"https:\/\/ancamonica.com\/ro\/#website"},"primaryImageOfPage":{"@id":"https:\/\/ancamonica.com\/ro\/constelatii-familiale\/programare-sesiune-online-individuala\/#primaryimage"},"image":{"@id":"https:\/\/ancamonica.com\/ro\/constelatii-familiale\/programare-sesiune-online-individuala\/#primaryimage"},"thumbnailUrl":"https:\/\/ancamonica.com\/wp-content\/uploads\/2026\/02\/Constelatii-familiale-Sesiune-individuala-Cu-ANCA-MONICA.png","datePublished":"2026-02-15T18:18:30+00:00","dateModified":"2026-02-15T18:45:08+00:00","description":"Programeaz\u0103 o sesiune individual\u0103 de 2.5h cu Anca Monica. Elibereaz\u0103-te de tiparele str\u0103mo\u0219e\u0219ti. Investi\u021bie: 500 RON.","breadcrumb":{"@id":"https:\/\/ancamonica.com\/ro\/constelatii-familiale\/programare-sesiune-online-individuala\/#breadcrumb"},"inLanguage":"ro-RO","potentialAction":[{"@type":"ReadAction","target":["https:\/\/ancamonica.com\/ro\/constelatii-familiale\/programare-sesiune-online-individuala\/"]}]},{"@type":"ImageObject","inLanguage":"ro-RO","@id":"https:\/\/ancamonica.com\/ro\/constelatii-familiale\/programare-sesiune-online-individuala\/#primaryimage","url":"https:\/\/ancamonica.com\/wp-content\/uploads\/2026\/02\/Constelatii-familiale-Sesiune-individuala-Cu-ANCA-MONICA.png","contentUrl":"https:\/\/ancamonica.com\/wp-content\/uploads\/2026\/02\/Constelatii-familiale-Sesiune-individuala-Cu-ANCA-MONICA.png","width":1080,"height":1080},{"@type":"BreadcrumbList","@id":"https:\/\/ancamonica.com\/ro\/constelatii-familiale\/programare-sesiune-online-individuala\/#breadcrumb","itemListElement":[{"@type":"ListItem","position":1,"name":"Acas\u0103","item":"https:\/\/ancamonica.com\/ro\/"},{"@type":"ListItem","position":2,"name":"Constela\u021bii Familiale","item":"https:\/\/ancamonica.com\/ro\/constelatii-familiale\/"},{"@type":"ListItem","position":3,"name":"Rezerv\u0103 o sesiune individual\u0103 de Constela\u021bii Familiale"}]},{"@type":"WebSite","@id":"https:\/\/ancamonica.com\/ro\/#website","url":"https:\/\/ancamonica.com\/ro\/","name":"Armonia","description":"Healing today, thriving tomorrow","publisher":{"@id":"https:\/\/ancamonica.com\/ro\/#organization"},"potentialAction":[{"@type":"SearchAction","target":{"@type":"EntryPoint","urlTemplate":"https:\/\/ancamonica.com\/ro\/?s={search_term_string}"},"query-input":{"@type":"PropertyValueSpecification","valueRequired":true,"valueName":"search_term_string"}}],"inLanguage":"ro-RO"},{"@type":"Organization","@id":"https:\/\/ancamonica.com\/ro\/#organization","name":"armonia","url":"https:\/\/ancamonica.com\/ro\/","logo":{"@type":"ImageObject","inLanguage":"ro-RO","@id":"https:\/\/ancamonica.com\/ro\/#\/schema\/logo\/image\/","url":"https:\/\/ancamonica.com\/wp-content\/uploads\/2025\/10\/Armonia-Logo-red-by-Anca-Monica-1.png","contentUrl":"https:\/\/ancamonica.com\/wp-content\/uploads\/2025\/10\/Armonia-Logo-red-by-Anca-Monica-1.png","width":280,"height":60,"caption":"armonia"},"image":{"@id":"https:\/\/ancamonica.com\/ro\/#\/schema\/logo\/image\/"},"sameAs":["https:\/\/www.facebook.com\/groups\/armoniabyancamonica","https:\/\/www.instagram.com\/anca_monica_\/"]}]}},"_links":{"self":[{"href":"https:\/\/ancamonica.com\/ro\/wp-json\/wp\/v2\/pages\/2979","targetHints":{"allow":["GET"]}}],"collection":[{"href":"https:\/\/ancamonica.com\/ro\/wp-json\/wp\/v2\/pages"}],"about":[{"href":"https:\/\/ancamonica.com\/ro\/wp-json\/wp\/v2\/types\/page"}],"author":[{"embeddable":true,"href":"https:\/\/ancamonica.com\/ro\/wp-json\/wp\/v2\/users\/1"}],"replies":[{"embeddable":true,"href":"https:\/\/ancamonica.com\/ro\/wp-json\/wp\/v2\/comments?post=2979"}],"version-history":[{"count":6,"href":"https:\/\/ancamonica.com\/ro\/wp-json\/wp\/v2\/pages\/2979\/revisions"}],"predecessor-version":[{"id":2987,"href":"https:\/\/ancamonica.com\/ro\/wp-json\/wp\/v2\/pages\/2979\/revisions\/2987"}],"up":[{"embeddable":true,"href":"https:\/\/ancamonica.com\/ro\/wp-json\/wp\/v2\/pages\/1172"}],"wp:featuredmedia":[{"embeddable":true,"href":"https:\/\/ancamonica.com\/ro\/wp-json\/wp\/v2\/media\/2980"}],"wp:attachment":[{"href":"https:\/\/ancamonica.com\/ro\/wp-json\/wp\/v2\/media?parent=2979"}],"curies":[{"name":"wp","href":"https:\/\/api.w.org\/{rel}","templated":true}]}}