{"id":3048,"date":"2026-02-21T16:28:47","date_gmt":"2026-02-21T15:28:47","guid":{"rendered":"https:\/\/ancamonica.com\/?page_id=3048"},"modified":"2026-02-28T20:48:29","modified_gmt":"2026-02-28T19:48:29","slug":"rezerva","status":"publish","type":"page","link":"https:\/\/ancamonica.com\/ro\/calea-dorintei\/rezerva\/","title":{"rendered":"Rezerv\u0103"},"content":{"rendered":"<p>[et_pb_section fb_built=&#8221;1&#8243; _builder_version=&#8221;4.27.5&#8243; _module_preset=&#8221;default&#8221; use_background_color_gradient=&#8221;on&#8221; background_color_gradient_stops=&#8221;rgba(255,255,255,0.26) 0%|rgba(238,227,227,0.96) 99%&#8221; background_color_gradient_overlays_image=&#8221;on&#8221; background_image=&#8221;https:\/\/ancamonica.com\/wp-content\/uploads\/2026\/02\/3-Powerful-Reasons-to-Play-My-Dreams-Way-Today-1.png&#8221; custom_padding=&#8221;20px|||||&#8221; global_colors_info=&#8221;{}&#8221;][et_pb_row _builder_version=&#8221;4.27.5&#8243; _module_preset=&#8221;default&#8221; width_tablet=&#8221;&#8221; width_phone=&#8221;100%&#8221; width_last_edited=&#8221;on|tablet&#8221; global_colors_info=&#8221;{}&#8221;][et_pb_column type=&#8221;4_4&#8243; _builder_version=&#8221;4.27.5&#8243; _module_preset=&#8221;default&#8221; global_colors_info=&#8221;{}&#8221;][et_pb_text _builder_version=&#8221;4.27.5&#8243; _module_preset=&#8221;default&#8221; header_4_font=&#8221;\u2013et_global_body_font|600||on|||||&#8221; header_4_text_color=&#8221;#CDA85B&#8221; global_colors_info=&#8221;{}&#8221;]<\/p>\n<h1 style=\"text-align: center;\"><span>Sesiune individual\u0103 Calea Dorin\u021bei<\/span><\/h1>\n<h4 style=\"text-align: center;\">Descoper\u0103-\u021bi adev\u0103ratele dorin\u021be \u0219i intr\u0103 \u00een ac\u021biune clar\u0103.<br \/>Investi\u021bia ta: 100 EUR | Sesiune 2 ore<\/h4>\n<h4 style=\"text-align: center;\"><\/h4>\n<p>[\/et_pb_text][et_pb_code _builder_version=&#8221;4.27.5&#8243; _module_preset=&#8221;default&#8221; custom_margin=&#8221;-18px|||||&#8221; global_colors_info=&#8221;{}&#8221;]<iframe src=\"https:\/\/scheduler.zoom.us\/armonia-by-anca-monica\/game?embedStyle=%7B%22textColor%22%3A%22%234b3241%22%2C%22buttonColor%22%3A%22%23a11619%22%7D&#038;embed=true\" frameborder=\"0\" style=\"width: 1200px; height: 1200px;\"><\/iframe>[\/et_pb_code][\/et_pb_column][\/et_pb_row][et_pb_row column_structure=&#8221;1_2,1_2&#8243; _builder_version=&#8221;4.27.5&#8243; _module_preset=&#8221;default&#8221; global_colors_info=&#8221;{}&#8221;][et_pb_column type=&#8221;1_2&#8243; _builder_version=&#8221;4.27.5&#8243; _module_preset=&#8221;default&#8221; global_colors_info=&#8221;{}&#8221;][et_pb_text _builder_version=&#8221;4.27.5&#8243; _module_preset=&#8221;default&#8221; global_colors_info=&#8221;{}&#8221;]<\/p>\n<h3 class=\"my-2 [&amp;+p]:mt-4 [&amp;_strong:has(+br)]:inline-block [&amp;_strong:has(+br)]:pb-2\">Transform\u0103-\u021bi dorin\u021bele \u00een realitate<\/h3>\n<p class=\"my-2 [&amp;+p]:mt-4 [&amp;_strong:has(+br)]:inline-block [&amp;_strong:has(+br)]:pb-2\">O sesiune individual\u0103 ofer\u0103 un spa\u021biu privat \u0219i sacru pentru a explora dinamica ascuns\u0103 a adev\u0103ratele tale dorin\u021be. Folosind joc simbolic \u0219i ghidare sistemic\u0103, aducem la lumin\u0103 blocajele incon\u0219tiente care te pot \u00eempiedica s\u0103 ob\u021bii \u00eemplinire, claritate sau succes.<\/p>\n<p class=\"my-2 [&amp;+p]:mt-4 [&amp;_strong:has(+br)]:inline-block [&amp;_strong:has(+br)]:pb-2\">\n<p class=\"my-2 [&amp;+p]:mt-4 [&amp;_strong:has(+br)]:inline-block [&amp;_strong:has(+br)]:pb-2\">\n<h3 class=\"my-2 [&amp;+p]:mt-4 [&amp;_strong:has(+br)]:inline-block [&amp;_strong:has(+br)]:pb-2\">Ce putem explora \u00eempreun\u0103?<\/h3>\n<p>&nbsp;<\/p>\n<ul class=\"marker:text-quiet list-disc\">\n<li class=\"py-0 my-0 prose-p:pt-0 prose-p:mb-2 prose-p:my-0 [&amp;&gt;p]:pt-0 [&amp;&gt;p]:mb-2 [&amp;&gt;p]:my-0\">\n<p class=\"my-2 [&amp;+p]:mt-4 [&amp;_strong:has(+br)]:inline-block [&amp;_strong:has(+br)]:pb-2\"><strong>Dorin\u021be autentice:<\/strong> Descoper\u0103 ceea ce \u00ee\u021bi dore\u0219ti cu adev\u0103rat, dincolo de influen\u021bele sociale sau a\u0219tept\u0103rile familiei.<\/p>\n<\/li>\n<li class=\"py-0 my-0 prose-p:pt-0 prose-p:mb-2 prose-p:my-0 [&amp;&gt;p]:pt-0 [&amp;&gt;p]:mb-2 [&amp;&gt;p]:my-0\">\n<p class=\"my-2 [&amp;+p]:mt-4 [&amp;_strong:has(+br)]:inline-block [&amp;_strong:has(+br)]:pb-2\"><strong>Libertate emo\u021bional\u0103:<\/strong> Elibereaz\u0103 anxietatea, vinov\u0103\u021bia sau \u201egreutatea\u201d care blocheaz\u0103 fluxul t\u0103u natural.<\/p>\n<\/li>\n<li class=\"py-0 my-0 prose-p:pt-0 prose-p:mb-2 prose-p:my-0 [&amp;&gt;p]:pt-0 [&amp;&gt;p]:mb-2 [&amp;&gt;p]:my-0\">\n<p class=\"my-2 [&amp;+p]:mt-4 [&amp;_strong:has(+br)]:inline-block [&amp;_strong:has(+br)]:pb-2\"><strong>Claritate \u00een ac\u021biune:<\/strong> Creeaz\u0103 pa\u0219i concre\u021bi pentru schimb\u0103ri \u00een carier\u0103 sau transform\u0103ri personale majore.<\/p>\n<\/li>\n<li class=\"py-0 my-0 prose-p:pt-0 prose-p:mb-2 prose-p:my-0 [&amp;&gt;p]:pt-0 [&amp;&gt;p]:mb-2 [&amp;&gt;p]:my-0\">\n<p class=\"my-2 [&amp;+p]:mt-4 [&amp;_strong:has(+br)]:inline-block [&amp;_strong:has(+br)]:pb-2\"><strong>\u00cemplinire personal\u0103<\/strong>: Re<span>vindic\u0103-\u021bi locul autentic \u00een propria c\u0103l\u0103torie de via\u021b\u0103.<\/span><\/p>\n<\/li>\n<\/ul>\n<p>[\/et_pb_text][\/et_pb_column][et_pb_column type=&#8221;1_2&#8243; _builder_version=&#8221;4.27.5&#8243; _module_preset=&#8221;default&#8221; global_colors_info=&#8221;{}&#8221;][et_pb_text _builder_version=&#8221;4.27.5&#8243; _module_preset=&#8221;default&#8221; global_colors_info=&#8221;{}&#8221;]<\/p>\n<h3 data-path-to-node=\"14\">Detalii sesiune<\/h3>\n<ul data-path-to-node=\"15\">\n<li>\n<p data-path-to-node=\"15,0,0\"><strong>Durat\u0103:<\/strong> 2h<\/p>\n<\/li>\n<li>\n<p data-path-to-node=\"15,0,0\"><b data-path-to-node=\"15,1,0\" data-index-in-node=\"0\" style=\"font-size: 14px;\">Format:<\/b><span style=\"font-size: 14px;\"> Online (Zoom) <\/span><\/p>\n<\/li>\n<li>\n<p data-path-to-node=\"15,2,0\"><strong>Investi\u021bie:<\/strong> 100 EUR<\/p>\n<\/li>\n<li>\n<p data-path-to-node=\"15,3,0\"><strong>Limba:<\/strong> Rom\u00e2n\u0103<\/p>\n<\/li>\n<\/ul>\n<p>&nbsp;<\/p>\n<h3 data-path-to-node=\"18\">Detalii de plat\u0103<\/h3>\n<p data-path-to-node=\"19\">Te rog s\u0103 re\u021bii c\u0103 sesiunea nu va avea loc f\u0103r\u0103 plata efectuat\u0103 \u00een prealabil.<\/p>\n<p data-path-to-node=\"20,0\"><b data-path-to-node=\"20,0\" data-index-in-node=\"0\">Detalii Transfer Bancar<\/b><\/p>\n<ul data-path-to-node=\"20,1\">\n<li>\n<p data-path-to-node=\"20,1,0,0\">Beneficiar: Anca Monica Tcaciuc<\/p>\n<\/li>\n<li>\n<p data-path-to-node=\"20,1,1,0\">IBAN: BE72 6504 5544 3016<\/p>\n<\/li>\n<li>\n<p data-path-to-node=\"20,1,2,0\">BIC \/ Cod SWIFT: REVOBEB2<\/p>\n<\/li>\n<li>\n<p data-path-to-node=\"20,1,3,0\">BIC corespondent: CHASDEFX<\/p>\n<\/li>\n<li>\n<p data-path-to-node=\"20,1,4,0\">Referin\u021b\u0103: [Numele T\u0103u] \u2013 joc<\/p>\n<\/li>\n<\/ul>\n<p>[\/et_pb_text][\/et_pb_column][\/et_pb_row][\/et_pb_section]<\/p>\n<span class=\"et_bloom_bottom_trigger\"><\/span>","protected":false},"excerpt":{"rendered":"<p>Programeaz\u0103 o sesiune individual\u0103 \u201eMy Dreams Way\u201d de 2 ore cu Anca Monica. Descoper\u0103-\u021bi adev\u0103ratele dorin\u021be, elibereaz\u0103 blocajele \u0219i prime\u0219te pa\u0219i concre\u021bi de ac\u021biune. Ghidare privat\u0103 1:1 cu ThetaHealing \u0219i Constela\u021bii Familiale. Investi\u021bie: 100 EUR.   <\/p>\n","protected":false},"author":1,"featured_media":3053,"parent":1191,"menu_order":0,"comment_status":"closed","ping_status":"closed","template":"","meta":{"_et_pb_use_builder":"on","_et_pb_old_content":"","_et_gb_content_width":"","footnotes":""},"class_list":["post-3048","page","type-page","status-publish","has-post-thumbnail","hentry"],"yoast_head":"<!-- This site is optimized with the Yoast SEO plugin v27.4 - https:\/\/yoast.com\/product\/yoast-seo-wordpress\/ -->\n<title>Rezerv\u0103 Jocul Calea Dorin\u021bei | Sesiune privat\u0103 1:1 | cu Anca Monica<\/title>\n<meta name=\"description\" content=\"Programeaz\u0103 o sesiune individual\u0103 Calea Dorin\u021bei de 2 ore cu Anca Monica. Descoper\u0103-\u021bi adev\u0103ratele dorin\u021be, elibereaz\u0103 blocajele, ob\u021bine pa\u0219i concre\u021bi de ac\u021biune. Ghidare privat\u0103 1:1 cu ThetaHealing &amp; Constela\u021bii Familiale. Investi\u021bie: 100 EUR.\" \/>\n<meta name=\"robots\" content=\"index, follow, max-snippet:-1, max-image-preview:large, max-video-preview:-1\" \/>\n<link rel=\"canonical\" href=\"https:\/\/ancamonica.com\/ro\/calea-dorintei\/rezerva\/\" \/>\n<meta property=\"og:locale\" content=\"ro_RO\" \/>\n<meta property=\"og:type\" content=\"article\" \/>\n<meta property=\"og:title\" content=\"Rezerv\u0103 Jocul Calea Dorin\u021bei | Sesiune privat\u0103 1:1 | cu Anca Monica\" \/>\n<meta property=\"og:description\" content=\"Programeaz\u0103 o sesiune individual\u0103 Calea Dorin\u021bei de 2 ore cu Anca Monica. Descoper\u0103-\u021bi adev\u0103ratele dorin\u021be, elibereaz\u0103 blocajele, ob\u021bine pa\u0219i concre\u021bi de ac\u021biune. Ghidare privat\u0103 1:1 cu ThetaHealing &amp; Constela\u021bii Familiale. Investi\u021bie: 100 EUR.\" \/>\n<meta property=\"og:url\" content=\"https:\/\/ancamonica.com\/ro\/calea-dorintei\/rezerva\/\" \/>\n<meta property=\"og:site_name\" content=\"Armonia\" \/>\n<meta property=\"article:publisher\" content=\"https:\/\/www.facebook.com\/groups\/armoniabyancamonica\" \/>\n<meta property=\"article:modified_time\" content=\"2026-02-28T19:48:29+00:00\" \/>\n<meta property=\"og:image\" content=\"https:\/\/ancamonica.com\/wp-content\/uploads\/2026\/02\/Descopera-ti-adevaratele-dorinte-Calea-dorintei-cu-anca-monica-2-1.png\" \/>\n\t<meta property=\"og:image:width\" content=\"1080\" \/>\n\t<meta property=\"og:image:height\" content=\"1080\" \/>\n\t<meta property=\"og:image:type\" content=\"image\/png\" \/>\n<meta name=\"twitter:card\" content=\"summary_large_image\" \/>\n<meta name=\"twitter:label1\" content=\"Timp estimat pentru citire\" \/>\n\t<meta name=\"twitter:data1\" content=\"2 minute\" \/>\n<script type=\"application\/ld+json\" class=\"yoast-schema-graph\">{\"@context\":\"https:\\\/\\\/schema.org\",\"@graph\":[{\"@type\":\"WebPage\",\"@id\":\"https:\\\/\\\/ancamonica.com\\\/ro\\\/calea-dorintei\\\/rezerva\\\/\",\"url\":\"https:\\\/\\\/ancamonica.com\\\/ro\\\/calea-dorintei\\\/rezerva\\\/\",\"name\":\"Rezerv\u0103 Jocul Calea Dorin\u021bei | Sesiune privat\u0103 1:1 | cu Anca Monica\",\"isPartOf\":{\"@id\":\"https:\\\/\\\/ancamonica.com\\\/ro\\\/#website\"},\"primaryImageOfPage\":{\"@id\":\"https:\\\/\\\/ancamonica.com\\\/ro\\\/calea-dorintei\\\/rezerva\\\/#primaryimage\"},\"image\":{\"@id\":\"https:\\\/\\\/ancamonica.com\\\/ro\\\/calea-dorintei\\\/rezerva\\\/#primaryimage\"},\"thumbnailUrl\":\"https:\\\/\\\/ancamonica.com\\\/wp-content\\\/uploads\\\/2026\\\/02\\\/Descopera-ti-adevaratele-dorinte-Calea-dorintei-cu-anca-monica-2-1.png\",\"datePublished\":\"2026-02-21T15:28:47+00:00\",\"dateModified\":\"2026-02-28T19:48:29+00:00\",\"description\":\"Programeaz\u0103 o sesiune individual\u0103 Calea Dorin\u021bei de 2 ore cu Anca Monica. Descoper\u0103-\u021bi adev\u0103ratele dorin\u021be, elibereaz\u0103 blocajele, ob\u021bine pa\u0219i concre\u021bi de ac\u021biune. Ghidare privat\u0103 1:1 cu ThetaHealing & Constela\u021bii Familiale. Investi\u021bie: 100 EUR.\",\"breadcrumb\":{\"@id\":\"https:\\\/\\\/ancamonica.com\\\/ro\\\/calea-dorintei\\\/rezerva\\\/#breadcrumb\"},\"inLanguage\":\"ro-RO\",\"potentialAction\":[{\"@type\":\"ReadAction\",\"target\":[\"https:\\\/\\\/ancamonica.com\\\/ro\\\/calea-dorintei\\\/rezerva\\\/\"]}]},{\"@type\":\"ImageObject\",\"inLanguage\":\"ro-RO\",\"@id\":\"https:\\\/\\\/ancamonica.com\\\/ro\\\/calea-dorintei\\\/rezerva\\\/#primaryimage\",\"url\":\"https:\\\/\\\/ancamonica.com\\\/wp-content\\\/uploads\\\/2026\\\/02\\\/Descopera-ti-adevaratele-dorinte-Calea-dorintei-cu-anca-monica-2-1.png\",\"contentUrl\":\"https:\\\/\\\/ancamonica.com\\\/wp-content\\\/uploads\\\/2026\\\/02\\\/Descopera-ti-adevaratele-dorinte-Calea-dorintei-cu-anca-monica-2-1.png\",\"width\":1080,\"height\":1080},{\"@type\":\"BreadcrumbList\",\"@id\":\"https:\\\/\\\/ancamonica.com\\\/ro\\\/calea-dorintei\\\/rezerva\\\/#breadcrumb\",\"itemListElement\":[{\"@type\":\"ListItem\",\"position\":1,\"name\":\"Acas\u0103\",\"item\":\"https:\\\/\\\/ancamonica.com\\\/ro\\\/\"},{\"@type\":\"ListItem\",\"position\":2,\"name\":\"Calea Dorin\u021bei\",\"item\":\"https:\\\/\\\/ancamonica.com\\\/ro\\\/calea-dorintei\\\/\"},{\"@type\":\"ListItem\",\"position\":3,\"name\":\"Rezerv\u0103\"}]},{\"@type\":\"WebSite\",\"@id\":\"https:\\\/\\\/ancamonica.com\\\/ro\\\/#website\",\"url\":\"https:\\\/\\\/ancamonica.com\\\/ro\\\/\",\"name\":\"Armonia\",\"description\":\"Healing today, thriving tomorrow\",\"publisher\":{\"@id\":\"https:\\\/\\\/ancamonica.com\\\/ro\\\/#organization\"},\"potentialAction\":[{\"@type\":\"SearchAction\",\"target\":{\"@type\":\"EntryPoint\",\"urlTemplate\":\"https:\\\/\\\/ancamonica.com\\\/ro\\\/?s={search_term_string}\"},\"query-input\":{\"@type\":\"PropertyValueSpecification\",\"valueRequired\":true,\"valueName\":\"search_term_string\"}}],\"inLanguage\":\"ro-RO\"},{\"@type\":\"Organization\",\"@id\":\"https:\\\/\\\/ancamonica.com\\\/ro\\\/#organization\",\"name\":\"armonia\",\"url\":\"https:\\\/\\\/ancamonica.com\\\/ro\\\/\",\"logo\":{\"@type\":\"ImageObject\",\"inLanguage\":\"ro-RO\",\"@id\":\"https:\\\/\\\/ancamonica.com\\\/ro\\\/#\\\/schema\\\/logo\\\/image\\\/\",\"url\":\"https:\\\/\\\/ancamonica.com\\\/wp-content\\\/uploads\\\/2025\\\/10\\\/Armonia-Logo-red-by-Anca-Monica-1.png\",\"contentUrl\":\"https:\\\/\\\/ancamonica.com\\\/wp-content\\\/uploads\\\/2025\\\/10\\\/Armonia-Logo-red-by-Anca-Monica-1.png\",\"width\":280,\"height\":60,\"caption\":\"armonia\"},\"image\":{\"@id\":\"https:\\\/\\\/ancamonica.com\\\/ro\\\/#\\\/schema\\\/logo\\\/image\\\/\"},\"sameAs\":[\"https:\\\/\\\/www.facebook.com\\\/groups\\\/armoniabyancamonica\",\"https:\\\/\\\/www.instagram.com\\\/anca_monica_\\\/\"]}]}<\/script>\n<!-- \/ Yoast SEO plugin. -->","yoast_head_json":{"title":"Rezerv\u0103 Jocul Calea Dorin\u021bei | Sesiune privat\u0103 1:1 | cu Anca Monica","description":"Programeaz\u0103 o sesiune individual\u0103 Calea Dorin\u021bei de 2 ore cu Anca Monica. Descoper\u0103-\u021bi adev\u0103ratele dorin\u021be, elibereaz\u0103 blocajele, ob\u021bine pa\u0219i concre\u021bi de ac\u021biune. Ghidare privat\u0103 1:1 cu ThetaHealing & Constela\u021bii Familiale. Investi\u021bie: 100 EUR.","robots":{"index":"index","follow":"follow","max-snippet":"max-snippet:-1","max-image-preview":"max-image-preview:large","max-video-preview":"max-video-preview:-1"},"canonical":"https:\/\/ancamonica.com\/ro\/calea-dorintei\/rezerva\/","og_locale":"ro_RO","og_type":"article","og_title":"Rezerv\u0103 Jocul Calea Dorin\u021bei | Sesiune privat\u0103 1:1 | cu Anca Monica","og_description":"Programeaz\u0103 o sesiune individual\u0103 Calea Dorin\u021bei de 2 ore cu Anca Monica. Descoper\u0103-\u021bi adev\u0103ratele dorin\u021be, elibereaz\u0103 blocajele, ob\u021bine pa\u0219i concre\u021bi de ac\u021biune. Ghidare privat\u0103 1:1 cu ThetaHealing & Constela\u021bii Familiale. Investi\u021bie: 100 EUR.","og_url":"https:\/\/ancamonica.com\/ro\/calea-dorintei\/rezerva\/","og_site_name":"Armonia","article_publisher":"https:\/\/www.facebook.com\/groups\/armoniabyancamonica","article_modified_time":"2026-02-28T19:48:29+00:00","og_image":[{"width":1080,"height":1080,"url":"https:\/\/ancamonica.com\/wp-content\/uploads\/2026\/02\/Descopera-ti-adevaratele-dorinte-Calea-dorintei-cu-anca-monica-2-1.png","type":"image\/png"}],"twitter_card":"summary_large_image","twitter_misc":{"Timp estimat pentru citire":"2 minute"},"schema":{"@context":"https:\/\/schema.org","@graph":[{"@type":"WebPage","@id":"https:\/\/ancamonica.com\/ro\/calea-dorintei\/rezerva\/","url":"https:\/\/ancamonica.com\/ro\/calea-dorintei\/rezerva\/","name":"Rezerv\u0103 Jocul Calea Dorin\u021bei | Sesiune privat\u0103 1:1 | cu Anca Monica","isPartOf":{"@id":"https:\/\/ancamonica.com\/ro\/#website"},"primaryImageOfPage":{"@id":"https:\/\/ancamonica.com\/ro\/calea-dorintei\/rezerva\/#primaryimage"},"image":{"@id":"https:\/\/ancamonica.com\/ro\/calea-dorintei\/rezerva\/#primaryimage"},"thumbnailUrl":"https:\/\/ancamonica.com\/wp-content\/uploads\/2026\/02\/Descopera-ti-adevaratele-dorinte-Calea-dorintei-cu-anca-monica-2-1.png","datePublished":"2026-02-21T15:28:47+00:00","dateModified":"2026-02-28T19:48:29+00:00","description":"Programeaz\u0103 o sesiune individual\u0103 Calea Dorin\u021bei de 2 ore cu Anca Monica. Descoper\u0103-\u021bi adev\u0103ratele dorin\u021be, elibereaz\u0103 blocajele, ob\u021bine pa\u0219i concre\u021bi de ac\u021biune. Ghidare privat\u0103 1:1 cu ThetaHealing & Constela\u021bii Familiale. Investi\u021bie: 100 EUR.","breadcrumb":{"@id":"https:\/\/ancamonica.com\/ro\/calea-dorintei\/rezerva\/#breadcrumb"},"inLanguage":"ro-RO","potentialAction":[{"@type":"ReadAction","target":["https:\/\/ancamonica.com\/ro\/calea-dorintei\/rezerva\/"]}]},{"@type":"ImageObject","inLanguage":"ro-RO","@id":"https:\/\/ancamonica.com\/ro\/calea-dorintei\/rezerva\/#primaryimage","url":"https:\/\/ancamonica.com\/wp-content\/uploads\/2026\/02\/Descopera-ti-adevaratele-dorinte-Calea-dorintei-cu-anca-monica-2-1.png","contentUrl":"https:\/\/ancamonica.com\/wp-content\/uploads\/2026\/02\/Descopera-ti-adevaratele-dorinte-Calea-dorintei-cu-anca-monica-2-1.png","width":1080,"height":1080},{"@type":"BreadcrumbList","@id":"https:\/\/ancamonica.com\/ro\/calea-dorintei\/rezerva\/#breadcrumb","itemListElement":[{"@type":"ListItem","position":1,"name":"Acas\u0103","item":"https:\/\/ancamonica.com\/ro\/"},{"@type":"ListItem","position":2,"name":"Calea Dorin\u021bei","item":"https:\/\/ancamonica.com\/ro\/calea-dorintei\/"},{"@type":"ListItem","position":3,"name":"Rezerv\u0103"}]},{"@type":"WebSite","@id":"https:\/\/ancamonica.com\/ro\/#website","url":"https:\/\/ancamonica.com\/ro\/","name":"Armonia","description":"Healing today, thriving tomorrow","publisher":{"@id":"https:\/\/ancamonica.com\/ro\/#organization"},"potentialAction":[{"@type":"SearchAction","target":{"@type":"EntryPoint","urlTemplate":"https:\/\/ancamonica.com\/ro\/?s={search_term_string}"},"query-input":{"@type":"PropertyValueSpecification","valueRequired":true,"valueName":"search_term_string"}}],"inLanguage":"ro-RO"},{"@type":"Organization","@id":"https:\/\/ancamonica.com\/ro\/#organization","name":"armonia","url":"https:\/\/ancamonica.com\/ro\/","logo":{"@type":"ImageObject","inLanguage":"ro-RO","@id":"https:\/\/ancamonica.com\/ro\/#\/schema\/logo\/image\/","url":"https:\/\/ancamonica.com\/wp-content\/uploads\/2025\/10\/Armonia-Logo-red-by-Anca-Monica-1.png","contentUrl":"https:\/\/ancamonica.com\/wp-content\/uploads\/2025\/10\/Armonia-Logo-red-by-Anca-Monica-1.png","width":280,"height":60,"caption":"armonia"},"image":{"@id":"https:\/\/ancamonica.com\/ro\/#\/schema\/logo\/image\/"},"sameAs":["https:\/\/www.facebook.com\/groups\/armoniabyancamonica","https:\/\/www.instagram.com\/anca_monica_\/"]}]}},"_links":{"self":[{"href":"https:\/\/ancamonica.com\/ro\/wp-json\/wp\/v2\/pages\/3048","targetHints":{"allow":["GET"]}}],"collection":[{"href":"https:\/\/ancamonica.com\/ro\/wp-json\/wp\/v2\/pages"}],"about":[{"href":"https:\/\/ancamonica.com\/ro\/wp-json\/wp\/v2\/types\/page"}],"author":[{"embeddable":true,"href":"https:\/\/ancamonica.com\/ro\/wp-json\/wp\/v2\/users\/1"}],"replies":[{"embeddable":true,"href":"https:\/\/ancamonica.com\/ro\/wp-json\/wp\/v2\/comments?post=3048"}],"version-history":[{"count":8,"href":"https:\/\/ancamonica.com\/ro\/wp-json\/wp\/v2\/pages\/3048\/revisions"}],"predecessor-version":[{"id":3125,"href":"https:\/\/ancamonica.com\/ro\/wp-json\/wp\/v2\/pages\/3048\/revisions\/3125"}],"up":[{"embeddable":true,"href":"https:\/\/ancamonica.com\/ro\/wp-json\/wp\/v2\/pages\/1191"}],"wp:featuredmedia":[{"embeddable":true,"href":"https:\/\/ancamonica.com\/ro\/wp-json\/wp\/v2\/media\/3053"}],"wp:attachment":[{"href":"https:\/\/ancamonica.com\/ro\/wp-json\/wp\/v2\/media?parent=3048"}],"curies":[{"name":"wp","href":"https:\/\/api.w.org\/{rel}","templated":true}]}}