{"id":3263,"date":"2026-03-14T08:21:07","date_gmt":"2026-03-14T07:21:07","guid":{"rendered":"https:\/\/ancamonica.com\/?page_id=3263"},"modified":"2026-03-18T09:58:52","modified_gmt":"2026-03-18T08:58:52","slug":"testimoniale","status":"publish","type":"page","link":"https:\/\/ancamonica.com\/ro\/testimoniale\/","title":{"rendered":"Testimoniale"},"content":{"rendered":"<p>[et_pb_section fb_built=&#8221;1&#8243; _builder_version=&#8221;4.27.6&#8243; _module_preset=&#8221;default&#8221; custom_padding=&#8221;||0px|||&#8221; global_colors_info=&#8221;{}&#8221;][et_pb_row _builder_version=&#8221;4.27.6&#8243; _module_preset=&#8221;default&#8221; global_colors_info=&#8221;{}&#8221;][et_pb_column type=&#8221;4_4&#8243; _builder_version=&#8221;4.27.6&#8243; _module_preset=&#8221;default&#8221; global_colors_info=&#8221;{}&#8221;][et_pb_text _builder_version=&#8221;4.27.6&#8243; _module_preset=&#8221;default&#8221; header_text_align=&#8221;center&#8221; header_font_size=&#8221;50px&#8221; global_colors_info=&#8221;{}&#8221;]<\/p>\n<h1>Testimoniale<\/h1>\n<p>[\/et_pb_text][\/et_pb_column][\/et_pb_row][\/et_pb_section][et_pb_section fb_built=&#8221;1&#8243; specialty=&#8221;on&#8221; _builder_version=&#8221;4.27.6&#8243; _module_preset=&#8221;default&#8221; custom_padding=&#8221;0px|||||&#8221; global_colors_info=&#8221;{}&#8221;][et_pb_column type=&#8221;1_2&#8243; _builder_version=&#8221;4.16&#8243; custom_padding=&#8221;|||&#8221; global_colors_info=&#8221;{}&#8221; custom_padding__hover=&#8221;|||&#8221;][et_pb_testimonial author=&#8221;Cristina&#8221; job_title=&#8221;Doctor \u0219i Fondator al Clinicii Stomatologice Neoclinique&#8221; quote_icon=&#8221;off&#8221; quote_icon_color=&#8221;#CDA85B&#8221; use_icon_font_size=&#8221;on&#8221; icon_font_size=&#8221;55px&#8221; _builder_version=&#8221;4.27.6&#8243; _module_preset=&#8221;default&#8221; body_font=&#8221;\u2013et_global_body_font|500|||||||&#8221; body_font_size=&#8221;16px&#8221; author_font=&#8221;\u2013et_global_heading_font|500|||||||&#8221; author_text_color=&#8221;#A11619&#8243; author_font_size=&#8221;20px&#8221; position_font=&#8221;\u2013et_global_body_font|600||on|||||&#8221; position_text_color=&#8221;#CDA85B&#8221; background_color=&#8221;rgba(242,227,222,0.24)&#8221; text_orientation=&#8221;center&#8221; global_colors_info=&#8221;{}&#8221;]<\/p>\n<blockquote><\/blockquote>\n<p class=\"my-2 [&amp;+p]:mt-4 [&amp;_strong:has(+br)]:inline-block [&amp;_strong:has(+br)]:pb-2\" style=\"text-align: justify;\">Am participat la o sesiune de constela\u021bii online cu Monica, iar experien\u021ba a fost absolut minunat\u0103. Puterea frazelor rostite a fost pur \u0219i simplu eliberatoare.<\/p>\n<p class=\"my-2 [&amp;+p]:mt-4 [&amp;_strong:has(+br)]:inline-block [&amp;_strong:has(+br)]:pb-2\" style=\"text-align: justify;\">Timp de mai bine de o s\u0103pt\u0103m\u00e2n\u0103, am fost \u00eentr-o stare profund\u0103 de tensiune. Emo\u021bional, eram foarte instabil\u0103 \u2013 pl\u00e2ngeam la orice \u0219i nimic nu p\u0103rea s\u0103 ajute. Medita\u021bia, rug\u0103ciunile, nimic nu m\u0103 putea ridica din umbra \u00een care intrasem. Mintea mea era \u00een tumult. De\u0219i totul \u00een jurul meu p\u0103rea bine, \u00een interior sim\u021beam ca \u0219i cum o armat\u0103 \u00eentreag\u0103 m\u0103 \u021binea pe loc \u2013 nu aveam claritate, nu puteam g\u00e2ndi limpede \u0219i m\u0103 luptam s\u0103 func\u021bionez \u00een via\u021ba de zi cu zi. Triste\u021bea m\u0103 cople\u0219ea \u0219i m\u0103 sim\u021beam aproape de depresie.<\/p>\n<p class=\"my-2 [&amp;+p]:mt-4 [&amp;_strong:has(+br)]:inline-block [&amp;_strong:has(+br)]:pb-2\" style=\"text-align: justify;\">Dup\u0103 doar dou\u0103 ore de lucru cu Anca Monica, acel sentiment greu s-a ridicat. Simt c\u0103 pot respira din nou. M\u0103 bucur din nou de via\u021b\u0103. Sunt din nou fericit\u0103. Sesiunea a fost cu adev\u0103rat transformatoare, profund\u0103 \u0219i revelatoare.<\/p>\n<p class=\"my-2 [&amp;+p]:mt-4 [&amp;_strong:has(+br)]:inline-block [&amp;_strong:has(+br)]:pb-2\" style=\"text-align: justify;\">\u00ce\u021bi mul\u021bumesc din suflet, Anca Monica! Te recomand din toat\u0103 inima.<\/p>\n<blockquote><\/blockquote>\n<p>[\/et_pb_testimonial][et_pb_testimonial author=&#8221;Madalina Ghita&#8221; job_title=&#8221;Antreprenor&#8221; quote_icon=&#8221;off&#8221; quote_icon_color=&#8221;#CDA85B&#8221; use_icon_font_size=&#8221;on&#8221; icon_font_size=&#8221;55px&#8221; _builder_version=&#8221;4.27.6&#8243; _module_preset=&#8221;default&#8221; body_font=&#8221;\u2013et_global_body_font|500|||||||&#8221; body_font_size=&#8221;16px&#8221; author_font=&#8221;\u2013et_global_heading_font|500|||||||&#8221; author_text_color=&#8221;#A11619&#8243; author_font_size=&#8221;20px&#8221; position_font=&#8221;\u2013et_global_body_font|600||on|||||&#8221; position_text_color=&#8221;#CDA85B&#8221; background_color=&#8221;rgba(242,227,222,0.24)&#8221; text_orientation=&#8221;center&#8221; global_colors_info=&#8221;{}&#8221;]<\/p>\n<blockquote><\/blockquote>\n<p style=\"text-align: justify;\">Pentru mine participarea a fost magie curata.<br \/>Nu ma gandeam sa imi arate atat de clar care e tiparul pe care eu il urmez in legatura cu dorinta mea.<\/p>\n<p style=\"text-align: justify;\">M-a lasat faraa cuvinte.<br \/>Mi-am vazut blocajele atat de clar dar si solutiile caci nu mai am cum sa mai neg sau sa mai ignor ceea ce pana la participare am negat si ignorat.<br \/>Abia astept urmatoarea participare la joc.<br \/>Caci am nevoie de claritate in al doilea obiectiv al meu\ud83e\udd70<br \/>Recomand cu \u00eencredere.<br \/>Cu prietenie<\/p>\n<blockquote><\/blockquote>\n<p>[\/et_pb_testimonial][\/et_pb_column][et_pb_column type=&#8221;1_2&#8243; specialty_columns=&#8221;2&#8243; _builder_version=&#8221;4.16&#8243; custom_padding=&#8221;|||&#8221; global_colors_info=&#8221;{}&#8221; custom_padding__hover=&#8221;|||&#8221;][et_pb_row_inner _builder_version=&#8221;4.27.6&#8243; _module_preset=&#8221;default&#8221; global_colors_info=&#8221;{}&#8221;][et_pb_column_inner saved_specialty_column_type=&#8221;1_2&#8243; _builder_version=&#8221;4.27.6&#8243; _module_preset=&#8221;default&#8221; global_colors_info=&#8221;{}&#8221;][et_pb_testimonial author=&#8221;Valentina&#8221; job_title=&#8221;Antreprenor&#8221; quote_icon=&#8221;off&#8221; quote_icon_color=&#8221;#CDA85B&#8221; use_icon_font_size=&#8221;on&#8221; icon_font_size=&#8221;55px&#8221; _builder_version=&#8221;4.27.6&#8243; _module_preset=&#8221;default&#8221; body_font=&#8221;\u2013et_global_body_font|500|||||||&#8221; body_font_size=&#8221;16px&#8221; author_font=&#8221;\u2013et_global_heading_font|500|||||||&#8221; author_text_color=&#8221;#A11619&#8243; author_font_size=&#8221;20px&#8221; position_font=&#8221;\u2013et_global_body_font|600||on|||||&#8221; position_text_color=&#8221;#CDA85B&#8221; background_color=&#8221;rgba(242,227,222,0.24)&#8221; text_orientation=&#8221;center&#8221; global_colors_info=&#8221;{}&#8221;]<\/p>\n<blockquote><\/blockquote>\n<p class=\"my-2 [&amp;+p]:mt-4 [&amp;_strong:has(+br)]:inline-block [&amp;_strong:has(+br)]:pb-2\" style=\"text-align: justify;\">Calea dorin\u021bei m-a ajutat sa-mi exprim cu voce tare \u0219i cu \u00eencredere direc\u021bia pe care am ales-o \u00een ceea ce prive\u0219te cariera mea. Jocul a adus \u00een prim-plan mai multe provoc\u0103ri personale \u0219i profesionale, pe care am reu\u0219it s\u00ee le con\u0219tientizez si sa le \u00eenteleg mai bine.<\/p>\n<p class=\"my-2 [&amp;+p]:mt-4 [&amp;_strong:has(+br)]:inline-block [&amp;_strong:has(+br)]:pb-2\" style=\"text-align: justify;\">Pe tot parcursul experientei, Anca Monica m-a ghidat cu r\u0103bdare \u0219i \u00een\u021belegere, respect\u00e2nd ritmul meu de procesare. Acest lucru a creat un spa\u021biu sigur pentru reflec\u021bie \u0219i clarificare.<\/p>\n<p class=\"my-2 [&amp;+p]:mt-4 [&amp;_strong:has(+br)]:inline-block [&amp;_strong:has(+br)]:pb-2\" style=\"text-align: justify;\">\u00cei mul\u021bumesc pentru oportunitatea de a participa la acest joc. Este o experienta la care voi reveni cu interes, pentru a explora \u0219i alte dorin\u021be sau direc\u021bii care pot ap\u0103rea pe parcurs. <span class=\"citation-nbsp\"><\/span><span class=\"inline-block align-middle\"><\/span><\/p>\n<blockquote><\/blockquote>\n<p>[\/et_pb_testimonial][et_pb_testimonial author=&#8221;Andreea&#8221; job_title=&#8221;Student\u0103&#8221; quote_icon=&#8221;off&#8221; quote_icon_color=&#8221;#CDA85B&#8221; use_icon_font_size=&#8221;on&#8221; icon_font_size=&#8221;55px&#8221; _builder_version=&#8221;4.27.6&#8243; _module_preset=&#8221;default&#8221; body_font=&#8221;\u2013et_global_body_font|500|||||||&#8221; body_font_size=&#8221;16px&#8221; author_font=&#8221;\u2013et_global_heading_font|500|||||||&#8221; author_text_color=&#8221;#A11619&#8243; author_font_size=&#8221;20px&#8221; position_font=&#8221;\u2013et_global_body_font|600||on|||||&#8221; position_text_color=&#8221;#CDA85B&#8221; background_color=&#8221;rgba(242,227,222,0.24)&#8221; text_orientation=&#8221;center&#8221; global_colors_info=&#8221;{}&#8221;]<\/p>\n<blockquote><\/blockquote>\n<p class=\"my-2 [&amp;+p]:mt-4 [&amp;_strong:has(+br)]:inline-block [&amp;_strong:has(+br)]:pb-2\"> M\u0103 simt extraordinar de bine \u0219i \u00eenc\u0103 m\u0103 tot minunez. Nu mai simt nevoia s\u0103-l controlez pe iubitul meu \ud83d\ude02, nu mai simt nevoia s\u0103 m\u0103 cert \u0219i m\u0103 bucur de o stare profund\u0103 de lini\u0219te interioar\u0103 \u2764\ufe0f\ud83d\ude4f\ud83c\udffc<br \/>E\u0219ti magic\u0103, Anca Monica!<br \/>\u00ce\u021bi mul\u021bumesc din suflet \u2014 cu ajutorul t\u0103u, simt c\u0103 sunt un om nou! <span class=\"citation-nbsp\"><\/span><span class=\"inline-block align-middle\"><\/span><\/p>\n<blockquote><\/blockquote>\n<p>[\/et_pb_testimonial][\/et_pb_column_inner][\/et_pb_row_inner][\/et_pb_column][\/et_pb_section]<\/p>\n<span class=\"et_bloom_bottom_trigger\"><\/span>","protected":false},"excerpt":{"rendered":"<p>Testimoniale Am participat la o sesiune de constela\u021bii online cu Monica, iar experien\u021ba a fost absolut minunat\u0103. Puterea frazelor rostite a fost pur \u0219i simplu eliberatoare. Timp de mai bine de o s\u0103pt\u0103m\u00e2n\u0103, am fost \u00eentr-o stare profund\u0103 de tensiune. Emo\u021bional, eram foarte instabil\u0103 \u2013 pl\u00e2ngeam la orice \u0219i nimic nu p\u0103rea s\u0103 ajute. Medita\u021bia, [&hellip;]<\/p>\n","protected":false},"author":1,"featured_media":2600,"parent":0,"menu_order":0,"comment_status":"closed","ping_status":"closed","template":"","meta":{"_et_pb_use_builder":"on","_et_pb_old_content":"","_et_gb_content_width":"","footnotes":""},"class_list":["post-3263","page","type-page","status-publish","has-post-thumbnail","hentry"],"yoast_head":"<!-- This site is optimized with the Yoast SEO plugin v27.5 - https:\/\/yoast.com\/product\/yoast-seo-wordpress\/ -->\n<title>Testimoniale Anca Monica | Ce zice lumea despre Constela\u021bii \u0219i Calea Dorin\u021bei<\/title>\n<meta name=\"description\" content=\"Descoper\u0103 experien\u021bele reale ale clien\u021bilor Anca Monica: constela\u021bii familiale online, jocul Calea Dorin\u021bei \u0219i sesiuni profunde de vindecare emo\u021bional\u0103, claritate \u0219i transformare.\" \/>\n<meta name=\"robots\" content=\"index, follow, max-snippet:-1, max-image-preview:large, max-video-preview:-1\" \/>\n<link rel=\"canonical\" href=\"https:\/\/ancamonica.com\/ro\/testimoniale\/\" \/>\n<meta property=\"og:locale\" content=\"ro_RO\" \/>\n<meta property=\"og:type\" content=\"article\" \/>\n<meta property=\"og:title\" content=\"Testimoniale Anca Monica | Ce zice lumea despre Constela\u021bii \u0219i Calea Dorin\u021bei\" \/>\n<meta property=\"og:description\" content=\"Descoper\u0103 experien\u021bele reale ale clien\u021bilor Anca Monica: constela\u021bii familiale online, jocul Calea Dorin\u021bei \u0219i sesiuni profunde de vindecare emo\u021bional\u0103, claritate \u0219i transformare.\" \/>\n<meta property=\"og:url\" content=\"https:\/\/ancamonica.com\/ro\/testimoniale\/\" \/>\n<meta property=\"og:site_name\" content=\"Armonia\" \/>\n<meta property=\"article:publisher\" content=\"https:\/\/www.facebook.com\/groups\/armoniabyancamonica\" \/>\n<meta property=\"article:modified_time\" content=\"2026-03-18T08:58:52+00:00\" \/>\n<meta property=\"og:image\" content=\"https:\/\/ancamonica.com\/wp-content\/uploads\/2026\/02\/Armonia-cu-Anca-Monica-ofera-sesiuni-personalizate-de-Constelatii-Familiale-Genograme-ThetaHealing\u00ae-jocul-\u201eCalea-Dorintei-Feng-Shui-si-astrologie-chineza-BaZi-\u2013-pentru-vindecare-emotionala-pr.png\" \/>\n\t<meta property=\"og:image:width\" content=\"1080\" \/>\n\t<meta property=\"og:image:height\" content=\"1080\" \/>\n\t<meta property=\"og:image:type\" content=\"image\/png\" \/>\n<meta name=\"twitter:card\" content=\"summary_large_image\" \/>\n<meta name=\"twitter:label1\" content=\"Timp estimat pentru citire\" \/>\n\t<meta name=\"twitter:data1\" content=\"3 minute\" \/>\n<script type=\"application\/ld+json\" class=\"yoast-schema-graph\">{\"@context\":\"https:\\\/\\\/schema.org\",\"@graph\":[{\"@type\":\"WebPage\",\"@id\":\"https:\\\/\\\/ancamonica.com\\\/ro\\\/testimoniale\\\/\",\"url\":\"https:\\\/\\\/ancamonica.com\\\/ro\\\/testimoniale\\\/\",\"name\":\"Testimoniale Anca Monica | Ce zice lumea despre Constela\u021bii \u0219i Calea Dorin\u021bei\",\"isPartOf\":{\"@id\":\"https:\\\/\\\/ancamonica.com\\\/ro\\\/#website\"},\"primaryImageOfPage\":{\"@id\":\"https:\\\/\\\/ancamonica.com\\\/ro\\\/testimoniale\\\/#primaryimage\"},\"image\":{\"@id\":\"https:\\\/\\\/ancamonica.com\\\/ro\\\/testimoniale\\\/#primaryimage\"},\"thumbnailUrl\":\"https:\\\/\\\/ancamonica.com\\\/wp-content\\\/uploads\\\/2026\\\/02\\\/Armonia-cu-Anca-Monica-ofera-sesiuni-personalizate-de-Constelatii-Familiale-Genograme-ThetaHealing\u00ae-jocul-\u201eCalea-Dorintei-Feng-Shui-si-astrologie-chineza-BaZi-\u2013-pentru-vindecare-emotionala-pr.png\",\"datePublished\":\"2026-03-14T07:21:07+00:00\",\"dateModified\":\"2026-03-18T08:58:52+00:00\",\"description\":\"Descoper\u0103 experien\u021bele reale ale clien\u021bilor Anca Monica: constela\u021bii familiale online, jocul Calea Dorin\u021bei \u0219i sesiuni profunde de vindecare emo\u021bional\u0103, claritate \u0219i transformare.\",\"breadcrumb\":{\"@id\":\"https:\\\/\\\/ancamonica.com\\\/ro\\\/testimoniale\\\/#breadcrumb\"},\"inLanguage\":\"ro-RO\",\"potentialAction\":[{\"@type\":\"ReadAction\",\"target\":[\"https:\\\/\\\/ancamonica.com\\\/ro\\\/testimoniale\\\/\"]}]},{\"@type\":\"ImageObject\",\"inLanguage\":\"ro-RO\",\"@id\":\"https:\\\/\\\/ancamonica.com\\\/ro\\\/testimoniale\\\/#primaryimage\",\"url\":\"https:\\\/\\\/ancamonica.com\\\/wp-content\\\/uploads\\\/2026\\\/02\\\/Armonia-cu-Anca-Monica-ofera-sesiuni-personalizate-de-Constelatii-Familiale-Genograme-ThetaHealing\u00ae-jocul-\u201eCalea-Dorintei-Feng-Shui-si-astrologie-chineza-BaZi-\u2013-pentru-vindecare-emotionala-pr.png\",\"contentUrl\":\"https:\\\/\\\/ancamonica.com\\\/wp-content\\\/uploads\\\/2026\\\/02\\\/Armonia-cu-Anca-Monica-ofera-sesiuni-personalizate-de-Constelatii-Familiale-Genograme-ThetaHealing\u00ae-jocul-\u201eCalea-Dorintei-Feng-Shui-si-astrologie-chineza-BaZi-\u2013-pentru-vindecare-emotionala-pr.png\",\"width\":1080,\"height\":1080},{\"@type\":\"BreadcrumbList\",\"@id\":\"https:\\\/\\\/ancamonica.com\\\/ro\\\/testimoniale\\\/#breadcrumb\",\"itemListElement\":[{\"@type\":\"ListItem\",\"position\":1,\"name\":\"Acas\u0103\",\"item\":\"https:\\\/\\\/ancamonica.com\\\/ro\\\/\"},{\"@type\":\"ListItem\",\"position\":2,\"name\":\"Testimoniale\"}]},{\"@type\":\"WebSite\",\"@id\":\"https:\\\/\\\/ancamonica.com\\\/ro\\\/#website\",\"url\":\"https:\\\/\\\/ancamonica.com\\\/ro\\\/\",\"name\":\"Armonia\",\"description\":\"Healing today, thriving tomorrow\",\"publisher\":{\"@id\":\"https:\\\/\\\/ancamonica.com\\\/ro\\\/#organization\"},\"potentialAction\":[{\"@type\":\"SearchAction\",\"target\":{\"@type\":\"EntryPoint\",\"urlTemplate\":\"https:\\\/\\\/ancamonica.com\\\/ro\\\/?s={search_term_string}\"},\"query-input\":{\"@type\":\"PropertyValueSpecification\",\"valueRequired\":true,\"valueName\":\"search_term_string\"}}],\"inLanguage\":\"ro-RO\"},{\"@type\":\"Organization\",\"@id\":\"https:\\\/\\\/ancamonica.com\\\/ro\\\/#organization\",\"name\":\"armonia\",\"url\":\"https:\\\/\\\/ancamonica.com\\\/ro\\\/\",\"logo\":{\"@type\":\"ImageObject\",\"inLanguage\":\"ro-RO\",\"@id\":\"https:\\\/\\\/ancamonica.com\\\/ro\\\/#\\\/schema\\\/logo\\\/image\\\/\",\"url\":\"https:\\\/\\\/ancamonica.com\\\/wp-content\\\/uploads\\\/2025\\\/10\\\/Armonia-Logo-red-by-Anca-Monica-1.png\",\"contentUrl\":\"https:\\\/\\\/ancamonica.com\\\/wp-content\\\/uploads\\\/2025\\\/10\\\/Armonia-Logo-red-by-Anca-Monica-1.png\",\"width\":280,\"height\":60,\"caption\":\"armonia\"},\"image\":{\"@id\":\"https:\\\/\\\/ancamonica.com\\\/ro\\\/#\\\/schema\\\/logo\\\/image\\\/\"},\"sameAs\":[\"https:\\\/\\\/www.facebook.com\\\/groups\\\/armoniabyancamonica\",\"https:\\\/\\\/www.instagram.com\\\/anca_monica_\\\/\"]}]}<\/script>\n<!-- \/ Yoast SEO plugin. -->","yoast_head_json":{"title":"Testimoniale Anca Monica | Ce zice lumea despre Constela\u021bii \u0219i Calea Dorin\u021bei","description":"Descoper\u0103 experien\u021bele reale ale clien\u021bilor Anca Monica: constela\u021bii familiale online, jocul Calea Dorin\u021bei \u0219i sesiuni profunde de vindecare emo\u021bional\u0103, claritate \u0219i transformare.","robots":{"index":"index","follow":"follow","max-snippet":"max-snippet:-1","max-image-preview":"max-image-preview:large","max-video-preview":"max-video-preview:-1"},"canonical":"https:\/\/ancamonica.com\/ro\/testimoniale\/","og_locale":"ro_RO","og_type":"article","og_title":"Testimoniale Anca Monica | Ce zice lumea despre Constela\u021bii \u0219i Calea Dorin\u021bei","og_description":"Descoper\u0103 experien\u021bele reale ale clien\u021bilor Anca Monica: constela\u021bii familiale online, jocul Calea Dorin\u021bei \u0219i sesiuni profunde de vindecare emo\u021bional\u0103, claritate \u0219i transformare.","og_url":"https:\/\/ancamonica.com\/ro\/testimoniale\/","og_site_name":"Armonia","article_publisher":"https:\/\/www.facebook.com\/groups\/armoniabyancamonica","article_modified_time":"2026-03-18T08:58:52+00:00","og_image":[{"width":1080,"height":1080,"url":"https:\/\/ancamonica.com\/wp-content\/uploads\/2026\/02\/Armonia-cu-Anca-Monica-ofera-sesiuni-personalizate-de-Constelatii-Familiale-Genograme-ThetaHealing\u00ae-jocul-\u201eCalea-Dorintei-Feng-Shui-si-astrologie-chineza-BaZi-\u2013-pentru-vindecare-emotionala-pr.png","type":"image\/png"}],"twitter_card":"summary_large_image","twitter_misc":{"Timp estimat pentru citire":"3 minute"},"schema":{"@context":"https:\/\/schema.org","@graph":[{"@type":"WebPage","@id":"https:\/\/ancamonica.com\/ro\/testimoniale\/","url":"https:\/\/ancamonica.com\/ro\/testimoniale\/","name":"Testimoniale Anca Monica | Ce zice lumea despre Constela\u021bii \u0219i Calea Dorin\u021bei","isPartOf":{"@id":"https:\/\/ancamonica.com\/ro\/#website"},"primaryImageOfPage":{"@id":"https:\/\/ancamonica.com\/ro\/testimoniale\/#primaryimage"},"image":{"@id":"https:\/\/ancamonica.com\/ro\/testimoniale\/#primaryimage"},"thumbnailUrl":"https:\/\/ancamonica.com\/wp-content\/uploads\/2026\/02\/Armonia-cu-Anca-Monica-ofera-sesiuni-personalizate-de-Constelatii-Familiale-Genograme-ThetaHealing\u00ae-jocul-\u201eCalea-Dorintei-Feng-Shui-si-astrologie-chineza-BaZi-\u2013-pentru-vindecare-emotionala-pr.png","datePublished":"2026-03-14T07:21:07+00:00","dateModified":"2026-03-18T08:58:52+00:00","description":"Descoper\u0103 experien\u021bele reale ale clien\u021bilor Anca Monica: constela\u021bii familiale online, jocul Calea Dorin\u021bei \u0219i sesiuni profunde de vindecare emo\u021bional\u0103, claritate \u0219i transformare.","breadcrumb":{"@id":"https:\/\/ancamonica.com\/ro\/testimoniale\/#breadcrumb"},"inLanguage":"ro-RO","potentialAction":[{"@type":"ReadAction","target":["https:\/\/ancamonica.com\/ro\/testimoniale\/"]}]},{"@type":"ImageObject","inLanguage":"ro-RO","@id":"https:\/\/ancamonica.com\/ro\/testimoniale\/#primaryimage","url":"https:\/\/ancamonica.com\/wp-content\/uploads\/2026\/02\/Armonia-cu-Anca-Monica-ofera-sesiuni-personalizate-de-Constelatii-Familiale-Genograme-ThetaHealing\u00ae-jocul-\u201eCalea-Dorintei-Feng-Shui-si-astrologie-chineza-BaZi-\u2013-pentru-vindecare-emotionala-pr.png","contentUrl":"https:\/\/ancamonica.com\/wp-content\/uploads\/2026\/02\/Armonia-cu-Anca-Monica-ofera-sesiuni-personalizate-de-Constelatii-Familiale-Genograme-ThetaHealing\u00ae-jocul-\u201eCalea-Dorintei-Feng-Shui-si-astrologie-chineza-BaZi-\u2013-pentru-vindecare-emotionala-pr.png","width":1080,"height":1080},{"@type":"BreadcrumbList","@id":"https:\/\/ancamonica.com\/ro\/testimoniale\/#breadcrumb","itemListElement":[{"@type":"ListItem","position":1,"name":"Acas\u0103","item":"https:\/\/ancamonica.com\/ro\/"},{"@type":"ListItem","position":2,"name":"Testimoniale"}]},{"@type":"WebSite","@id":"https:\/\/ancamonica.com\/ro\/#website","url":"https:\/\/ancamonica.com\/ro\/","name":"Armonia","description":"Healing today, thriving tomorrow","publisher":{"@id":"https:\/\/ancamonica.com\/ro\/#organization"},"potentialAction":[{"@type":"SearchAction","target":{"@type":"EntryPoint","urlTemplate":"https:\/\/ancamonica.com\/ro\/?s={search_term_string}"},"query-input":{"@type":"PropertyValueSpecification","valueRequired":true,"valueName":"search_term_string"}}],"inLanguage":"ro-RO"},{"@type":"Organization","@id":"https:\/\/ancamonica.com\/ro\/#organization","name":"armonia","url":"https:\/\/ancamonica.com\/ro\/","logo":{"@type":"ImageObject","inLanguage":"ro-RO","@id":"https:\/\/ancamonica.com\/ro\/#\/schema\/logo\/image\/","url":"https:\/\/ancamonica.com\/wp-content\/uploads\/2025\/10\/Armonia-Logo-red-by-Anca-Monica-1.png","contentUrl":"https:\/\/ancamonica.com\/wp-content\/uploads\/2025\/10\/Armonia-Logo-red-by-Anca-Monica-1.png","width":280,"height":60,"caption":"armonia"},"image":{"@id":"https:\/\/ancamonica.com\/ro\/#\/schema\/logo\/image\/"},"sameAs":["https:\/\/www.facebook.com\/groups\/armoniabyancamonica","https:\/\/www.instagram.com\/anca_monica_\/"]}]}},"_links":{"self":[{"href":"https:\/\/ancamonica.com\/ro\/wp-json\/wp\/v2\/pages\/3263","targetHints":{"allow":["GET"]}}],"collection":[{"href":"https:\/\/ancamonica.com\/ro\/wp-json\/wp\/v2\/pages"}],"about":[{"href":"https:\/\/ancamonica.com\/ro\/wp-json\/wp\/v2\/types\/page"}],"author":[{"embeddable":true,"href":"https:\/\/ancamonica.com\/ro\/wp-json\/wp\/v2\/users\/1"}],"replies":[{"embeddable":true,"href":"https:\/\/ancamonica.com\/ro\/wp-json\/wp\/v2\/comments?post=3263"}],"version-history":[{"count":8,"href":"https:\/\/ancamonica.com\/ro\/wp-json\/wp\/v2\/pages\/3263\/revisions"}],"predecessor-version":[{"id":3279,"href":"https:\/\/ancamonica.com\/ro\/wp-json\/wp\/v2\/pages\/3263\/revisions\/3279"}],"wp:featuredmedia":[{"embeddable":true,"href":"https:\/\/ancamonica.com\/ro\/wp-json\/wp\/v2\/media\/2600"}],"wp:attachment":[{"href":"https:\/\/ancamonica.com\/ro\/wp-json\/wp\/v2\/media?parent=3263"}],"curies":[{"name":"wp","href":"https:\/\/api.w.org\/{rel}","templated":true}]}}