{"id":3373,"date":"2026-03-31T12:51:58","date_gmt":"2026-03-31T11:51:58","guid":{"rendered":"https:\/\/ancamonica.com\/confirmare-rezervare\/"},"modified":"2026-04-13T22:00:32","modified_gmt":"2026-04-13T21:00:32","slug":"multumim","status":"publish","type":"page","link":"https:\/\/ancamonica.com\/ro\/multumim\/","title":{"rendered":"Multumim"},"content":{"rendered":"<p>[et_pb_section fb_built=&#8221;1&#8243; specialty=&#8221;on&#8221; _builder_version=&#8221;4.27.6&#8243; _module_preset=&#8221;default&#8221; background_image=&#8221;https:\/\/ancamonica.com\/wp-content\/uploads\/2026\/03\/Thank-you-for-booking-with-Anca-Monica.-Your-appointment-is-confirmed-Check-your-email-for-details-and-next-steps.-We-look-forward-to-seeing-you-soon-2.png&#8221; global_colors_info=&#8221;{}&#8221;][et_pb_column type=&#8221;1_2&#8243; _builder_version=&#8221;4.16&#8243; custom_padding=&#8221;|||&#8221; global_colors_info=&#8221;{}&#8221; custom_padding__hover=&#8221;|||&#8221;][et_pb_text _builder_version=&#8221;4.27.6&#8243; _module_preset=&#8221;default&#8221; text_font=&#8221;|600|||||||&#8221; text_text_color=&#8221;#4B3241&#8243; text_font_size=&#8221;16px&#8221; text_line_height=&#8221;1.4em&#8221; header_font_size=&#8221;55px&#8221; custom_margin=&#8221;78px||68px|||&#8221; text_font_size_tablet=&#8221;18px&#8221; text_font_size_phone=&#8221;18px&#8221; text_font_size_last_edited=&#8221;on|tablet&#8221; header_font_size_tablet=&#8221;50px&#8221; header_font_size_phone=&#8221;40px&#8221; header_font_size_last_edited=&#8221;on|phone&#8221; global_colors_info=&#8221;{}&#8221;]<\/p>\n<h1>Mul\u021bumim!<\/h1>\n<p>&nbsp;<\/p>\n<p data-path-to-node=\"8,1\">Solicitarea ta a fost \u00eenregistrat\u0103 cu succes. M\u0103 bucur c\u0103 ai ales s\u0103 investe\u0219ti \u00een evolu\u021bia ta!<\/p>\n<p data-path-to-node=\"8,2\">Fie c\u0103 ne vedem la un eveniment sau \u00eencepem un plan de evolu\u021bie individual, vei primi un e-mail de confirmare cu to\u021bi pa\u0219ii urm\u0103tori \u00een termen de maximum <b data-path-to-node=\"8,2\" data-index-in-node=\"154\">24 de ore lucr\u0103toare<\/b>.<\/p>\n<p>[\/et_pb_text][et_pb_button button_url=&#8221;https:\/\/chat.whatsapp.com\/DjFiYIS3p564MIlEHOqmln?mode=gi_t&#8221; button_text=&#8221;Al\u0103tur\u0103-te comunit\u0103\u021bii de WhatsApp&#8221; button_alignment=&#8221;left&#8221; _builder_version=&#8221;4.27.6&#8243; custom_button=&#8221;on&#8221; button_text_size=&#8221;14px&#8221; button_text_color=&#8221;#A11619&#8243; button_border_width=&#8221;3px&#8221; button_border_color=&#8221;#CDA85B&#8221; button_border_radius=&#8221;0px&#8221; button_letter_spacing=&#8221;7px&#8221; button_font=&#8221;\u2013et_global_body_font|700||on|||||&#8221; button_icon=&#8221;&#x35;||divi||400&#8243; custom_margin=&#8221;14px|||||&#8221; custom_margin_tablet=&#8221;|||0px&#8221; custom_margin_phone=&#8221;|||0px&#8221; custom_margin_last_edited=&#8221;on|desktop&#8221; custom_padding=&#8221;18px||18px|&#8221; box_shadow_style=&#8221;preset3&#8243; button_text_color_hover=&#8221;#ffffff&#8221; button_bg_color_hover=&#8221;#c4beb9&#8243; global_colors_info=&#8221;{}&#8221; button_text_size__hover_enabled=&#8221;off&#8221; button_one_text_size__hover_enabled=&#8221;off&#8221; button_two_text_size__hover_enabled=&#8221;off&#8221; button_text_color__hover_enabled=&#8221;on|desktop&#8221; button_text_color__hover=&#8221;#ffffff&#8221; button_one_text_color__hover_enabled=&#8221;off&#8221; button_two_text_color__hover_enabled=&#8221;off&#8221; button_border_width__hover_enabled=&#8221;off&#8221; button_one_border_width__hover_enabled=&#8221;off&#8221; button_two_border_width__hover_enabled=&#8221;off&#8221; button_border_color__hover_enabled=&#8221;off&#8221; button_one_border_color__hover_enabled=&#8221;off&#8221; button_two_border_color__hover_enabled=&#8221;off&#8221; button_border_radius__hover_enabled=&#8221;off&#8221; button_one_border_radius__hover_enabled=&#8221;off&#8221; button_two_border_radius__hover_enabled=&#8221;off&#8221; button_letter_spacing__hover_enabled=&#8221;off&#8221; button_one_letter_spacing__hover_enabled=&#8221;off&#8221; button_two_letter_spacing__hover_enabled=&#8221;off&#8221; button_bg_color__hover_enabled=&#8221;on|desktop&#8221; button_bg_color__hover=&#8221;#CDA85B&#8221; button_one_bg_color__hover_enabled=&#8221;off&#8221; button_two_bg_color__hover_enabled=&#8221;off&#8221; button_bg_enable_color__hover=&#8221;on&#8221;]&nbsp;<br \/>\n[\/et_pb_button][\/et_pb_column][et_pb_column type=&#8221;1_2&#8243; specialty_columns=&#8221;2&#8243; _builder_version=&#8221;4.16&#8243; custom_padding=&#8221;|||&#8221; global_colors_info=&#8221;{}&#8221; custom_padding__hover=&#8221;|||&#8221;][\/et_pb_column][\/et_pb_section]<\/p>\n<span class=\"et_bloom_bottom_trigger\"><\/span>","protected":false},"excerpt":{"rendered":"<p>Mul\u021bumim! &nbsp; Solicitarea ta a fost \u00eenregistrat\u0103 cu succes. M\u0103 bucur c\u0103 ai ales s\u0103 investe\u0219ti \u00een evolu\u021bia ta! Fie c\u0103 ne vedem la un eveniment sau \u00eencepem un plan de evolu\u021bie individual, vei primi un e-mail de confirmare cu to\u021bi pa\u0219ii urm\u0103tori \u00een termen de maximum 24 de ore lucr\u0103toare.&nbsp;<\/p>\n","protected":false},"author":1,"featured_media":3377,"parent":0,"menu_order":0,"comment_status":"closed","ping_status":"closed","template":"","meta":{"_et_pb_use_builder":"on","_et_pb_old_content":"","_et_gb_content_width":"","footnotes":""},"class_list":["post-3373","page","type-page","status-publish","has-post-thumbnail","hentry"],"yoast_head":"<!-- This site is optimized with the Yoast SEO plugin v27.5 - https:\/\/yoast.com\/product\/yoast-seo-wordpress\/ -->\n<title>Mul\u021bumesc | Anca Monica \u2013 Solu\u021bii Integrate<\/title>\n<meta name=\"description\" content=\"\u00ce\u021bi mul\u021bumesc pentru \u00eencredere! Solicitarea ta a fost primit\u0103 cu succes. Verific\u0103 e-mailul pentru detaliile confirm\u0103rii \u0219i pa\u0219ii urm\u0103tori \u00een c\u0103l\u0103toria ta de evolu\u021bie.Te a\u0219tept\u0103m \u00een comunitatea Armonia pentru a explora \u00eempreun\u0103 Constela\u021biile Familiale, Calea Dorintei \u0219i Theta Healing.\" \/>\n<meta name=\"robots\" content=\"index, follow, max-snippet:-1, max-image-preview:large, max-video-preview:-1\" \/>\n<link rel=\"canonical\" href=\"https:\/\/ancamonica.com\/ro\/multumim\/\" \/>\n<meta property=\"og:locale\" content=\"ro_RO\" \/>\n<meta property=\"og:type\" content=\"article\" \/>\n<meta property=\"og:title\" content=\"Mul\u021bumesc | Anca Monica \u2013 Solu\u021bii Integrate\" \/>\n<meta property=\"og:description\" content=\"\u00ce\u021bi mul\u021bumesc pentru \u00eencredere! Solicitarea ta a fost primit\u0103 cu succes. Verific\u0103 e-mailul pentru detaliile confirm\u0103rii \u0219i pa\u0219ii urm\u0103tori \u00een c\u0103l\u0103toria ta de evolu\u021bie.Te a\u0219tept\u0103m \u00een comunitatea Armonia pentru a explora \u00eempreun\u0103 Constela\u021biile Familiale, Calea Dorintei \u0219i Theta Healing.\" \/>\n<meta property=\"og:url\" content=\"https:\/\/ancamonica.com\/ro\/multumim\/\" \/>\n<meta property=\"og:site_name\" content=\"Armonia\" \/>\n<meta property=\"article:publisher\" content=\"https:\/\/www.facebook.com\/groups\/armoniabyancamonica\" \/>\n<meta property=\"article:modified_time\" content=\"2026-04-13T21:00:32+00:00\" \/>\n<meta property=\"og:image\" content=\"https:\/\/ancamonica.com\/wp-content\/uploads\/2026\/03\/Screenshot-2026-03-31-at-13.52.49.png\" \/>\n\t<meta property=\"og:image:width\" content=\"509\" \/>\n\t<meta property=\"og:image:height\" content=\"506\" \/>\n\t<meta property=\"og:image:type\" content=\"image\/png\" \/>\n<meta name=\"twitter:card\" content=\"summary_large_image\" \/>\n<meta name=\"twitter:label1\" content=\"Timp estimat pentru citire\" \/>\n\t<meta name=\"twitter:data1\" content=\"1 minut\" \/>\n<script type=\"application\/ld+json\" class=\"yoast-schema-graph\">{\"@context\":\"https:\\\/\\\/schema.org\",\"@graph\":[{\"@type\":\"WebPage\",\"@id\":\"https:\\\/\\\/ancamonica.com\\\/ro\\\/multumim\\\/\",\"url\":\"https:\\\/\\\/ancamonica.com\\\/ro\\\/multumim\\\/\",\"name\":\"Mul\u021bumesc | Anca Monica \u2013 Solu\u021bii Integrate\",\"isPartOf\":{\"@id\":\"https:\\\/\\\/ancamonica.com\\\/ro\\\/#website\"},\"primaryImageOfPage\":{\"@id\":\"https:\\\/\\\/ancamonica.com\\\/ro\\\/multumim\\\/#primaryimage\"},\"image\":{\"@id\":\"https:\\\/\\\/ancamonica.com\\\/ro\\\/multumim\\\/#primaryimage\"},\"thumbnailUrl\":\"https:\\\/\\\/ancamonica.com\\\/wp-content\\\/uploads\\\/2026\\\/03\\\/Screenshot-2026-03-31-at-13.52.49.png\",\"datePublished\":\"2026-03-31T11:51:58+00:00\",\"dateModified\":\"2026-04-13T21:00:32+00:00\",\"description\":\"\u00ce\u021bi mul\u021bumesc pentru \u00eencredere! Solicitarea ta a fost primit\u0103 cu succes. Verific\u0103 e-mailul pentru detaliile confirm\u0103rii \u0219i pa\u0219ii urm\u0103tori \u00een c\u0103l\u0103toria ta de evolu\u021bie.Te a\u0219tept\u0103m \u00een comunitatea Armonia pentru a explora \u00eempreun\u0103 Constela\u021biile Familiale, Calea Dorintei \u0219i Theta Healing.\",\"breadcrumb\":{\"@id\":\"https:\\\/\\\/ancamonica.com\\\/ro\\\/multumim\\\/#breadcrumb\"},\"inLanguage\":\"ro-RO\",\"potentialAction\":[{\"@type\":\"ReadAction\",\"target\":[\"https:\\\/\\\/ancamonica.com\\\/ro\\\/multumim\\\/\"]}]},{\"@type\":\"ImageObject\",\"inLanguage\":\"ro-RO\",\"@id\":\"https:\\\/\\\/ancamonica.com\\\/ro\\\/multumim\\\/#primaryimage\",\"url\":\"https:\\\/\\\/ancamonica.com\\\/wp-content\\\/uploads\\\/2026\\\/03\\\/Screenshot-2026-03-31-at-13.52.49.png\",\"contentUrl\":\"https:\\\/\\\/ancamonica.com\\\/wp-content\\\/uploads\\\/2026\\\/03\\\/Screenshot-2026-03-31-at-13.52.49.png\",\"width\":509,\"height\":506},{\"@type\":\"BreadcrumbList\",\"@id\":\"https:\\\/\\\/ancamonica.com\\\/ro\\\/multumim\\\/#breadcrumb\",\"itemListElement\":[{\"@type\":\"ListItem\",\"position\":1,\"name\":\"Acas\u0103\",\"item\":\"https:\\\/\\\/ancamonica.com\\\/ro\\\/\"},{\"@type\":\"ListItem\",\"position\":2,\"name\":\"Multumim\"}]},{\"@type\":\"WebSite\",\"@id\":\"https:\\\/\\\/ancamonica.com\\\/ro\\\/#website\",\"url\":\"https:\\\/\\\/ancamonica.com\\\/ro\\\/\",\"name\":\"Armonia\",\"description\":\"Healing today, thriving tomorrow\",\"publisher\":{\"@id\":\"https:\\\/\\\/ancamonica.com\\\/ro\\\/#organization\"},\"potentialAction\":[{\"@type\":\"SearchAction\",\"target\":{\"@type\":\"EntryPoint\",\"urlTemplate\":\"https:\\\/\\\/ancamonica.com\\\/ro\\\/?s={search_term_string}\"},\"query-input\":{\"@type\":\"PropertyValueSpecification\",\"valueRequired\":true,\"valueName\":\"search_term_string\"}}],\"inLanguage\":\"ro-RO\"},{\"@type\":\"Organization\",\"@id\":\"https:\\\/\\\/ancamonica.com\\\/ro\\\/#organization\",\"name\":\"armonia\",\"url\":\"https:\\\/\\\/ancamonica.com\\\/ro\\\/\",\"logo\":{\"@type\":\"ImageObject\",\"inLanguage\":\"ro-RO\",\"@id\":\"https:\\\/\\\/ancamonica.com\\\/ro\\\/#\\\/schema\\\/logo\\\/image\\\/\",\"url\":\"https:\\\/\\\/ancamonica.com\\\/wp-content\\\/uploads\\\/2025\\\/10\\\/Armonia-Logo-red-by-Anca-Monica-1.png\",\"contentUrl\":\"https:\\\/\\\/ancamonica.com\\\/wp-content\\\/uploads\\\/2025\\\/10\\\/Armonia-Logo-red-by-Anca-Monica-1.png\",\"width\":280,\"height\":60,\"caption\":\"armonia\"},\"image\":{\"@id\":\"https:\\\/\\\/ancamonica.com\\\/ro\\\/#\\\/schema\\\/logo\\\/image\\\/\"},\"sameAs\":[\"https:\\\/\\\/www.facebook.com\\\/groups\\\/armoniabyancamonica\",\"https:\\\/\\\/www.instagram.com\\\/anca_monica_\\\/\"]}]}<\/script>\n<!-- \/ Yoast SEO plugin. -->","yoast_head_json":{"title":"Mul\u021bumesc | Anca Monica \u2013 Solu\u021bii Integrate","description":"\u00ce\u021bi mul\u021bumesc pentru \u00eencredere! Solicitarea ta a fost primit\u0103 cu succes. Verific\u0103 e-mailul pentru detaliile confirm\u0103rii \u0219i pa\u0219ii urm\u0103tori \u00een c\u0103l\u0103toria ta de evolu\u021bie.Te a\u0219tept\u0103m \u00een comunitatea Armonia pentru a explora \u00eempreun\u0103 Constela\u021biile Familiale, Calea Dorintei \u0219i Theta Healing.","robots":{"index":"index","follow":"follow","max-snippet":"max-snippet:-1","max-image-preview":"max-image-preview:large","max-video-preview":"max-video-preview:-1"},"canonical":"https:\/\/ancamonica.com\/ro\/multumim\/","og_locale":"ro_RO","og_type":"article","og_title":"Mul\u021bumesc | Anca Monica \u2013 Solu\u021bii Integrate","og_description":"\u00ce\u021bi mul\u021bumesc pentru \u00eencredere! Solicitarea ta a fost primit\u0103 cu succes. Verific\u0103 e-mailul pentru detaliile confirm\u0103rii \u0219i pa\u0219ii urm\u0103tori \u00een c\u0103l\u0103toria ta de evolu\u021bie.Te a\u0219tept\u0103m \u00een comunitatea Armonia pentru a explora \u00eempreun\u0103 Constela\u021biile Familiale, Calea Dorintei \u0219i Theta Healing.","og_url":"https:\/\/ancamonica.com\/ro\/multumim\/","og_site_name":"Armonia","article_publisher":"https:\/\/www.facebook.com\/groups\/armoniabyancamonica","article_modified_time":"2026-04-13T21:00:32+00:00","og_image":[{"width":509,"height":506,"url":"https:\/\/ancamonica.com\/wp-content\/uploads\/2026\/03\/Screenshot-2026-03-31-at-13.52.49.png","type":"image\/png"}],"twitter_card":"summary_large_image","twitter_misc":{"Timp estimat pentru citire":"1 minut"},"schema":{"@context":"https:\/\/schema.org","@graph":[{"@type":"WebPage","@id":"https:\/\/ancamonica.com\/ro\/multumim\/","url":"https:\/\/ancamonica.com\/ro\/multumim\/","name":"Mul\u021bumesc | Anca Monica \u2013 Solu\u021bii Integrate","isPartOf":{"@id":"https:\/\/ancamonica.com\/ro\/#website"},"primaryImageOfPage":{"@id":"https:\/\/ancamonica.com\/ro\/multumim\/#primaryimage"},"image":{"@id":"https:\/\/ancamonica.com\/ro\/multumim\/#primaryimage"},"thumbnailUrl":"https:\/\/ancamonica.com\/wp-content\/uploads\/2026\/03\/Screenshot-2026-03-31-at-13.52.49.png","datePublished":"2026-03-31T11:51:58+00:00","dateModified":"2026-04-13T21:00:32+00:00","description":"\u00ce\u021bi mul\u021bumesc pentru \u00eencredere! Solicitarea ta a fost primit\u0103 cu succes. Verific\u0103 e-mailul pentru detaliile confirm\u0103rii \u0219i pa\u0219ii urm\u0103tori \u00een c\u0103l\u0103toria ta de evolu\u021bie.Te a\u0219tept\u0103m \u00een comunitatea Armonia pentru a explora \u00eempreun\u0103 Constela\u021biile Familiale, Calea Dorintei \u0219i Theta Healing.","breadcrumb":{"@id":"https:\/\/ancamonica.com\/ro\/multumim\/#breadcrumb"},"inLanguage":"ro-RO","potentialAction":[{"@type":"ReadAction","target":["https:\/\/ancamonica.com\/ro\/multumim\/"]}]},{"@type":"ImageObject","inLanguage":"ro-RO","@id":"https:\/\/ancamonica.com\/ro\/multumim\/#primaryimage","url":"https:\/\/ancamonica.com\/wp-content\/uploads\/2026\/03\/Screenshot-2026-03-31-at-13.52.49.png","contentUrl":"https:\/\/ancamonica.com\/wp-content\/uploads\/2026\/03\/Screenshot-2026-03-31-at-13.52.49.png","width":509,"height":506},{"@type":"BreadcrumbList","@id":"https:\/\/ancamonica.com\/ro\/multumim\/#breadcrumb","itemListElement":[{"@type":"ListItem","position":1,"name":"Acas\u0103","item":"https:\/\/ancamonica.com\/ro\/"},{"@type":"ListItem","position":2,"name":"Multumim"}]},{"@type":"WebSite","@id":"https:\/\/ancamonica.com\/ro\/#website","url":"https:\/\/ancamonica.com\/ro\/","name":"Armonia","description":"Healing today, thriving tomorrow","publisher":{"@id":"https:\/\/ancamonica.com\/ro\/#organization"},"potentialAction":[{"@type":"SearchAction","target":{"@type":"EntryPoint","urlTemplate":"https:\/\/ancamonica.com\/ro\/?s={search_term_string}"},"query-input":{"@type":"PropertyValueSpecification","valueRequired":true,"valueName":"search_term_string"}}],"inLanguage":"ro-RO"},{"@type":"Organization","@id":"https:\/\/ancamonica.com\/ro\/#organization","name":"armonia","url":"https:\/\/ancamonica.com\/ro\/","logo":{"@type":"ImageObject","inLanguage":"ro-RO","@id":"https:\/\/ancamonica.com\/ro\/#\/schema\/logo\/image\/","url":"https:\/\/ancamonica.com\/wp-content\/uploads\/2025\/10\/Armonia-Logo-red-by-Anca-Monica-1.png","contentUrl":"https:\/\/ancamonica.com\/wp-content\/uploads\/2025\/10\/Armonia-Logo-red-by-Anca-Monica-1.png","width":280,"height":60,"caption":"armonia"},"image":{"@id":"https:\/\/ancamonica.com\/ro\/#\/schema\/logo\/image\/"},"sameAs":["https:\/\/www.facebook.com\/groups\/armoniabyancamonica","https:\/\/www.instagram.com\/anca_monica_\/"]}]}},"_links":{"self":[{"href":"https:\/\/ancamonica.com\/ro\/wp-json\/wp\/v2\/pages\/3373","targetHints":{"allow":["GET"]}}],"collection":[{"href":"https:\/\/ancamonica.com\/ro\/wp-json\/wp\/v2\/pages"}],"about":[{"href":"https:\/\/ancamonica.com\/ro\/wp-json\/wp\/v2\/types\/page"}],"author":[{"embeddable":true,"href":"https:\/\/ancamonica.com\/ro\/wp-json\/wp\/v2\/users\/1"}],"replies":[{"embeddable":true,"href":"https:\/\/ancamonica.com\/ro\/wp-json\/wp\/v2\/comments?post=3373"}],"version-history":[{"count":10,"href":"https:\/\/ancamonica.com\/ro\/wp-json\/wp\/v2\/pages\/3373\/revisions"}],"predecessor-version":[{"id":3719,"href":"https:\/\/ancamonica.com\/ro\/wp-json\/wp\/v2\/pages\/3373\/revisions\/3719"}],"wp:featuredmedia":[{"embeddable":true,"href":"https:\/\/ancamonica.com\/ro\/wp-json\/wp\/v2\/media\/3377"}],"wp:attachment":[{"href":"https:\/\/ancamonica.com\/ro\/wp-json\/wp\/v2\/media?parent=3373"}],"curies":[{"name":"wp","href":"https:\/\/api.w.org\/{rel}","templated":true}]}}