{"id":3626,"date":"2026-04-12T20:26:42","date_gmt":"2026-04-12T19:26:42","guid":{"rendered":"https:\/\/ancamonica.com\/?page_id=3626"},"modified":"2026-04-13T21:46:46","modified_gmt":"2026-04-13T20:46:46","slug":"rezerva","status":"publish","type":"page","link":"https:\/\/ancamonica.com\/ro\/pachete\/rezerva\/","title":{"rendered":"Pachete rezervare"},"content":{"rendered":"<p>[et_pb_section fb_built=&#8221;1&#8243; _builder_version=&#8221;4.27.6&#8243; _module_preset=&#8221;default&#8221; use_background_color_gradient=&#8221;on&#8221; background_color_gradient_direction=&#8221;249deg&#8221; background_color_gradient_stops=&#8221;rgba(238,227,227,0.76) 0%|rgba(255,255,255,0.6) 99%&#8221; background_color_gradient_overlays_image=&#8221;on&#8221; background_image=&#8221;https:\/\/ancamonica.com\/wp-content\/uploads\/2025\/09\/armonia-by-Anca-Monica-Family-Constellations-with-objects-Genograms-Bruxelles-Brussels12.png&#8221; global_colors_info=&#8221;{}&#8221;][et_pb_row _builder_version=&#8221;4.27.4&#8243; _module_preset=&#8221;default&#8221; global_colors_info=&#8221;{}&#8221;][et_pb_column type=&#8221;4_4&#8243; _builder_version=&#8221;4.27.4&#8243; _module_preset=&#8221;default&#8221; global_colors_info=&#8221;{}&#8221;][et_pb_contact_form use_spam_service=&#8221;on&#8221; recaptcha_list=&#8221;armoniahello@gmailcom|armoniahello@gmailcom-0&#8243; email=&#8221;armoniahello@gmail.com&#8221; title=&#8221;\u00cencepe c\u0103l\u0103toria spre o via\u021b\u0103 radiant\u0103!&#8221; custom_message=&#8221;Subiect: Notificare: Solicitare nou\u0103 Pachet Evolu\u021bie \/ Eveniment \u2013 %%Name%% %%Last_Name%%||et_pb_line_break_holder||||et_pb_line_break_holder||Mesaj:||et_pb_line_break_holder||||et_pb_line_break_holder||Bun\u0103, Anca!||et_pb_line_break_holder||||et_pb_line_break_holder||Ai primit o nou\u0103 solicitare prin intermediul site-ului t\u0103u web. Iat\u0103 detaliile clientului:||et_pb_line_break_holder||||et_pb_line_break_holder||Date de contact:||et_pb_line_break_holder||||et_pb_line_break_holder||Nume: %%Name%%||et_pb_line_break_holder||||et_pb_line_break_holder||Prenume: %%Last_Name%%||et_pb_line_break_holder||||et_pb_line_break_holder||Email: %%Email%%||et_pb_line_break_holder||||et_pb_line_break_holder||Num\u0103r de telefon\/WhatsApp: %%Phone_Number%%||et_pb_line_break_holder||||et_pb_line_break_holder||Detalii solicitare:||et_pb_line_break_holder||||et_pb_line_break_holder||Pachet\/Eveniment ales: %%package%%||et_pb_line_break_holder||||et_pb_line_break_holder||Motiva\u021bie (De ce acum?): %%motivatie%%||et_pb_line_break_holder||||et_pb_line_break_holder||Ac\u021biune necesar\u0103:||et_pb_line_break_holder||Te rog s\u0103 contactezi clientul \u00een termenul stabilit (24-48h) pentru a confirma disponibilitatea \u0219i a finaliza detaliile logistice.&#8221; use_redirect=&#8221;on&#8221; redirect_url=&#8221;https:\/\/ancamonica.com\/ro\/confirmare-rezervare\/&#8221; success_message=&#8221;Mul\u021bumesc pentru \u00eencredere! Mesajul t\u0103u a ajuns la mine cu succes. Verific\u0103-\u021bi e-mailul (\u0219i folderul Spam, pentru siguran\u021b\u0103) \u2013 te voi contacta \u00een urm\u0103toarele 48 de ore pentru a porni \u00eempreun\u0103 pe acest parcurs de evolu\u021bie.&#8221; submit_button_text=&#8221;SOLICIT\u0102 REZERVAREA PACHETULUI&#8221; _builder_version=&#8221;4.27.6&#8243; _module_preset=&#8221;default&#8221; _unique_id=&#8221;93446b75-4239-4aa6-9c8f-93a2dad072ac&#8221; form_field_background_color=&#8221;#FFFFFF&#8221; form_field_text_color=&#8221;#4B3241&#8243; title_font=&#8221;\u2013et_global_heading_font|500|||||||&#8221; title_font_size=&#8221;30px&#8221; title_line_height=&#8221;1.7em&#8221; captcha_font=&#8221;\u2013et_global_body_font||||||||&#8221; captcha_text_color=&#8221;#4B3241&#8243; captcha_font_size=&#8221;16px&#8221; form_field_font=&#8221;\u2013et_global_body_font||||||||&#8221; form_field_font_size=&#8221;16px&#8221; custom_button=&#8221;on&#8221; button_text_color=&#8221;#FFFFFF&#8221; button_bg_color=&#8221;#CDA85B&#8221; button_border_width=&#8221;0px&#8221; button_border_color=&#8221;#CDA85B&#8221; button_border_radius=&#8221;0px&#8221; button_letter_spacing=&#8221;0px&#8221; button_font=&#8221;\u2013et_global_body_font|600||on|||||&#8221; button_custom_padding=&#8221;15px|20px|15px|20px|false|false&#8221; text_orientation=&#8221;left&#8221; hover_enabled=&#8221;0&#8243; button_bg_color_tablet=&#8221;#CDA85B&#8221; button_bg_color_phone=&#8221;#CDA85B&#8221; button_bg_color_last_edited=&#8221;on|desktop&#8221; global_colors_info=&#8221;{}&#8221; button_bg_color__hover_enabled=&#8221;on|hover&#8221; button_bg_color__hover=&#8221;#CDA85B&#8221; button_bg_enable_color__hover=&#8221;on&#8221; sticky_enabled=&#8221;0&#8243;][et_pb_contact_field field_id=&#8221;Name&#8221; field_title=&#8221;Nume&#8221; _builder_version=&#8221;4.27.4&#8243; global_colors_info=&#8221;{}&#8221; button_text_size__hover_enabled=&#8221;off&#8221; button_one_text_size__hover_enabled=&#8221;off&#8221; button_two_text_size__hover_enabled=&#8221;off&#8221; button_text_color__hover_enabled=&#8221;off&#8221; button_one_text_color__hover_enabled=&#8221;off&#8221; button_two_text_color__hover_enabled=&#8221;off&#8221; button_border_width__hover_enabled=&#8221;off&#8221; button_one_border_width__hover_enabled=&#8221;off&#8221; button_two_border_width__hover_enabled=&#8221;off&#8221; button_border_color__hover_enabled=&#8221;off&#8221; button_one_border_color__hover_enabled=&#8221;off&#8221; button_two_border_color__hover_enabled=&#8221;off&#8221; button_border_radius__hover_enabled=&#8221;off&#8221; button_one_border_radius__hover_enabled=&#8221;off&#8221; button_two_border_radius__hover_enabled=&#8221;off&#8221; button_letter_spacing__hover_enabled=&#8221;off&#8221; button_one_letter_spacing__hover_enabled=&#8221;off&#8221; button_two_letter_spacing__hover_enabled=&#8221;off&#8221; button_bg_color__hover_enabled=&#8221;off&#8221; button_one_bg_color__hover_enabled=&#8221;off&#8221; button_two_bg_color__hover_enabled=&#8221;off&#8221;][\/et_pb_contact_field][et_pb_contact_field field_id=&#8221;Last_Name&#8221; field_title=&#8221;Prenume&#8221; _builder_version=&#8221;4.27.4&#8243; global_colors_info=&#8221;{}&#8221; button_text_size__hover_enabled=&#8221;off&#8221; button_one_text_size__hover_enabled=&#8221;off&#8221; button_two_text_size__hover_enabled=&#8221;off&#8221; button_text_color__hover_enabled=&#8221;off&#8221; button_one_text_color__hover_enabled=&#8221;off&#8221; button_two_text_color__hover_enabled=&#8221;off&#8221; button_border_width__hover_enabled=&#8221;off&#8221; button_one_border_width__hover_enabled=&#8221;off&#8221; button_two_border_width__hover_enabled=&#8221;off&#8221; button_border_color__hover_enabled=&#8221;off&#8221; button_one_border_color__hover_enabled=&#8221;off&#8221; button_two_border_color__hover_enabled=&#8221;off&#8221; button_border_radius__hover_enabled=&#8221;off&#8221; button_one_border_radius__hover_enabled=&#8221;off&#8221; button_two_border_radius__hover_enabled=&#8221;off&#8221; button_letter_spacing__hover_enabled=&#8221;off&#8221; button_one_letter_spacing__hover_enabled=&#8221;off&#8221; button_two_letter_spacing__hover_enabled=&#8221;off&#8221; button_bg_color__hover_enabled=&#8221;off&#8221; button_one_bg_color__hover_enabled=&#8221;off&#8221; button_two_bg_color__hover_enabled=&#8221;off&#8221;][\/et_pb_contact_field][et_pb_contact_field field_id=&#8221;Email&#8221; field_title=&#8221;Adres\u0103 de e-mail&#8221; field_type=&#8221;email&#8221; _builder_version=&#8221;4.27.4&#8243; global_colors_info=&#8221;{}&#8221; button_text_size__hover_enabled=&#8221;off&#8221; button_one_text_size__hover_enabled=&#8221;off&#8221; button_two_text_size__hover_enabled=&#8221;off&#8221; button_text_color__hover_enabled=&#8221;off&#8221; button_one_text_color__hover_enabled=&#8221;off&#8221; button_two_text_color__hover_enabled=&#8221;off&#8221; button_border_width__hover_enabled=&#8221;off&#8221; button_one_border_width__hover_enabled=&#8221;off&#8221; button_two_border_width__hover_enabled=&#8221;off&#8221; button_border_color__hover_enabled=&#8221;off&#8221; button_one_border_color__hover_enabled=&#8221;off&#8221; button_two_border_color__hover_enabled=&#8221;off&#8221; button_border_radius__hover_enabled=&#8221;off&#8221; button_one_border_radius__hover_enabled=&#8221;off&#8221; button_two_border_radius__hover_enabled=&#8221;off&#8221; button_letter_spacing__hover_enabled=&#8221;off&#8221; button_one_letter_spacing__hover_enabled=&#8221;off&#8221; button_two_letter_spacing__hover_enabled=&#8221;off&#8221; button_bg_color__hover_enabled=&#8221;off&#8221; button_one_bg_color__hover_enabled=&#8221;off&#8221; button_two_bg_color__hover_enabled=&#8221;off&#8221;][\/et_pb_contact_field][et_pb_contact_field field_id=&#8221;Phone_Number&#8221; field_title=&#8221;Num\u0103r de telefon&#8221; allowed_symbols=&#8221;numbers&#8221; _builder_version=&#8221;4.27.4&#8243; global_colors_info=&#8221;{}&#8221; button_text_size__hover_enabled=&#8221;off&#8221; button_one_text_size__hover_enabled=&#8221;off&#8221; button_two_text_size__hover_enabled=&#8221;off&#8221; button_text_color__hover_enabled=&#8221;off&#8221; button_one_text_color__hover_enabled=&#8221;off&#8221; button_two_text_color__hover_enabled=&#8221;off&#8221; button_border_width__hover_enabled=&#8221;off&#8221; button_one_border_width__hover_enabled=&#8221;off&#8221; button_two_border_width__hover_enabled=&#8221;off&#8221; button_border_color__hover_enabled=&#8221;off&#8221; button_one_border_color__hover_enabled=&#8221;off&#8221; button_two_border_color__hover_enabled=&#8221;off&#8221; button_border_radius__hover_enabled=&#8221;off&#8221; button_one_border_radius__hover_enabled=&#8221;off&#8221; button_two_border_radius__hover_enabled=&#8221;off&#8221; button_letter_spacing__hover_enabled=&#8221;off&#8221; button_one_letter_spacing__hover_enabled=&#8221;off&#8221; button_two_letter_spacing__hover_enabled=&#8221;off&#8221; button_bg_color__hover_enabled=&#8221;off&#8221; button_one_bg_color__hover_enabled=&#8221;off&#8221; button_two_bg_color__hover_enabled=&#8221;off&#8221;][\/et_pb_contact_field][et_pb_contact_field field_id=&#8221;Motivatie&#8221; field_title=&#8221;Scrie aici ce anume te-a f\u0103cut s\u0103 cau\u021bi o schimbare acum&#8230;&#8221; field_type=&#8221;text&#8221; fullwidth_field=&#8221;on&#8221; _builder_version=&#8221;4.27.6&#8243; _module_preset=&#8221;default&#8221; hover_enabled=&#8221;0&#8243; global_colors_info=&#8221;{}&#8221; sticky_enabled=&#8221;0&#8243;][\/et_pb_contact_field][et_pb_contact_field field_id=&#8221;pachet&#8221; field_title=&#8221;Ce pachet de evolu\u021bie alegi?&#8221; field_type=&#8221;checkbox&#8221; checkbox_options=&#8221;%91{%22value%22:%22Pachetul CLARITATE (350 \u20ac)%22,%22checked%22:0,%22dragID%22:0},{%22value%22:%22Pachetul ARMONIE (590 \u20ac)%22,%22checked%22:0,%22dragID%22:4},{%22value%22:%22Pachetul RADIANT (1190 \u20ac)%22,%22checked%22:0,%22dragID%22:5}%93&#8243; fullwidth_field=&#8221;on&#8221; _builder_version=&#8221;4.27.6&#8243; _module_preset=&#8221;default&#8221; global_colors_info=&#8221;{}&#8221;][\/et_pb_contact_field][\/et_pb_contact_form][\/et_pb_column][\/et_pb_row][\/et_pb_section]<\/p>\n<span class=\"et_bloom_bottom_trigger\"><\/span>","protected":false},"excerpt":{"rendered":"","protected":false},"author":1,"featured_media":3607,"parent":3577,"menu_order":0,"comment_status":"closed","ping_status":"closed","template":"","meta":{"_et_pb_use_builder":"on","_et_pb_old_content":"","_et_gb_content_width":"","footnotes":""},"class_list":["post-3626","page","type-page","status-publish","has-post-thumbnail","hentry"],"yoast_head":"<!-- This site is optimized with the Yoast SEO plugin v27.3 - https:\/\/yoast.com\/product\/yoast-seo-wordpress\/ -->\n<title>Rezervare pachet de evolu\u021bie | Anca Monica - Solu\u021bii integrate<\/title>\n<meta name=\"description\" content=\"F\u0103 primul pas c\u0103tre claritate \u0219i prosperitate. Completeaz\u0103 formularul pentru a rezerva pachetul t\u0103u de evolu\u021bie (Claritate, Armonie sau Radiant) cu Anca Monica.\" \/>\n<meta name=\"robots\" content=\"index, follow, max-snippet:-1, max-image-preview:large, max-video-preview:-1\" \/>\n<link rel=\"canonical\" href=\"https:\/\/ancamonica.com\/ro\/pachete\/rezerva\/\" \/>\n<meta property=\"og:locale\" content=\"ro_RO\" \/>\n<meta property=\"og:type\" content=\"article\" \/>\n<meta property=\"og:title\" content=\"Rezervare pachet de evolu\u021bie | Anca Monica - Solu\u021bii integrate\" \/>\n<meta property=\"og:description\" content=\"F\u0103 primul pas c\u0103tre claritate \u0219i prosperitate. Completeaz\u0103 formularul pentru a rezerva pachetul t\u0103u de evolu\u021bie (Claritate, Armonie sau Radiant) cu Anca Monica.\" \/>\n<meta property=\"og:url\" content=\"https:\/\/ancamonica.com\/ro\/pachete\/rezerva\/\" \/>\n<meta property=\"og:site_name\" content=\"Armonia\" \/>\n<meta property=\"article:publisher\" content=\"https:\/\/www.facebook.com\/groups\/armoniabyancamonica\" \/>\n<meta property=\"article:modified_time\" content=\"2026-04-13T20:46:46+00:00\" \/>\n<meta property=\"og:image\" content=\"https:\/\/ancamonica.com\/wp-content\/uploads\/2026\/04\/Solutii-Integrate-Descopera-ti-adevaratele-dorinte-Calea-dorintei-cu-anca-monica-1.png\" \/>\n\t<meta property=\"og:image:width\" content=\"1080\" \/>\n\t<meta property=\"og:image:height\" content=\"1080\" \/>\n\t<meta property=\"og:image:type\" content=\"image\/png\" \/>\n<meta name=\"twitter:card\" content=\"summary_large_image\" \/>\n<meta name=\"twitter:label1\" content=\"Timp estimat pentru citire\" \/>\n\t<meta name=\"twitter:data1\" content=\"2 minute\" \/>\n<script type=\"application\/ld+json\" class=\"yoast-schema-graph\">{\"@context\":\"https:\\\/\\\/schema.org\",\"@graph\":[{\"@type\":\"WebPage\",\"@id\":\"https:\\\/\\\/ancamonica.com\\\/ro\\\/pachete\\\/rezerva\\\/\",\"url\":\"https:\\\/\\\/ancamonica.com\\\/ro\\\/pachete\\\/rezerva\\\/\",\"name\":\"Rezervare pachet de evolu\u021bie | Anca Monica - Solu\u021bii integrate\",\"isPartOf\":{\"@id\":\"https:\\\/\\\/ancamonica.com\\\/ro\\\/#website\"},\"primaryImageOfPage\":{\"@id\":\"https:\\\/\\\/ancamonica.com\\\/ro\\\/pachete\\\/rezerva\\\/#primaryimage\"},\"image\":{\"@id\":\"https:\\\/\\\/ancamonica.com\\\/ro\\\/pachete\\\/rezerva\\\/#primaryimage\"},\"thumbnailUrl\":\"https:\\\/\\\/ancamonica.com\\\/wp-content\\\/uploads\\\/2026\\\/04\\\/Solutii-Integrate-Descopera-ti-adevaratele-dorinte-Calea-dorintei-cu-anca-monica-1.png\",\"datePublished\":\"2026-04-12T19:26:42+00:00\",\"dateModified\":\"2026-04-13T20:46:46+00:00\",\"description\":\"F\u0103 primul pas c\u0103tre claritate \u0219i prosperitate. Completeaz\u0103 formularul pentru a rezerva pachetul t\u0103u de evolu\u021bie (Claritate, Armonie sau Radiant) cu Anca Monica.\",\"breadcrumb\":{\"@id\":\"https:\\\/\\\/ancamonica.com\\\/ro\\\/pachete\\\/rezerva\\\/#breadcrumb\"},\"inLanguage\":\"ro-RO\",\"potentialAction\":[{\"@type\":\"ReadAction\",\"target\":[\"https:\\\/\\\/ancamonica.com\\\/ro\\\/pachete\\\/rezerva\\\/\"]}]},{\"@type\":\"ImageObject\",\"inLanguage\":\"ro-RO\",\"@id\":\"https:\\\/\\\/ancamonica.com\\\/ro\\\/pachete\\\/rezerva\\\/#primaryimage\",\"url\":\"https:\\\/\\\/ancamonica.com\\\/wp-content\\\/uploads\\\/2026\\\/04\\\/Solutii-Integrate-Descopera-ti-adevaratele-dorinte-Calea-dorintei-cu-anca-monica-1.png\",\"contentUrl\":\"https:\\\/\\\/ancamonica.com\\\/wp-content\\\/uploads\\\/2026\\\/04\\\/Solutii-Integrate-Descopera-ti-adevaratele-dorinte-Calea-dorintei-cu-anca-monica-1.png\",\"width\":1080,\"height\":1080},{\"@type\":\"BreadcrumbList\",\"@id\":\"https:\\\/\\\/ancamonica.com\\\/ro\\\/pachete\\\/rezerva\\\/#breadcrumb\",\"itemListElement\":[{\"@type\":\"ListItem\",\"position\":1,\"name\":\"Acas\u0103\",\"item\":\"https:\\\/\\\/ancamonica.com\\\/ro\\\/\"},{\"@type\":\"ListItem\",\"position\":2,\"name\":\"Pachete\",\"item\":\"https:\\\/\\\/ancamonica.com\\\/ro\\\/pachete\\\/\"},{\"@type\":\"ListItem\",\"position\":3,\"name\":\"Pachete rezervare\"}]},{\"@type\":\"WebSite\",\"@id\":\"https:\\\/\\\/ancamonica.com\\\/ro\\\/#website\",\"url\":\"https:\\\/\\\/ancamonica.com\\\/ro\\\/\",\"name\":\"Armonia\",\"description\":\"Healing today, thriving tomorrow\",\"publisher\":{\"@id\":\"https:\\\/\\\/ancamonica.com\\\/ro\\\/#organization\"},\"potentialAction\":[{\"@type\":\"SearchAction\",\"target\":{\"@type\":\"EntryPoint\",\"urlTemplate\":\"https:\\\/\\\/ancamonica.com\\\/ro\\\/?s={search_term_string}\"},\"query-input\":{\"@type\":\"PropertyValueSpecification\",\"valueRequired\":true,\"valueName\":\"search_term_string\"}}],\"inLanguage\":\"ro-RO\"},{\"@type\":\"Organization\",\"@id\":\"https:\\\/\\\/ancamonica.com\\\/ro\\\/#organization\",\"name\":\"armonia\",\"url\":\"https:\\\/\\\/ancamonica.com\\\/ro\\\/\",\"logo\":{\"@type\":\"ImageObject\",\"inLanguage\":\"ro-RO\",\"@id\":\"https:\\\/\\\/ancamonica.com\\\/ro\\\/#\\\/schema\\\/logo\\\/image\\\/\",\"url\":\"https:\\\/\\\/ancamonica.com\\\/wp-content\\\/uploads\\\/2025\\\/10\\\/Armonia-Logo-red-by-Anca-Monica-1.png\",\"contentUrl\":\"https:\\\/\\\/ancamonica.com\\\/wp-content\\\/uploads\\\/2025\\\/10\\\/Armonia-Logo-red-by-Anca-Monica-1.png\",\"width\":280,\"height\":60,\"caption\":\"armonia\"},\"image\":{\"@id\":\"https:\\\/\\\/ancamonica.com\\\/ro\\\/#\\\/schema\\\/logo\\\/image\\\/\"},\"sameAs\":[\"https:\\\/\\\/www.facebook.com\\\/groups\\\/armoniabyancamonica\",\"https:\\\/\\\/www.instagram.com\\\/anca_monica_\\\/\"]}]}<\/script>\n<!-- \/ Yoast SEO plugin. -->","yoast_head_json":{"title":"Rezervare pachet de evolu\u021bie | Anca Monica - Solu\u021bii integrate","description":"F\u0103 primul pas c\u0103tre claritate \u0219i prosperitate. Completeaz\u0103 formularul pentru a rezerva pachetul t\u0103u de evolu\u021bie (Claritate, Armonie sau Radiant) cu Anca Monica.","robots":{"index":"index","follow":"follow","max-snippet":"max-snippet:-1","max-image-preview":"max-image-preview:large","max-video-preview":"max-video-preview:-1"},"canonical":"https:\/\/ancamonica.com\/ro\/pachete\/rezerva\/","og_locale":"ro_RO","og_type":"article","og_title":"Rezervare pachet de evolu\u021bie | Anca Monica - Solu\u021bii integrate","og_description":"F\u0103 primul pas c\u0103tre claritate \u0219i prosperitate. Completeaz\u0103 formularul pentru a rezerva pachetul t\u0103u de evolu\u021bie (Claritate, Armonie sau Radiant) cu Anca Monica.","og_url":"https:\/\/ancamonica.com\/ro\/pachete\/rezerva\/","og_site_name":"Armonia","article_publisher":"https:\/\/www.facebook.com\/groups\/armoniabyancamonica","article_modified_time":"2026-04-13T20:46:46+00:00","og_image":[{"width":1080,"height":1080,"url":"https:\/\/ancamonica.com\/wp-content\/uploads\/2026\/04\/Solutii-Integrate-Descopera-ti-adevaratele-dorinte-Calea-dorintei-cu-anca-monica-1.png","type":"image\/png"}],"twitter_card":"summary_large_image","twitter_misc":{"Timp estimat pentru citire":"2 minute"},"schema":{"@context":"https:\/\/schema.org","@graph":[{"@type":"WebPage","@id":"https:\/\/ancamonica.com\/ro\/pachete\/rezerva\/","url":"https:\/\/ancamonica.com\/ro\/pachete\/rezerva\/","name":"Rezervare pachet de evolu\u021bie | Anca Monica - Solu\u021bii integrate","isPartOf":{"@id":"https:\/\/ancamonica.com\/ro\/#website"},"primaryImageOfPage":{"@id":"https:\/\/ancamonica.com\/ro\/pachete\/rezerva\/#primaryimage"},"image":{"@id":"https:\/\/ancamonica.com\/ro\/pachete\/rezerva\/#primaryimage"},"thumbnailUrl":"https:\/\/ancamonica.com\/wp-content\/uploads\/2026\/04\/Solutii-Integrate-Descopera-ti-adevaratele-dorinte-Calea-dorintei-cu-anca-monica-1.png","datePublished":"2026-04-12T19:26:42+00:00","dateModified":"2026-04-13T20:46:46+00:00","description":"F\u0103 primul pas c\u0103tre claritate \u0219i prosperitate. Completeaz\u0103 formularul pentru a rezerva pachetul t\u0103u de evolu\u021bie (Claritate, Armonie sau Radiant) cu Anca Monica.","breadcrumb":{"@id":"https:\/\/ancamonica.com\/ro\/pachete\/rezerva\/#breadcrumb"},"inLanguage":"ro-RO","potentialAction":[{"@type":"ReadAction","target":["https:\/\/ancamonica.com\/ro\/pachete\/rezerva\/"]}]},{"@type":"ImageObject","inLanguage":"ro-RO","@id":"https:\/\/ancamonica.com\/ro\/pachete\/rezerva\/#primaryimage","url":"https:\/\/ancamonica.com\/wp-content\/uploads\/2026\/04\/Solutii-Integrate-Descopera-ti-adevaratele-dorinte-Calea-dorintei-cu-anca-monica-1.png","contentUrl":"https:\/\/ancamonica.com\/wp-content\/uploads\/2026\/04\/Solutii-Integrate-Descopera-ti-adevaratele-dorinte-Calea-dorintei-cu-anca-monica-1.png","width":1080,"height":1080},{"@type":"BreadcrumbList","@id":"https:\/\/ancamonica.com\/ro\/pachete\/rezerva\/#breadcrumb","itemListElement":[{"@type":"ListItem","position":1,"name":"Acas\u0103","item":"https:\/\/ancamonica.com\/ro\/"},{"@type":"ListItem","position":2,"name":"Pachete","item":"https:\/\/ancamonica.com\/ro\/pachete\/"},{"@type":"ListItem","position":3,"name":"Pachete rezervare"}]},{"@type":"WebSite","@id":"https:\/\/ancamonica.com\/ro\/#website","url":"https:\/\/ancamonica.com\/ro\/","name":"Armonia","description":"Healing today, thriving tomorrow","publisher":{"@id":"https:\/\/ancamonica.com\/ro\/#organization"},"potentialAction":[{"@type":"SearchAction","target":{"@type":"EntryPoint","urlTemplate":"https:\/\/ancamonica.com\/ro\/?s={search_term_string}"},"query-input":{"@type":"PropertyValueSpecification","valueRequired":true,"valueName":"search_term_string"}}],"inLanguage":"ro-RO"},{"@type":"Organization","@id":"https:\/\/ancamonica.com\/ro\/#organization","name":"armonia","url":"https:\/\/ancamonica.com\/ro\/","logo":{"@type":"ImageObject","inLanguage":"ro-RO","@id":"https:\/\/ancamonica.com\/ro\/#\/schema\/logo\/image\/","url":"https:\/\/ancamonica.com\/wp-content\/uploads\/2025\/10\/Armonia-Logo-red-by-Anca-Monica-1.png","contentUrl":"https:\/\/ancamonica.com\/wp-content\/uploads\/2025\/10\/Armonia-Logo-red-by-Anca-Monica-1.png","width":280,"height":60,"caption":"armonia"},"image":{"@id":"https:\/\/ancamonica.com\/ro\/#\/schema\/logo\/image\/"},"sameAs":["https:\/\/www.facebook.com\/groups\/armoniabyancamonica","https:\/\/www.instagram.com\/anca_monica_\/"]}]}},"_links":{"self":[{"href":"https:\/\/ancamonica.com\/ro\/wp-json\/wp\/v2\/pages\/3626","targetHints":{"allow":["GET"]}}],"collection":[{"href":"https:\/\/ancamonica.com\/ro\/wp-json\/wp\/v2\/pages"}],"about":[{"href":"https:\/\/ancamonica.com\/ro\/wp-json\/wp\/v2\/types\/page"}],"author":[{"embeddable":true,"href":"https:\/\/ancamonica.com\/ro\/wp-json\/wp\/v2\/users\/1"}],"replies":[{"embeddable":true,"href":"https:\/\/ancamonica.com\/ro\/wp-json\/wp\/v2\/comments?post=3626"}],"version-history":[{"count":10,"href":"https:\/\/ancamonica.com\/ro\/wp-json\/wp\/v2\/pages\/3626\/revisions"}],"predecessor-version":[{"id":3706,"href":"https:\/\/ancamonica.com\/ro\/wp-json\/wp\/v2\/pages\/3626\/revisions\/3706"}],"up":[{"embeddable":true,"href":"https:\/\/ancamonica.com\/ro\/wp-json\/wp\/v2\/pages\/3577"}],"wp:featuredmedia":[{"embeddable":true,"href":"https:\/\/ancamonica.com\/ro\/wp-json\/wp\/v2\/media\/3607"}],"wp:attachment":[{"href":"https:\/\/ancamonica.com\/ro\/wp-json\/wp\/v2\/media?parent=3626"}],"curies":[{"name":"wp","href":"https:\/\/api.w.org\/{rel}","templated":true}]}}